{"id":40551,"date":"2021-04-24T07:08:46","date_gmt":"2021-04-24T14:08:46","guid":{"rendered":"https:\/\/www.cloudbeds.com\/?page_id=40551"},"modified":"2026-02-18T10:53:57","modified_gmt":"2026-02-18T18:53:57","slug":"compass","status":"publish","type":"page","link":"https:\/\/www.cloudbeds.com\/es\/compass\/","title":{"rendered":"Cloudbeds Compass"},"content":{"rendered":"\n<figure class=\"wp-block-image size-full\"><img loading=\"lazy\" decoding=\"async\" width=\"1200\" height=\"630\" src=\"https:\/\/www.cloudbeds.com\/wp-content\/uploads\/2025\/11\/og-compass.webp\" alt=\"\" class=\"wp-image-54680\" srcset=\"https:\/\/www.cloudbeds.com\/wp-content\/uploads\/2025\/11\/og-compass.webp 1200w, https:\/\/www.cloudbeds.com\/wp-content\/uploads\/2025\/11\/og-compass-768x403.webp 768w\" sizes=\"auto, (max-width: 1200px) 100vw, 1200px\" \/><\/figure>\n\n\n\n<div class=\"wp-block-group has-stix-two-text-font-family is-vertical is-layout-flex wp-container-core-group-is-layout-f1bc6721 wp-block-group-is-layout-flex\" style=\"margin-top:var(--wp--preset--spacing--60);margin-bottom:var(--wp--preset--spacing--60)\">\n<h2 class=\"wp-block-heading has-3-x-large-font-size\" id=\"h-bienvenidos-a-cloudbeds-compass\">Bienvenidos a Cloudbeds Compass<\/h2>\n\n\n\n<p>\u00a1El lugar exclusivo para descubrir las m\u00e1s recientes novedades del ecosistema de Cloudbeds!<\/p>\n\n\n\n<p>Te estar\u00e1s preguntando por qu\u00e9 deber\u00edan importarte las novedades de producto. Porque impactan directamente tu capacidad de agilizar operaciones, mejorar la experiencia de tus hu\u00e9spedes y aumentar tus ingresos.Pero lo sabemos: la idea de sentarte a leer un mont\u00f3n de anuncios no suena muy divertido para nadie. Por eso nos comprometemos a mostrarte los aspectos m\u00e1s destacados en porciones peque\u00f1itas, para que puedas ver qu\u00e9 hay nuevo y empezar a poner en uso todas esas mejoras y novedades.<\/p>\n\n\n\n<p>\u00bfQu\u00e9 puedes esperar de Cloudbeds Compass?<\/p>\n\n\n\n<p><strong>Resumen de webinarios:<\/strong>&nbsp;Obt\u00e9n informaci\u00f3n important\u00edsima directamente de los expertos en nuestros webinarios. Descubre de primera mano nuevas funciones, mejores pr\u00e1cticas y tendencias de la industria que dan forma al futuro de la gesti\u00f3n hotelera.<\/p>\n\n\n\n<p><strong>Comentarios de expertos:&nbsp;<\/strong>Obt\u00e9n perspectivas \u00fanicas sobre c\u00f3mo esos cambios pueden hacer crecer tu compa\u00f1\u00eda y darle un plus a tu desempe\u00f1o.<\/p>\n\n\n\n<p><strong>Entrevistas a clientes:&nbsp;<\/strong>Escucha historias de \u00e9xito y experiencias reales de otros clientes. Descubre como est\u00e1n aprovechando nuestras m\u00e1s recientes innovaciones para superar desaf\u00edos, aumentar su eficacia y superar las expectativas de sus hu\u00e9spedes.<\/p>\n\n\n\n<p>En Cloudbeds, nos dedicamos a que tengas \u00e9xito. Por eso nos comprometemos a mantenerte informado y a darte las herramientas que necesitas para crecer y triunfar en el competitivo entorno actual. \u00a1As\u00ed que no lo pienses m\u00e1s! Guarda este sitio web en tus favoritos y \u00fanete a nosotros en nuestra aventura hacia la excelencia hotelera.<\/p>\n<\/div>\n\n\n\n<p><\/p>\n","protected":false},"excerpt":{"rendered":"<p>Descubre las \u00faltimas actualizaciones de producto dise\u00f1adas para optimizar las operaciones, mejorar la experiencia del hu\u00e9sped e impulsar el crecimiento de los ingresos.<\/p>\n","protected":false},"author":93,"featured_media":54680,"parent":0,"menu_order":0,"comment_status":"closed","ping_status":"closed","template":"content-hub-page","meta":{"_acf_changed":true,"footnotes":""},"categories":[],"wf_page_folders":[10886],"class_list":["post-40551","page","type-page","status-publish","has-post-thumbnail","hentry"],"acf":[],"yoast_head":"<!-- This site is optimized with the Yoast SEO Premium plugin v27.0 (Yoast SEO v27.0) - https:\/\/yoast.com\/product\/yoast-seo-premium-wordpress\/ -->\n<title>Cloudbeds Compass - Novedades en Cloudbeds<\/title>\n<meta name=\"description\" content=\"Bienvenidos a Cloudbeds Compass - el lugar exclusivo para descubrir las m\u00e1s recientes novedades del ecosistema de Cloudbeds.\" \/>\n<meta name=\"robots\" content=\"index, follow, max-snippet:-1, max-image-preview:large, max-video-preview:-1\" \/>\n<link rel=\"canonical\" href=\"https:\/\/www.cloudbeds.com\/es\/compass\/\" \/>\n<meta property=\"og:locale\" content=\"es_ES\" \/>\n<meta property=\"og:type\" content=\"article\" \/>\n<meta property=\"og:title\" content=\"Cloudbeds Compass - Novedades en Cloudbeds\" \/>\n<meta property=\"og:description\" content=\"Bienvenidos a Cloudbeds Compass - el lugar exclusivo para descubrir las m\u00e1s recientes novedades del ecosistema de Cloudbeds.\" \/>\n<meta property=\"og:url\" content=\"https:\/\/www.cloudbeds.com\/es\/compass\/\" \/>\n<meta property=\"og:site_name\" content=\"Cloudbeds\" \/>\n<meta property=\"article:publisher\" content=\"https:\/\/www.facebook.com\/Cloudbeds\/\" \/>\n<meta property=\"article:modified_time\" content=\"2026-02-18T18:53:57+00:00\" \/>\n<meta property=\"og:image\" content=\"https:\/\/www.cloudbeds.com\/wp-content\/uploads\/2025\/11\/og-compass.webp\" \/>\n\t<meta property=\"og:image:width\" content=\"1200\" \/>\n\t<meta property=\"og:image:height\" content=\"630\" \/>\n\t<meta property=\"og:image:type\" content=\"image\/webp\" \/>\n<meta name=\"twitter:card\" content=\"summary_large_image\" \/>\n<meta name=\"twitter:site\" content=\"@Cloudbeds\" \/>\n<meta name=\"twitter:label1\" content=\"Tiempo de lectura\" \/>\n\t<meta name=\"twitter:data1\" content=\"2 minutos\" \/>\n<script type=\"application\/ld+json\" class=\"yoast-schema-graph\">{\"@context\":\"https:\/\/schema.org\",\"@graph\":[{\"@type\":\"WebPage\",\"@id\":\"https:\/\/www.cloudbeds.com\/es\/compass\/\",\"url\":\"https:\/\/www.cloudbeds.com\/es\/compass\/\",\"name\":\"Cloudbeds Compass - Novedades en Cloudbeds\",\"isPartOf\":{\"@id\":\"https:\/\/www.cloudbeds.com\/#website\"},\"primaryImageOfPage\":{\"@id\":\"https:\/\/www.cloudbeds.com\/es\/compass\/#primaryimage\"},\"image\":{\"@id\":\"https:\/\/www.cloudbeds.com\/es\/compass\/#primaryimage\"},\"thumbnailUrl\":\"https:\/\/www.cloudbeds.com\/wp-content\/uploads\/2025\/11\/og-compass.webp\",\"datePublished\":\"2021-04-24T14:08:46+00:00\",\"dateModified\":\"2026-02-18T18:53:57+00:00\",\"description\":\"Bienvenidos a Cloudbeds Compass - el lugar exclusivo para descubrir las m\u00e1s recientes novedades del ecosistema de Cloudbeds.\",\"breadcrumb\":{\"@id\":\"https:\/\/www.cloudbeds.com\/es\/compass\/#breadcrumb\"},\"inLanguage\":\"es\",\"potentialAction\":[{\"@type\":\"ReadAction\",\"target\":[\"https:\/\/www.cloudbeds.com\/es\/compass\/\"]}]},{\"@type\":\"ImageObject\",\"inLanguage\":\"es\",\"@id\":\"https:\/\/www.cloudbeds.com\/es\/compass\/#primaryimage\",\"url\":\"https:\/\/www.cloudbeds.com\/wp-content\/uploads\/2025\/11\/og-compass.webp\",\"contentUrl\":\"https:\/\/www.cloudbeds.com\/wp-content\/uploads\/2025\/11\/og-compass.webp\",\"width\":1200,\"height\":630},{\"@type\":\"BreadcrumbList\",\"@id\":\"https:\/\/www.cloudbeds.com\/es\/compass\/#breadcrumb\",\"itemListElement\":[{\"@type\":\"ListItem\",\"position\":1,\"name\":\"Home\",\"item\":\"https:\/\/www.cloudbeds.com\/es\/\"},{\"@type\":\"ListItem\",\"position\":2,\"name\":\"Cloudbeds Compass\"}]},{\"@type\":\"WebSite\",\"@id\":\"https:\/\/www.cloudbeds.com\/#website\",\"url\":\"https:\/\/www.cloudbeds.com\/\",\"name\":\"Cloudbeds\",\"description\":\"Hospitality Management Software for Hotels, Hostels and More\",\"publisher\":{\"@id\":\"https:\/\/www.cloudbeds.com\/#organization\"},\"potentialAction\":[{\"@type\":\"SearchAction\",\"target\":{\"@type\":\"EntryPoint\",\"urlTemplate\":\"https:\/\/www.cloudbeds.com\/?s={search_term_string}\"},\"query-input\":{\"@type\":\"PropertyValueSpecification\",\"valueRequired\":true,\"valueName\":\"search_term_string\"}}],\"inLanguage\":\"es\"},{\"@type\":\"Organization\",\"@id\":\"https:\/\/www.cloudbeds.com\/#organization\",\"name\":\"Cloudbeds\",\"alternateName\":\"Cloudbeds Digital Arbitrage\",\"url\":\"https:\/\/www.cloudbeds.com\/\",\"logo\":{\"@type\":\"ImageObject\",\"inLanguage\":\"es\",\"@id\":\"https:\/\/www.cloudbeds.com\/#\/schema\/logo\/image\/\",\"url\":\"https:\/\/www.cloudbeds.com\/wp-content\/uploads\/2025\/08\/logo-footer.svg\",\"contentUrl\":\"https:\/\/www.cloudbeds.com\/wp-content\/uploads\/2025\/08\/logo-footer.svg\",\"width\":240,\"height\":35,\"caption\":\"Cloudbeds\"},\"image\":{\"@id\":\"https:\/\/www.cloudbeds.com\/#\/schema\/logo\/image\/\"},\"sameAs\":[\"https:\/\/www.facebook.com\/Cloudbeds\/\",\"https:\/\/x.com\/Cloudbeds\",\"https:\/\/www.linkedin.com\/company\/cloudbeds\/\",\"https:\/\/www.youtube.com\/channel\/UCyfR7GappZBy-uziWO9WLdQ\"],\"description\":\"Cloudbeds is hospitality\u2019s only intelligent growth engine \u2014 a unified platform trusted by the world\u2019s most ambitious hoteliers across 150 countries. Built to challenge the limits of outdated tech stacks, Cloudbeds connects operations, revenue, distribution, and guest experience in one powerful, intuitive system. The platform is enhanced with Signals, a hospitality AI model giving hoteliers the power to anticipate demand, run smarter operations, and craft more personal, profitable guest journeys at scale. Founded in 2012, Cloudbeds has earned top honors from Hotel Tech Report (Top PMS, Hotel Management System, and Channel Manager, 2021\u20132026), the World Travel Awards (World\u2019s Best Hotel PMS Solutions Provider, 2022), and Deloitte\u2019s Technology Fast 500 (2025).\",\"legalName\":\"Cloudbeds Digital Arbitrage\",\"foundingDate\":\"2012-10-10\",\"numberOfEmployees\":{\"@type\":\"QuantitativeValue\",\"minValue\":\"501\",\"maxValue\":\"1000\"},\"publishingPrinciples\":\"https:\/\/www.cloudbeds.com\/es\/centro-recursos\/\",\"ownershipFundingInfo\":\"https:\/\/www.cloudbeds.com\/our-story\/\"}]}<\/script>\n<!-- \/ Yoast SEO Premium plugin. -->","yoast_head_json":{"title":"Cloudbeds Compass - Novedades en Cloudbeds","description":"Bienvenidos a Cloudbeds Compass - el lugar exclusivo para descubrir las m\u00e1s recientes novedades del ecosistema de Cloudbeds.","robots":{"index":"index","follow":"follow","max-snippet":"max-snippet:-1","max-image-preview":"max-image-preview:large","max-video-preview":"max-video-preview:-1"},"canonical":"https:\/\/www.cloudbeds.com\/es\/compass\/","og_locale":"es_ES","og_type":"article","og_title":"Cloudbeds Compass - Novedades en Cloudbeds","og_description":"Bienvenidos a Cloudbeds Compass - el lugar exclusivo para descubrir las m\u00e1s recientes novedades del ecosistema de Cloudbeds.","og_url":"https:\/\/www.cloudbeds.com\/es\/compass\/","og_site_name":"Cloudbeds","article_publisher":"https:\/\/www.facebook.com\/Cloudbeds\/","article_modified_time":"2026-02-18T18:53:57+00:00","og_image":[{"width":1200,"height":630,"url":"https:\/\/www.cloudbeds.com\/wp-content\/uploads\/2025\/11\/og-compass.webp","type":"image\/webp"}],"twitter_card":"summary_large_image","twitter_site":"@Cloudbeds","twitter_misc":{"Tiempo de lectura":"2 minutos"},"schema":{"@context":"https:\/\/schema.org","@graph":[{"@type":"WebPage","@id":"https:\/\/www.cloudbeds.com\/es\/compass\/","url":"https:\/\/www.cloudbeds.com\/es\/compass\/","name":"Cloudbeds Compass - Novedades en Cloudbeds","isPartOf":{"@id":"https:\/\/www.cloudbeds.com\/#website"},"primaryImageOfPage":{"@id":"https:\/\/www.cloudbeds.com\/es\/compass\/#primaryimage"},"image":{"@id":"https:\/\/www.cloudbeds.com\/es\/compass\/#primaryimage"},"thumbnailUrl":"https:\/\/www.cloudbeds.com\/wp-content\/uploads\/2025\/11\/og-compass.webp","datePublished":"2021-04-24T14:08:46+00:00","dateModified":"2026-02-18T18:53:57+00:00","description":"Bienvenidos a Cloudbeds Compass - el lugar exclusivo para descubrir las m\u00e1s recientes novedades del ecosistema de Cloudbeds.","breadcrumb":{"@id":"https:\/\/www.cloudbeds.com\/es\/compass\/#breadcrumb"},"inLanguage":"es","potentialAction":[{"@type":"ReadAction","target":["https:\/\/www.cloudbeds.com\/es\/compass\/"]}]},{"@type":"ImageObject","inLanguage":"es","@id":"https:\/\/www.cloudbeds.com\/es\/compass\/#primaryimage","url":"https:\/\/www.cloudbeds.com\/wp-content\/uploads\/2025\/11\/og-compass.webp","contentUrl":"https:\/\/www.cloudbeds.com\/wp-content\/uploads\/2025\/11\/og-compass.webp","width":1200,"height":630},{"@type":"BreadcrumbList","@id":"https:\/\/www.cloudbeds.com\/es\/compass\/#breadcrumb","itemListElement":[{"@type":"ListItem","position":1,"name":"Home","item":"https:\/\/www.cloudbeds.com\/es\/"},{"@type":"ListItem","position":2,"name":"Cloudbeds Compass"}]},{"@type":"WebSite","@id":"https:\/\/www.cloudbeds.com\/#website","url":"https:\/\/www.cloudbeds.com\/","name":"Cloudbeds","description":"Hospitality Management Software for Hotels, Hostels and More","publisher":{"@id":"https:\/\/www.cloudbeds.com\/#organization"},"potentialAction":[{"@type":"SearchAction","target":{"@type":"EntryPoint","urlTemplate":"https:\/\/www.cloudbeds.com\/?s={search_term_string}"},"query-input":{"@type":"PropertyValueSpecification","valueRequired":true,"valueName":"search_term_string"}}],"inLanguage":"es"},{"@type":"Organization","@id":"https:\/\/www.cloudbeds.com\/#organization","name":"Cloudbeds","alternateName":"Cloudbeds Digital Arbitrage","url":"https:\/\/www.cloudbeds.com\/","logo":{"@type":"ImageObject","inLanguage":"es","@id":"https:\/\/www.cloudbeds.com\/#\/schema\/logo\/image\/","url":"https:\/\/www.cloudbeds.com\/wp-content\/uploads\/2025\/08\/logo-footer.svg","contentUrl":"https:\/\/www.cloudbeds.com\/wp-content\/uploads\/2025\/08\/logo-footer.svg","width":240,"height":35,"caption":"Cloudbeds"},"image":{"@id":"https:\/\/www.cloudbeds.com\/#\/schema\/logo\/image\/"},"sameAs":["https:\/\/www.facebook.com\/Cloudbeds\/","https:\/\/x.com\/Cloudbeds","https:\/\/www.linkedin.com\/company\/cloudbeds\/","https:\/\/www.youtube.com\/channel\/UCyfR7GappZBy-uziWO9WLdQ"],"description":"Cloudbeds is hospitality\u2019s only intelligent growth engine \u2014 a unified platform trusted by the world\u2019s most ambitious hoteliers across 150 countries. Built to challenge the limits of outdated tech stacks, Cloudbeds connects operations, revenue, distribution, and guest experience in one powerful, intuitive system. The platform is enhanced with Signals, a hospitality AI model giving hoteliers the power to anticipate demand, run smarter operations, and craft more personal, profitable guest journeys at scale. Founded in 2012, Cloudbeds has earned top honors from Hotel Tech Report (Top PMS, Hotel Management System, and Channel Manager, 2021\u20132026), the World Travel Awards (World\u2019s Best Hotel PMS Solutions Provider, 2022), and Deloitte\u2019s Technology Fast 500 (2025).","legalName":"Cloudbeds Digital Arbitrage","foundingDate":"2012-10-10","numberOfEmployees":{"@type":"QuantitativeValue","minValue":"501","maxValue":"1000"},"publishingPrinciples":"https:\/\/www.cloudbeds.com\/es\/centro-recursos\/","ownershipFundingInfo":"https:\/\/www.cloudbeds.com\/our-story\/"}]}},"_links":{"self":[{"href":"https:\/\/www.cloudbeds.com\/es\/wp-json\/wp\/v2\/pages\/40551","targetHints":{"allow":["GET"]}}],"collection":[{"href":"https:\/\/www.cloudbeds.com\/es\/wp-json\/wp\/v2\/pages"}],"about":[{"href":"https:\/\/www.cloudbeds.com\/es\/wp-json\/wp\/v2\/types\/page"}],"author":[{"embeddable":true,"href":"https:\/\/www.cloudbeds.com\/es\/wp-json\/wp\/v2\/users\/93"}],"replies":[{"embeddable":true,"href":"https:\/\/www.cloudbeds.com\/es\/wp-json\/wp\/v2\/comments?post=40551"}],"version-history":[{"count":0,"href":"https:\/\/www.cloudbeds.com\/es\/wp-json\/wp\/v2\/pages\/40551\/revisions"}],"wp:featuredmedia":[{"embeddable":true,"href":"https:\/\/www.cloudbeds.com\/es\/wp-json\/wp\/v2\/media\/54680"}],"wp:attachment":[{"href":"https:\/\/www.cloudbeds.com\/es\/wp-json\/wp\/v2\/media?parent=40551"}],"wp:term":[{"taxonomy":"category","embeddable":true,"href":"https:\/\/www.cloudbeds.com\/es\/wp-json\/wp\/v2\/categories?post=40551"},{"taxonomy":"wf_page_folders","embeddable":true,"href":"https:\/\/www.cloudbeds.com\/es\/wp-json\/wp\/v2\/wf_page_folders?post=40551"}],"curies":[{"name":"wp","href":"https:\/\/api.w.org\/{rel}","templated":true}]}}