{"id":47818,"date":"2025-03-26T18:10:15","date_gmt":"2025-03-27T01:10:15","guid":{"rendered":"https:\/\/www.cloudbeds.com\/?page_id=47818"},"modified":"2025-11-25T16:47:06","modified_gmt":"2025-11-26T00:47:06","slug":"informe-hostels","status":"publish","type":"page","link":"https:\/\/www.cloudbeds.com\/es\/informe-hostels\/","title":{"rendered":"El estado de los hostels &#8211; Informe 2025"},"content":{"rendered":"\n<p><\/p>\n\n\n\n<figure class=\"wp-block-image size-full is-resized\"><img loading=\"lazy\" decoding=\"async\" width=\"1200\" height=\"630\" src=\"https:\/\/www.cloudbeds.com\/wp-content\/uploads\/2025\/11\/OG_SoH_ES-1-1-1.webp\" alt=\"\" class=\"wp-image-56534\" style=\"width:1000px;height:auto\" srcset=\"https:\/\/www.cloudbeds.com\/wp-content\/uploads\/2025\/11\/OG_SoH_ES-1-1-1.webp 1200w, https:\/\/www.cloudbeds.com\/wp-content\/uploads\/2025\/11\/OG_SoH_ES-1-1-1-768x403.webp 768w\" sizes=\"auto, (max-width: 1200px) 100vw, 1200px\" \/><\/figure>\n\n\n\n<div class=\"wp-block-group has-stix-two-text-font-family is-vertical is-layout-flex wp-container-core-group-is-layout-a491339b wp-block-group-is-layout-flex\" style=\"margin-top:var(--wp--preset--spacing--60);margin-bottom:var(--wp--preset--spacing--60);padding-right:0;padding-left:0\">\n<h2 class=\"wp-block-heading has-3-x-large-font-size\" id=\"target1\">En este informe tomamos el pulso al sector mundial de los hostels. \u00bfC\u00f3mo est\u00e1n funcionando los establecimientos en comparaci\u00f3n con a\u00f1os anteriores? \u00bfCu\u00e1les son las \u00faltimas tendencias en viajes? Y en un mercado en recesi\u00f3n, \u00bfc\u00f3mo pueden los hosteleros impulsar el crecimiento?<\/h2>\n<\/div>\n\n\n\n<hr class=\"wp-block-separator has-text-color has-neutral-chalk-07-color has-alpha-channel-opacity has-neutral-chalk-07-background-color has-background is-style-wide\" style=\"margin-top:var(--wp--preset--spacing--60);margin-bottom:var(--wp--preset--spacing--60)\"\/>\n\n\n\n<div class=\"wp-block-group has-stix-two-text-font-family is-vertical is-layout-flex wp-container-core-group-is-layout-f1bc6721 wp-block-group-is-layout-flex\" style=\"margin-top:var(--wp--preset--spacing--60);margin-bottom:var(--wp--preset--spacing--60)\">\n<h2 class=\"wp-block-heading has-3-x-large-font-size\" id=\"target2\" style=\"margin-bottom:0\">El a\u00f1o de la optimizaci\u00f3n del rendimiento<\/h2>\n\n\n\n<p>Tras la pandemia, los hostels vieron una demanda creciente y costes en aumento. En 2024, el crecimiento comenz\u00f3 a nivelarse, pero los costes se mantuvieron altos. En 2025, se espera que estas condiciones persistan, agravadas por una creciente sensibilidad a los precios entre los viajeros y una crisis laboral continua \u2013 ejerciendo una presi\u00f3n a\u00fan mayor sobre la rentabilidad.<\/p>\n\n\n\n<p>Para los hostels, 2025 es el a\u00f1o de la optimizaci\u00f3n del rendimiento \u2013 esforz\u00e1ndose por obtener los mejores resultados posibles en marketing, gesti\u00f3n de ingresos, operaciones y experiencia del hu\u00e9sped \u2013 en un mercado que exige agilidad.<\/p>\n<\/div>\n\n\n\n<hr class=\"wp-block-separator has-text-color has-neutral-chalk-07-color has-alpha-channel-opacity has-neutral-chalk-07-background-color has-background is-style-wide\" style=\"margin-top:var(--wp--preset--spacing--60);margin-bottom:var(--wp--preset--spacing--60)\"\/>\n\n\n\n<div class=\"wp-block-group has-stix-two-text-font-family is-vertical is-layout-flex wp-container-core-group-is-layout-f1bc6721 wp-block-group-is-layout-flex\" style=\"margin-top:var(--wp--preset--spacing--60);margin-bottom:var(--wp--preset--spacing--60)\">\n<h2 class=\"wp-block-heading has-3-x-large-font-size\" id=\"target2\" style=\"margin-bottom:0\">Comportamiento de reserva<\/h2>\n\n\n\n<p>Este an\u00e1lisis incluye datos exclusivamente de hostels, representando desde peque\u00f1os hostels hasta grupos. Se basa en un conjunto de datos primario de 2.300 hostels en 62 pa\u00edses y casi 11 millones de reservas entre 2022 y 2024.&nbsp;<\/p>\n\n\n\n<p>El informe ofrece una instant\u00e1nea de los patrones de viaje que los operadores pueden esperar en 2025, junto con estrategias para optimizar el rendimiento en un mercado desafiante e impredecible.<\/p>\n<\/div>\n\n\n\n<figure class=\"wp-block-image size-full is-resized\"><img loading=\"lazy\" decoding=\"async\" width=\"2000\" height=\"483\" src=\"https:\/\/www.cloudbeds.com\/wp-content\/uploads\/2025\/03\/SoH_Key_insights_ES.webp\" alt=\"Datos hostels 2025\" class=\"wp-image-47832\" style=\"width:827px;height:auto\" srcset=\"https:\/\/www.cloudbeds.com\/wp-content\/uploads\/2025\/03\/SoH_Key_insights_ES.webp 2000w, https:\/\/www.cloudbeds.com\/wp-content\/uploads\/2025\/03\/SoH_Key_insights_ES-768x185.webp 768w, https:\/\/www.cloudbeds.com\/wp-content\/uploads\/2025\/03\/SoH_Key_insights_ES-1536x371.webp 1536w\" sizes=\"auto, (max-width: 2000px) 100vw, 2000px\" \/><\/figure>\n\n\n\n<div style=\"height:15px\" aria-hidden=\"true\" class=\"wp-block-spacer\"><\/div>\n\n\n\n<div class=\"wp-block-cloudbeds-cta-block-blog-ebook cta-block-ebook-blue\"><div class=\"max-w-[1368px] mx-auto flex flex-col sm:flex-row sm:items-center justify-between gap-6 rounded-[4px] font-host p-9 py-0 mt-[26px]\"><div class=\"sm:max-w-[360px] max-w-full my-7\"><h2 class=\"text-2xl font-light text-neutral-coffee-05 mb-3\">Descubre los datos y tendencias que est\u00e1n impactando a los hostales este a\u00f1o.<\/h2><p class=\"text-base text-neutral-coffee-05 font-light\">Compara el rendimiento de tu hostal y descubre c\u00f3mo mejorarlo.<\/p><div class=\"flex-shrink-0 mt-7\">\n<div class=\"flex w-full justify-start\">\n  \n    <a\n      href=\"#\"\n      class=\"cloudbeds-custom-button btn-rich-brown text-neutral-white px-4 py-2 rounded-md hover:bg-primary-blue-05 hover:text-neutral-coffee-05 inline-flex items-center gap-2 no-underline transition duration-300 ease-in-out hover:no-underline active:no-underline focus:no-underline modal-trigger content-trigger-button\"\n      target=\"_self\"\n      rel=\"\"\n            >\n            <span>Obt\u00e9n el informe<\/span>\n      <svg xmlns=\"https:\/\/www.w3.org\/2000\/svg\" width=\"20\" height=\"20\" fill=\"currentColor\" viewBox=\"0 0 256 256\"><path d=\"M224,144v64a8,8,0,0,1-8,8H40a8,8,0,0,1-8-8V144a8,8,0,0,1,16,0v56H208V144a8,8,0,0,1,16,0Zm-101.66,5.66a8,8,0,0,0,11.32,0l40-40a8,8,0,0,0-11.32-11.32L136,124.69V32a8,8,0,0,0-16,0v92.69L93.66,98.34a8,8,0,0,0-11.32,11.32Z\"><\/path><\/svg>    <\/a>\n  <\/div><\/div><\/div><div class=\"w-full max-w-[270px] aspect-[544\/560] bg-neutral-coffee-05 flex items-center justify-center text-center text-neutral-chalk-01 text-sm mx-auto sm:mr-0 sm:mt-[-26px] overflow-hidden rounded-t-[4px]\"><img decoding=\"async\" src=\"https:\/\/www.cloudbeds.com\/wp-content\/uploads\/2025\/11\/img-ebook-cover-soih-es-2.webp\" alt=\"\" class=\"w-full h-full object-cover\"\/><\/div><\/div><\/div>\n","protected":false},"excerpt":{"rendered":"<p>El crecimiento ha bajado, pero los costes no. El informe sobre el estado de los hostels muestra c\u00f3mo los operadores pueden adaptarse, competir y mantener su ventaja.<\/p>\n","protected":false},"author":42,"featured_media":56534,"parent":0,"menu_order":0,"comment_status":"closed","ping_status":"closed","template":"content-hub-page","meta":{"_acf_changed":false,"footnotes":""},"categories":[10805],"wf_page_folders":[11288],"class_list":["post-47818","page","type-page","status-publish","has-post-thumbnail","hentry","category-guias-informes"],"acf":[],"yoast_head":"<!-- This site is optimized with the Yoast SEO Premium plugin v27.4 (Yoast SEO v27.4) - https:\/\/yoast.com\/product\/yoast-seo-premium-wordpress\/ -->\n<title>Informe sobre el estado de los hostels en 2025 - Cloudbeds<\/title>\n<meta name=\"description\" content=\"El Informe sobre los hostels en 2025 ofrece una visi\u00f3n instant\u00e1nea de las pautas de viaje y las estrategias para optimizar el rendimiento.\" \/>\n<meta name=\"robots\" content=\"index, follow, max-snippet:-1, max-image-preview:large, max-video-preview:-1\" \/>\n<link rel=\"canonical\" href=\"https:\/\/www.cloudbeds.com\/es\/informe-hostels\/\" \/>\n<meta property=\"og:locale\" content=\"es_ES\" \/>\n<meta property=\"og:type\" content=\"article\" \/>\n<meta property=\"og:title\" content=\"Informe sobre el estado de los hostels en 2025 - Cloudbeds\" \/>\n<meta property=\"og:description\" content=\"El Informe sobre los hostels en 2025 ofrece una visi\u00f3n instant\u00e1nea de las pautas de viaje y las estrategias para optimizar el rendimiento.\" \/>\n<meta property=\"og:url\" content=\"https:\/\/www.cloudbeds.com\/es\/informe-hostels\/\" \/>\n<meta property=\"og:site_name\" content=\"Cloudbeds\" \/>\n<meta property=\"article:publisher\" content=\"https:\/\/www.facebook.com\/Cloudbeds\/\" \/>\n<meta property=\"article:modified_time\" content=\"2025-11-26T00:47:06+00:00\" \/>\n<meta property=\"og:image\" content=\"https:\/\/www.cloudbeds.com\/wp-content\/uploads\/2025\/11\/OG_SoH_ES-1-1-1.webp\" \/>\n\t<meta property=\"og:image:width\" content=\"1200\" \/>\n\t<meta property=\"og:image:height\" content=\"630\" \/>\n\t<meta property=\"og:image:type\" content=\"image\/webp\" \/>\n<meta name=\"twitter:card\" content=\"summary_large_image\" \/>\n<meta name=\"twitter:site\" content=\"@Cloudbeds\" \/>\n<script type=\"application\/ld+json\" class=\"yoast-schema-graph\">{\"@context\":\"https:\\\/\\\/schema.org\",\"@graph\":[{\"@type\":\"WebPage\",\"@id\":\"https:\\\/\\\/www.cloudbeds.com\\\/es\\\/informe-hostels\\\/\",\"url\":\"https:\\\/\\\/www.cloudbeds.com\\\/es\\\/informe-hostels\\\/\",\"name\":\"Informe sobre el estado de los hostels en 2025 - Cloudbeds\",\"isPartOf\":{\"@id\":\"https:\\\/\\\/www.cloudbeds.com\\\/#website\"},\"primaryImageOfPage\":{\"@id\":\"https:\\\/\\\/www.cloudbeds.com\\\/es\\\/informe-hostels\\\/#primaryimage\"},\"image\":{\"@id\":\"https:\\\/\\\/www.cloudbeds.com\\\/es\\\/informe-hostels\\\/#primaryimage\"},\"thumbnailUrl\":\"https:\\\/\\\/www.cloudbeds.com\\\/wp-content\\\/uploads\\\/2025\\\/11\\\/OG_SoH_ES-1-1-1.webp\",\"datePublished\":\"2025-03-27T01:10:15+00:00\",\"dateModified\":\"2025-11-26T00:47:06+00:00\",\"description\":\"El Informe sobre los hostels en 2025 ofrece una visi\u00f3n instant\u00e1nea de las pautas de viaje y las estrategias para optimizar el rendimiento.\",\"breadcrumb\":{\"@id\":\"https:\\\/\\\/www.cloudbeds.com\\\/es\\\/informe-hostels\\\/#breadcrumb\"},\"inLanguage\":\"es\",\"potentialAction\":[{\"@type\":\"ReadAction\",\"target\":[\"https:\\\/\\\/www.cloudbeds.com\\\/es\\\/informe-hostels\\\/\"]}]},{\"@type\":\"ImageObject\",\"inLanguage\":\"es\",\"@id\":\"https:\\\/\\\/www.cloudbeds.com\\\/es\\\/informe-hostels\\\/#primaryimage\",\"url\":\"https:\\\/\\\/www.cloudbeds.com\\\/wp-content\\\/uploads\\\/2025\\\/11\\\/OG_SoH_ES-1-1-1.webp\",\"contentUrl\":\"https:\\\/\\\/www.cloudbeds.com\\\/wp-content\\\/uploads\\\/2025\\\/11\\\/OG_SoH_ES-1-1-1.webp\",\"width\":1200,\"height\":630},{\"@type\":\"BreadcrumbList\",\"@id\":\"https:\\\/\\\/www.cloudbeds.com\\\/es\\\/informe-hostels\\\/#breadcrumb\",\"itemListElement\":[{\"@type\":\"ListItem\",\"position\":1,\"name\":\"Home\",\"item\":\"https:\\\/\\\/www.cloudbeds.com\\\/es\\\/\"},{\"@type\":\"ListItem\",\"position\":2,\"name\":\"El estado de los hostels &#8211; Informe 2025\"}]},{\"@type\":\"WebSite\",\"@id\":\"https:\\\/\\\/www.cloudbeds.com\\\/#website\",\"url\":\"https:\\\/\\\/www.cloudbeds.com\\\/\",\"name\":\"Cloudbeds\",\"description\":\"Hospitality Management Software for Hotels, Hostels and More\",\"publisher\":{\"@id\":\"https:\\\/\\\/www.cloudbeds.com\\\/#organization\"},\"potentialAction\":[{\"@type\":\"SearchAction\",\"target\":{\"@type\":\"EntryPoint\",\"urlTemplate\":\"https:\\\/\\\/www.cloudbeds.com\\\/?s={search_term_string}\"},\"query-input\":{\"@type\":\"PropertyValueSpecification\",\"valueRequired\":true,\"valueName\":\"search_term_string\"}}],\"inLanguage\":\"es\"},{\"@type\":\"Organization\",\"@id\":\"https:\\\/\\\/www.cloudbeds.com\\\/#organization\",\"name\":\"Cloudbeds\",\"alternateName\":\"Cloudbeds Digital Arbitrage\",\"url\":\"https:\\\/\\\/www.cloudbeds.com\\\/\",\"logo\":{\"@type\":\"ImageObject\",\"inLanguage\":\"es\",\"@id\":\"https:\\\/\\\/www.cloudbeds.com\\\/#\\\/schema\\\/logo\\\/image\\\/\",\"url\":\"https:\\\/\\\/www.cloudbeds.com\\\/wp-content\\\/uploads\\\/2025\\\/08\\\/logo-footer.svg\",\"contentUrl\":\"https:\\\/\\\/www.cloudbeds.com\\\/wp-content\\\/uploads\\\/2025\\\/08\\\/logo-footer.svg\",\"width\":240,\"height\":35,\"caption\":\"Cloudbeds\"},\"image\":{\"@id\":\"https:\\\/\\\/www.cloudbeds.com\\\/#\\\/schema\\\/logo\\\/image\\\/\"},\"sameAs\":[\"https:\\\/\\\/www.facebook.com\\\/Cloudbeds\\\/\",\"https:\\\/\\\/x.com\\\/Cloudbeds\",\"https:\\\/\\\/www.linkedin.com\\\/company\\\/cloudbeds\\\/\",\"https:\\\/\\\/www.youtube.com\\\/channel\\\/UCyfR7GappZBy-uziWO9WLdQ\"],\"description\":\"Cloudbeds is hospitality\u2019s only intelligent growth engine \u2014 a unified platform trusted by the world\u2019s most ambitious hoteliers across 150 countries. Built to challenge the limits of outdated tech stacks, Cloudbeds connects operations, revenue, distribution, and guest experience in one powerful, intuitive system. The platform is enhanced with Signals, a hospitality AI model giving hoteliers the power to anticipate demand, run smarter operations, and craft more personal, profitable guest journeys at scale. Founded in 2012, Cloudbeds has earned top honors from Hotel Tech Report (Top PMS, Hotel Management System, and Channel Manager, 2021\u20132026), the World Travel Awards (World\u2019s Best Hotel PMS Solutions Provider, 2022), and Deloitte\u2019s Technology Fast 500 (2025).\",\"legalName\":\"Cloudbeds Digital Arbitrage\",\"foundingDate\":\"2012-10-10\",\"numberOfEmployees\":{\"@type\":\"QuantitativeValue\",\"minValue\":\"501\",\"maxValue\":\"1000\"},\"publishingPrinciples\":\"https:\\\/\\\/www.cloudbeds.com\\\/es\\\/centro-recursos\\\/\",\"ownershipFundingInfo\":\"https:\\\/\\\/www.cloudbeds.com\\\/our-story\\\/\"}]}<\/script>\n<!-- \/ Yoast SEO Premium plugin. -->","yoast_head_json":{"title":"Informe sobre el estado de los hostels en 2025 - Cloudbeds","description":"El Informe sobre los hostels en 2025 ofrece una visi\u00f3n instant\u00e1nea de las pautas de viaje y las estrategias para optimizar el rendimiento.","robots":{"index":"index","follow":"follow","max-snippet":"max-snippet:-1","max-image-preview":"max-image-preview:large","max-video-preview":"max-video-preview:-1"},"canonical":"https:\/\/www.cloudbeds.com\/es\/informe-hostels\/","og_locale":"es_ES","og_type":"article","og_title":"Informe sobre el estado de los hostels en 2025 - Cloudbeds","og_description":"El Informe sobre los hostels en 2025 ofrece una visi\u00f3n instant\u00e1nea de las pautas de viaje y las estrategias para optimizar el rendimiento.","og_url":"https:\/\/www.cloudbeds.com\/es\/informe-hostels\/","og_site_name":"Cloudbeds","article_publisher":"https:\/\/www.facebook.com\/Cloudbeds\/","article_modified_time":"2025-11-26T00:47:06+00:00","og_image":[{"width":1200,"height":630,"url":"https:\/\/www.cloudbeds.com\/wp-content\/uploads\/2025\/11\/OG_SoH_ES-1-1-1.webp","type":"image\/webp"}],"twitter_card":"summary_large_image","twitter_site":"@Cloudbeds","schema":{"@context":"https:\/\/schema.org","@graph":[{"@type":"WebPage","@id":"https:\/\/www.cloudbeds.com\/es\/informe-hostels\/","url":"https:\/\/www.cloudbeds.com\/es\/informe-hostels\/","name":"Informe sobre el estado de los hostels en 2025 - Cloudbeds","isPartOf":{"@id":"https:\/\/www.cloudbeds.com\/#website"},"primaryImageOfPage":{"@id":"https:\/\/www.cloudbeds.com\/es\/informe-hostels\/#primaryimage"},"image":{"@id":"https:\/\/www.cloudbeds.com\/es\/informe-hostels\/#primaryimage"},"thumbnailUrl":"https:\/\/www.cloudbeds.com\/wp-content\/uploads\/2025\/11\/OG_SoH_ES-1-1-1.webp","datePublished":"2025-03-27T01:10:15+00:00","dateModified":"2025-11-26T00:47:06+00:00","description":"El Informe sobre los hostels en 2025 ofrece una visi\u00f3n instant\u00e1nea de las pautas de viaje y las estrategias para optimizar el rendimiento.","breadcrumb":{"@id":"https:\/\/www.cloudbeds.com\/es\/informe-hostels\/#breadcrumb"},"inLanguage":"es","potentialAction":[{"@type":"ReadAction","target":["https:\/\/www.cloudbeds.com\/es\/informe-hostels\/"]}]},{"@type":"ImageObject","inLanguage":"es","@id":"https:\/\/www.cloudbeds.com\/es\/informe-hostels\/#primaryimage","url":"https:\/\/www.cloudbeds.com\/wp-content\/uploads\/2025\/11\/OG_SoH_ES-1-1-1.webp","contentUrl":"https:\/\/www.cloudbeds.com\/wp-content\/uploads\/2025\/11\/OG_SoH_ES-1-1-1.webp","width":1200,"height":630},{"@type":"BreadcrumbList","@id":"https:\/\/www.cloudbeds.com\/es\/informe-hostels\/#breadcrumb","itemListElement":[{"@type":"ListItem","position":1,"name":"Home","item":"https:\/\/www.cloudbeds.com\/es\/"},{"@type":"ListItem","position":2,"name":"El estado de los hostels &#8211; Informe 2025"}]},{"@type":"WebSite","@id":"https:\/\/www.cloudbeds.com\/#website","url":"https:\/\/www.cloudbeds.com\/","name":"Cloudbeds","description":"Hospitality Management Software for Hotels, Hostels and More","publisher":{"@id":"https:\/\/www.cloudbeds.com\/#organization"},"potentialAction":[{"@type":"SearchAction","target":{"@type":"EntryPoint","urlTemplate":"https:\/\/www.cloudbeds.com\/?s={search_term_string}"},"query-input":{"@type":"PropertyValueSpecification","valueRequired":true,"valueName":"search_term_string"}}],"inLanguage":"es"},{"@type":"Organization","@id":"https:\/\/www.cloudbeds.com\/#organization","name":"Cloudbeds","alternateName":"Cloudbeds Digital Arbitrage","url":"https:\/\/www.cloudbeds.com\/","logo":{"@type":"ImageObject","inLanguage":"es","@id":"https:\/\/www.cloudbeds.com\/#\/schema\/logo\/image\/","url":"https:\/\/www.cloudbeds.com\/wp-content\/uploads\/2025\/08\/logo-footer.svg","contentUrl":"https:\/\/www.cloudbeds.com\/wp-content\/uploads\/2025\/08\/logo-footer.svg","width":240,"height":35,"caption":"Cloudbeds"},"image":{"@id":"https:\/\/www.cloudbeds.com\/#\/schema\/logo\/image\/"},"sameAs":["https:\/\/www.facebook.com\/Cloudbeds\/","https:\/\/x.com\/Cloudbeds","https:\/\/www.linkedin.com\/company\/cloudbeds\/","https:\/\/www.youtube.com\/channel\/UCyfR7GappZBy-uziWO9WLdQ"],"description":"Cloudbeds is hospitality\u2019s only intelligent growth engine \u2014 a unified platform trusted by the world\u2019s most ambitious hoteliers across 150 countries. Built to challenge the limits of outdated tech stacks, Cloudbeds connects operations, revenue, distribution, and guest experience in one powerful, intuitive system. The platform is enhanced with Signals, a hospitality AI model giving hoteliers the power to anticipate demand, run smarter operations, and craft more personal, profitable guest journeys at scale. Founded in 2012, Cloudbeds has earned top honors from Hotel Tech Report (Top PMS, Hotel Management System, and Channel Manager, 2021\u20132026), the World Travel Awards (World\u2019s Best Hotel PMS Solutions Provider, 2022), and Deloitte\u2019s Technology Fast 500 (2025).","legalName":"Cloudbeds Digital Arbitrage","foundingDate":"2012-10-10","numberOfEmployees":{"@type":"QuantitativeValue","minValue":"501","maxValue":"1000"},"publishingPrinciples":"https:\/\/www.cloudbeds.com\/es\/centro-recursos\/","ownershipFundingInfo":"https:\/\/www.cloudbeds.com\/our-story\/"}]}},"_links":{"self":[{"href":"https:\/\/www.cloudbeds.com\/es\/wp-json\/wp\/v2\/pages\/47818","targetHints":{"allow":["GET"]}}],"collection":[{"href":"https:\/\/www.cloudbeds.com\/es\/wp-json\/wp\/v2\/pages"}],"about":[{"href":"https:\/\/www.cloudbeds.com\/es\/wp-json\/wp\/v2\/types\/page"}],"author":[{"embeddable":true,"href":"https:\/\/www.cloudbeds.com\/es\/wp-json\/wp\/v2\/users\/42"}],"replies":[{"embeddable":true,"href":"https:\/\/www.cloudbeds.com\/es\/wp-json\/wp\/v2\/comments?post=47818"}],"version-history":[{"count":0,"href":"https:\/\/www.cloudbeds.com\/es\/wp-json\/wp\/v2\/pages\/47818\/revisions"}],"wp:featuredmedia":[{"embeddable":true,"href":"https:\/\/www.cloudbeds.com\/es\/wp-json\/wp\/v2\/media\/56534"}],"wp:attachment":[{"href":"https:\/\/www.cloudbeds.com\/es\/wp-json\/wp\/v2\/media?parent=47818"}],"wp:term":[{"taxonomy":"category","embeddable":true,"href":"https:\/\/www.cloudbeds.com\/es\/wp-json\/wp\/v2\/categories?post=47818"},{"taxonomy":"wf_page_folders","embeddable":true,"href":"https:\/\/www.cloudbeds.com\/es\/wp-json\/wp\/v2\/wf_page_folders?post=47818"}],"curies":[{"name":"wp","href":"https:\/\/api.w.org\/{rel}","templated":true}]}}