{"id":50688,"date":"2025-10-06T08:55:31","date_gmt":"2025-10-06T15:55:31","guid":{"rendered":"https:\/\/cbdev2.cloudbeds.com\/?page_id=50688"},"modified":"2025-11-03T12:18:41","modified_gmt":"2025-11-03T20:18:41","slug":"ventajas","status":"publish","type":"page","link":"https:\/\/www.cloudbeds.com\/es\/agencias-viajes-online\/ventajas\/","title":{"rendered":"5 ventajas de utilizar agencias de viajes online"},"content":{"rendered":"\n<figure class=\"wp-block-image size-full is-resized\"><img loading=\"lazy\" decoding=\"async\" width=\"1200\" height=\"630\" src=\"https:\/\/www.cloudbeds.com\/wp-content\/uploads\/2023\/10\/featured_OTA_benefits.png\" alt=\"Benefits of Using Online Travel Agencies\" class=\"wp-image-37351\" style=\"width:1000px;height:auto\" srcset=\"https:\/\/www.cloudbeds.com\/wp-content\/uploads\/2023\/10\/featured_OTA_benefits.png 1200w, https:\/\/www.cloudbeds.com\/wp-content\/uploads\/2023\/10\/featured_OTA_benefits-768x403.png 768w\" sizes=\"auto, (max-width: 1200px) 100vw, 1200px\" \/><\/figure>\n\n\n\n<div class=\"wp-block-group has-stix-two-text-font-family is-vertical is-layout-flex wp-container-core-group-is-layout-a3787630 wp-block-group-is-layout-flex\" style=\"margin-top:var(--wp--preset--spacing--60);margin-bottom:0\">\n<p class=\"has-stix-two-text-font-family has-3-x-large-font-size\" style=\"line-height:1.5\">Las agencias de viajes online (OTA) pueden ser uno de los mejores aliados de los operadores hoteleros.<\/p>\n\n\n\n<p style=\"line-height:1.5\">Ayudan a abrir nuevos mercados y garantizan un flujo de reservas constante cuando se utilizan en paralelo con una s\u00f3lida estrategia de reservas directas. Los viajeros gravitan hacia las OTA por su fuerte presencia, que se traduce en confianza y credibilidad. A continuaci\u00f3n analizamos algunas de las ventajas que las OTA aportan a los viajeros.<\/p>\n<\/div>\n\n\n\n<div class=\"wp-block-group has-stix-two-text-font-family is-vertical is-layout-flex wp-container-core-group-is-layout-a3787630 wp-block-group-is-layout-flex\" style=\"margin-top:var(--wp--preset--spacing--60);margin-bottom:0\">\n<h2 class=\"wp-block-heading has-3-x-large-font-size\" id=\"comodidad\" style=\"margin-bottom:0\">1. Comodidad<\/h2>\n\n\n\n<p style=\"line-height:1.5\">Con tanta informaci\u00f3n online hoy en d\u00eda, los viajeros utilizan las OTA para buscar y reservar f\u00e1cilmente su alojamiento en un sitio web de confianza. Las OTA ofrecen la comodidad de comparar precios, ubicaci\u00f3n y tipo de propiedad. La posibilidad de filtrar miles de propiedades hasta llegar a una que se ajuste a los objetivos de su viaje es una herramienta inestimable que ahorra horas de tiempo.<\/p>\n\n\n\n<h2 class=\"wp-block-heading has-3-x-large-font-size\" id=\"fidelizacion\" style=\"margin-bottom:0\">2. Programas de fidelizaci\u00f3n<\/h2>\n\n\n\n<p>Las OTA m\u00e1s grandes tienen programas de fidelizaci\u00f3n que recompensan a los viajeros por reservar varios viajes a trav\u00e9s de su sitio, incluyendo habitaciones (o camas), alquiler de coches, billetes de avi\u00f3n y actividades. Por ejemplo, el nuevo programa de recompensas One Key ofrece a los viajeros la flexibilidad de ganar y utilizar recompensas en todo el Grupo Expedia utilizando OneKeyCash.<\/p>\n<\/div>\n\n\n\n<div style=\"height:22px\" aria-hidden=\"true\" class=\"wp-block-spacer\"><\/div>\n\n\n\n<div class=\"wp-block-cloudbeds-cta-block-blog-ebook cta-block-ebook-blue\"><div class=\"max-w-[1368px] mx-auto flex flex-col sm:flex-row sm:items-center justify-between gap-6 rounded-[4px] font-host p-9 py-0 mt-[26px]\"><div class=\"sm:max-w-[360px] max-w-full my-7\"><h2 class=\"text-2xl font-light text-neutral-coffee-05 mb-3\">Get the most out of OTAs.<\/h2><p class=\"text-base text-neutral-coffee-05 font-light\">Build the ideal channel mix to reach your target segments and maximize revenue.<\/p><div class=\"flex-shrink-0 mt-7\">\n<div class=\"flex w-full justify-start\">\n  \n    <a\n      href=\"https:\/\/www.cloudbeds.com\/online-travel-agencies\/\"\n      class=\"cloudbeds-custom-button btn-rich-brown text-neutral-white px-4 py-2 rounded-md hover:bg-primary-blue-05 hover:text-neutral-coffee-05 inline-flex items-center gap-2 no-underline transition duration-300 ease-in-out hover:no-underline active:no-underline focus:no-underline\"\n      target=\"_self\"\n      rel=\"\"\n            >\n            <span>Download guide<\/span>\n      <svg xmlns=\"https:\/\/www.w3.org\/2000\/svg\" width=\"20\" height=\"20\" fill=\"currentColor\" viewBox=\"0 0 256 256\"><path d=\"M224,144v64a8,8,0,0,1-8,8H40a8,8,0,0,1-8-8V144a8,8,0,0,1,16,0v56H208V144a8,8,0,0,1,16,0Zm-101.66,5.66a8,8,0,0,0,11.32,0l40-40a8,8,0,0,0-11.32-11.32L136,124.69V32a8,8,0,0,0-16,0v92.69L93.66,98.34a8,8,0,0,0-11.32,11.32Z\"><\/path><\/svg>    <\/a>\n  <\/div><\/div><\/div><div class=\"w-full max-w-[270px] aspect-[544\/560] bg-neutral-coffee-05 flex items-center justify-center text-center text-neutral-chalk-01 text-sm mx-auto sm:mr-0 sm:mt-[-26px] overflow-hidden rounded-t-[4px]\"><img decoding=\"async\" src=\"https:\/\/www.cloudbeds.com\/wp-content\/uploads\/2025\/02\/banner_BBOTA_EN.webp\" alt=\"\" class=\"w-full h-full object-cover\"\/><\/div><\/div><\/div>\n\n\n\n<div class=\"wp-block-group has-stix-two-text-font-family is-vertical is-layout-flex wp-container-core-group-is-layout-a3787630 wp-block-group-is-layout-flex\" style=\"margin-top:var(--wp--preset--spacing--60);margin-bottom:0\">\n<h2 class=\"wp-block-heading has-3-x-large-font-size\" id=\"precio\" style=\"margin-bottom:0\">3. Decisiones basadas en el precio<\/h2>\n\n\n\n<p style=\"line-height:1.5\">Las agencias de viajes online suelen ser consideradas el lugar m\u00e1s barato para reservar y el mejor para encontrar ofertas de paquetes. Aunque muchas marcas hoteleras han intentado cambiar esta percepci\u00f3n impulsando campa\u00f1as y estrategias de reserva directa, las OTA siguen benefici\u00e1ndose de que se las considere l\u00edderes de bajo coste.<\/p>\n\n\n\n<p>Por ejemplo, Agoda tiene una secci\u00f3n de \u00ab<a href=\"https:\/\/www.agoda.com\/deals?cid=1844104\" target=\"_blank\" rel=\"noreferrer noopener\">Cupones y Ofertas<\/a>\u00bb en su sitio web que ofrece ofertas diarias y ahorros espont\u00e1neos. Estas ofertas cambian cada d\u00eda e incluyen incentivos como cupones de descuento porcentual y tarifas especiales en hoteles seleccionados. Ofertas como esta son dif\u00edciles de dejar pasar para los consumidores y ayudan a aumentar la probabilidad de generar una reserva.&nbsp;<\/p>\n\n\n\n<h2 class=\"wp-block-heading has-3-x-large-font-size\" id=\"marketing\" style=\"margin-bottom:0\">4. Presupuestos de publicidad y marketing extensos<\/h2>\n\n\n\n<p>Presupuestos de publicidad y marketing extensos: Las campa\u00f1as publicitarias centradas en los descuentos y las ofertas ayudan a fomentar al consumidor la idea de que las OTA son el mejor lugar para reservar. <a href=\"https:\/\/skift.com\/2023\/02\/12\/travels-super-bowl-ads-forfeit-storytelling-for-star-power\/#:~:text=Companies%20including%20Booking.com%2C%20Virgin,mixed%20media%20campaigns%20accompanying%20them.\" target=\"_blank\" rel=\"noreferrer noopener\">Skift informa<\/a> que la tarifa por un anuncio de 30 segundos en el Superbowl de 2023 fue de 7 millones de d\u00f3lares, y que Booking.com apareci\u00f3 en el \u00faltimo cuarto con su anuncio de Booking.yeah.&nbsp;<\/p>\n\n\n\n<p>Las agencias de viajes online tienen un trabajo: poner su inventario, incluido el tuyo, delante de la persona adecuada en el momento adecuado. Buscan constantemente formas nuevas e innovadoras de hacer llegar habitaciones y tarifas a los viajeros. Por supuesto, el coste de esta innovaci\u00f3n es la forma en que justifican sus honorarios y comisiones a las propiedades que se anuncian en sus plataformas.&nbsp;<\/p>\n<\/div>\n\n\n\n<div class=\"wp-block-group has-stix-two-text-font-family is-vertical is-layout-flex wp-container-core-group-is-layout-a3787630 wp-block-group-is-layout-flex\" style=\"margin-top:var(--wp--preset--spacing--60);margin-bottom:0\">\n<h2 class=\"wp-block-heading has-3-x-large-font-size\" id=\"proteccion\" style=\"margin-bottom:0\">5. Pagos globales seguros y protecci\u00f3n del viajero<\/h2>\n\n\n\n<p style=\"line-height:1.5\">Las OTA ofrecen a los viajeros la posibilidad de realizar transacciones de pago seguras en la moneda que prefieran. Admiten m\u00faltiples m\u00e9todos de pago en funci\u00f3n de la ubicaci\u00f3n, proporcionando a los viajeros la flexibilidad que los alojamientos independientes a menudo no pueden ofrecer, a menos que utilicen un procesamiento de pagos seguro e integrado (<a href=\"https:\/\/www.cloudbeds.com\/es\/pagos\/\" target=\"_blank\" rel=\"noreferrer noopener\">como el que ofrece<\/a> la plataforma de Cloudbeds) que est\u00e9 equipado para enviar datos de hoteler\u00eda a los bancos y admita tambi\u00e9n m\u00faltiples m\u00e9todos de pago y divisas.&nbsp;<\/p>\n\n\n\n<p style=\"margin-bottom:0\">Adem\u00e1s, las OTA suelen ofrecer protecci\u00f3n al viajero para que est\u00e9 tranquilo mientras reserva. El a\u00f1o pasado, Airbnb introdujo Aircover, una protecci\u00f3n gratuita para viajeros incluida para cada hu\u00e9sped. Su prop\u00f3sito es ayudar a proporcionar reembolsos o nuevos alojamientos si tienen un problema como la cancelaci\u00f3n de un anfitri\u00f3n, problemas en el check-in o la falta de un servicio clave.<\/p>\n<\/div>\n\n\n\n<div style=\"height:22px\" aria-hidden=\"true\" class=\"wp-block-spacer\"><\/div>\n\n\n\n<div class=\"wp-block-cloudbeds-cta-block-blog cta-block-blog-yellow\"><div class=\"max-w-[1368px] mx-auto flex flex-col sm:flex-row sm:items-center justify-between gap-6 rounded-[4px] font-host p-7 bg-center sm:bg-right bg-cover sm:bg-contain bg-no-repeat\"><div class=\"sm:max-w-[360px] max-w-full\"><h2 class=\"text-[32px] font-normal text-neutral-coffee-05 mb-3\">Stay connected and protected.<\/h2><p class=\"text-base text-neutral-coffee-05 font-light\">With Cloudbeds, connect to the channels of your choice. No extra commissions or fees.<\/p><\/div>\n<div class=\"flex w-full justify-end\">\n  \n    <a\n      href=\"\/es\/request-a-demo\/\"\n      class=\"cloudbeds-custom-button btn-rich-brown text-neutral-white px-4 py-2 rounded-md hover:bg-primary-blue-05 hover:text-neutral-coffee-05 inline-flex items-center gap-2 no-underline transition duration-300 ease-in-out hover:no-underline active:no-underline focus:no-underline\"\n      target=\"_blank\"\n      rel=\"noopener noreferrer\"\n            >\n            <span>Book a demo<\/span>\n      <svg xmlns=\"https:\/\/www.w3.org\/2000\/svg\" width=\"20\" height=\"20\" fill=\"currentColor\" viewBox=\"0 0 256 256\"><path d=\"M200,64V168a8,8,0,0,1-16,0V83.31L69.66,197.66a8,8,0,0,1-11.32-11.32L172.69,72H88a8,8,0,0,1,0-16H192A8,8,0,0,1,200,64Z\"\/><\/svg>    <\/a>\n  <\/div><\/div><\/div>\n","protected":false},"excerpt":{"rendered":"<p>Los viajeros conf\u00edan en las OTA. Aprovecha esa confianza y convierte su presencia global en reservas constantes que complementen, en lugar de competir, con tu canal directo.<\/p>\n","protected":false},"author":93,"featured_media":37351,"parent":50686,"menu_order":0,"comment_status":"closed","ping_status":"closed","template":"content-hub-page","meta":{"_acf_changed":false,"footnotes":""},"categories":[],"wf_page_folders":[11383],"class_list":["post-50688","page","type-page","status-publish","has-post-thumbnail","hentry"],"acf":[],"yoast_head":"<!-- This site is optimized with the Yoast SEO Premium plugin v27.0 (Yoast SEO v27.0) - https:\/\/yoast.com\/product\/yoast-seo-premium-wordpress\/ -->\n<title>5 beneficios de usar las agencias de viajes online (OTA)<\/title>\n<meta name=\"description\" content=\"Descubre por qu\u00e9 los viajeros utilizan las OTA y c\u00f3mo estas pueden ayudar a los hoteleros y anfitriones a conseguir m\u00e1s reservas.\" \/>\n<meta name=\"robots\" content=\"index, follow, max-snippet:-1, max-image-preview:large, max-video-preview:-1\" \/>\n<link rel=\"canonical\" href=\"https:\/\/www.cloudbeds.com\/es\/agencias-viajes-online\/ventajas\/\" \/>\n<meta property=\"og:locale\" content=\"es_ES\" \/>\n<meta property=\"og:type\" content=\"article\" \/>\n<meta property=\"og:title\" content=\"5 beneficios de usar las agencias de viajes online (OTA)\" \/>\n<meta property=\"og:description\" content=\"Descubre por qu\u00e9 los viajeros utilizan las OTA y c\u00f3mo estas pueden ayudar a los hoteleros y anfitriones a conseguir m\u00e1s reservas.\" \/>\n<meta property=\"og:url\" content=\"https:\/\/www.cloudbeds.com\/es\/agencias-viajes-online\/ventajas\/\" \/>\n<meta property=\"og:site_name\" content=\"Cloudbeds\" \/>\n<meta property=\"article:publisher\" content=\"https:\/\/www.facebook.com\/Cloudbeds\/\" \/>\n<meta property=\"article:modified_time\" content=\"2025-11-03T20:18:41+00:00\" \/>\n<meta property=\"og:image\" content=\"https:\/\/www.cloudbeds.com\/wp-content\/uploads\/2023\/10\/featured_OTA_benefits.png\" \/>\n\t<meta property=\"og:image:width\" content=\"1200\" \/>\n\t<meta property=\"og:image:height\" content=\"630\" \/>\n\t<meta property=\"og:image:type\" content=\"image\/png\" \/>\n<meta name=\"twitter:card\" content=\"summary_large_image\" \/>\n<meta name=\"twitter:site\" content=\"@Cloudbeds\" \/>\n<script type=\"application\/ld+json\" class=\"yoast-schema-graph\">{\"@context\":\"https:\/\/schema.org\",\"@graph\":[{\"@type\":\"WebPage\",\"@id\":\"https:\/\/www.cloudbeds.com\/es\/agencias-viajes-online\/ventajas\/\",\"url\":\"https:\/\/www.cloudbeds.com\/es\/agencias-viajes-online\/ventajas\/\",\"name\":\"5 beneficios de usar las agencias de viajes online (OTA)\",\"isPartOf\":{\"@id\":\"https:\/\/www.cloudbeds.com\/#website\"},\"primaryImageOfPage\":{\"@id\":\"https:\/\/www.cloudbeds.com\/es\/agencias-viajes-online\/ventajas\/#primaryimage\"},\"image\":{\"@id\":\"https:\/\/www.cloudbeds.com\/es\/agencias-viajes-online\/ventajas\/#primaryimage\"},\"thumbnailUrl\":\"https:\/\/www.cloudbeds.com\/wp-content\/uploads\/2023\/10\/featured_OTA_benefits.png\",\"datePublished\":\"2025-10-06T15:55:31+00:00\",\"dateModified\":\"2025-11-03T20:18:41+00:00\",\"description\":\"Descubre por qu\u00e9 los viajeros utilizan las OTA y c\u00f3mo estas pueden ayudar a los hoteleros y anfitriones a conseguir m\u00e1s reservas.\",\"breadcrumb\":{\"@id\":\"https:\/\/www.cloudbeds.com\/es\/agencias-viajes-online\/ventajas\/#breadcrumb\"},\"inLanguage\":\"es\",\"potentialAction\":[{\"@type\":\"ReadAction\",\"target\":[\"https:\/\/www.cloudbeds.com\/es\/agencias-viajes-online\/ventajas\/\"]}]},{\"@type\":\"ImageObject\",\"inLanguage\":\"es\",\"@id\":\"https:\/\/www.cloudbeds.com\/es\/agencias-viajes-online\/ventajas\/#primaryimage\",\"url\":\"https:\/\/www.cloudbeds.com\/wp-content\/uploads\/2023\/10\/featured_OTA_benefits.png\",\"contentUrl\":\"https:\/\/www.cloudbeds.com\/wp-content\/uploads\/2023\/10\/featured_OTA_benefits.png\",\"width\":1200,\"height\":630,\"caption\":\"Benefits of Using Online Travel Agencies\"},{\"@type\":\"BreadcrumbList\",\"@id\":\"https:\/\/www.cloudbeds.com\/es\/agencias-viajes-online\/ventajas\/#breadcrumb\",\"itemListElement\":[{\"@type\":\"ListItem\",\"position\":1,\"name\":\"Home\",\"item\":\"https:\/\/www.cloudbeds.com\/es\/\"},{\"@type\":\"ListItem\",\"position\":2,\"name\":\"\u00bfQu\u00e9 son las agencias de viajes online (OTA)? La gu\u00eda definitiva de las OTA\",\"item\":\"https:\/\/www.cloudbeds.com\/es\/agencias-viajes-online\/\"},{\"@type\":\"ListItem\",\"position\":3,\"name\":\"5 ventajas de utilizar agencias de viajes online\"}]},{\"@type\":\"WebSite\",\"@id\":\"https:\/\/www.cloudbeds.com\/#website\",\"url\":\"https:\/\/www.cloudbeds.com\/\",\"name\":\"Cloudbeds\",\"description\":\"Hospitality Management Software for Hotels, Hostels and More\",\"publisher\":{\"@id\":\"https:\/\/www.cloudbeds.com\/#organization\"},\"potentialAction\":[{\"@type\":\"SearchAction\",\"target\":{\"@type\":\"EntryPoint\",\"urlTemplate\":\"https:\/\/www.cloudbeds.com\/?s={search_term_string}\"},\"query-input\":{\"@type\":\"PropertyValueSpecification\",\"valueRequired\":true,\"valueName\":\"search_term_string\"}}],\"inLanguage\":\"es\"},{\"@type\":\"Organization\",\"@id\":\"https:\/\/www.cloudbeds.com\/#organization\",\"name\":\"Cloudbeds\",\"alternateName\":\"Cloudbeds Digital Arbitrage\",\"url\":\"https:\/\/www.cloudbeds.com\/\",\"logo\":{\"@type\":\"ImageObject\",\"inLanguage\":\"es\",\"@id\":\"https:\/\/www.cloudbeds.com\/#\/schema\/logo\/image\/\",\"url\":\"https:\/\/www.cloudbeds.com\/wp-content\/uploads\/2025\/08\/logo-footer.svg\",\"contentUrl\":\"https:\/\/www.cloudbeds.com\/wp-content\/uploads\/2025\/08\/logo-footer.svg\",\"width\":240,\"height\":35,\"caption\":\"Cloudbeds\"},\"image\":{\"@id\":\"https:\/\/www.cloudbeds.com\/#\/schema\/logo\/image\/\"},\"sameAs\":[\"https:\/\/www.facebook.com\/Cloudbeds\/\",\"https:\/\/x.com\/Cloudbeds\",\"https:\/\/www.linkedin.com\/company\/cloudbeds\/\",\"https:\/\/www.youtube.com\/channel\/UCyfR7GappZBy-uziWO9WLdQ\"],\"description\":\"Cloudbeds is hospitality\u2019s only intelligent growth engine \u2014 a unified platform trusted by the world\u2019s most ambitious hoteliers across 150 countries. Built to challenge the limits of outdated tech stacks, Cloudbeds connects operations, revenue, distribution, and guest experience in one powerful, intuitive system. The platform is enhanced with Signals, a hospitality AI model giving hoteliers the power to anticipate demand, run smarter operations, and craft more personal, profitable guest journeys at scale. Founded in 2012, Cloudbeds has earned top honors from Hotel Tech Report (Top PMS, Hotel Management System, and Channel Manager, 2021\u20132026), the World Travel Awards (World\u2019s Best Hotel PMS Solutions Provider, 2022), and Deloitte\u2019s Technology Fast 500 (2025).\",\"legalName\":\"Cloudbeds Digital Arbitrage\",\"foundingDate\":\"2012-10-10\",\"numberOfEmployees\":{\"@type\":\"QuantitativeValue\",\"minValue\":\"501\",\"maxValue\":\"1000\"},\"publishingPrinciples\":\"https:\/\/www.cloudbeds.com\/es\/centro-recursos\/\",\"ownershipFundingInfo\":\"https:\/\/www.cloudbeds.com\/our-story\/\"}]}<\/script>\n<!-- \/ Yoast SEO Premium plugin. -->","yoast_head_json":{"title":"5 beneficios de usar las agencias de viajes online (OTA)","description":"Descubre por qu\u00e9 los viajeros utilizan las OTA y c\u00f3mo estas pueden ayudar a los hoteleros y anfitriones a conseguir m\u00e1s reservas.","robots":{"index":"index","follow":"follow","max-snippet":"max-snippet:-1","max-image-preview":"max-image-preview:large","max-video-preview":"max-video-preview:-1"},"canonical":"https:\/\/www.cloudbeds.com\/es\/agencias-viajes-online\/ventajas\/","og_locale":"es_ES","og_type":"article","og_title":"5 beneficios de usar las agencias de viajes online (OTA)","og_description":"Descubre por qu\u00e9 los viajeros utilizan las OTA y c\u00f3mo estas pueden ayudar a los hoteleros y anfitriones a conseguir m\u00e1s reservas.","og_url":"https:\/\/www.cloudbeds.com\/es\/agencias-viajes-online\/ventajas\/","og_site_name":"Cloudbeds","article_publisher":"https:\/\/www.facebook.com\/Cloudbeds\/","article_modified_time":"2025-11-03T20:18:41+00:00","og_image":[{"width":1200,"height":630,"url":"https:\/\/www.cloudbeds.com\/wp-content\/uploads\/2023\/10\/featured_OTA_benefits.png","type":"image\/png"}],"twitter_card":"summary_large_image","twitter_site":"@Cloudbeds","schema":{"@context":"https:\/\/schema.org","@graph":[{"@type":"WebPage","@id":"https:\/\/www.cloudbeds.com\/es\/agencias-viajes-online\/ventajas\/","url":"https:\/\/www.cloudbeds.com\/es\/agencias-viajes-online\/ventajas\/","name":"5 beneficios de usar las agencias de viajes online (OTA)","isPartOf":{"@id":"https:\/\/www.cloudbeds.com\/#website"},"primaryImageOfPage":{"@id":"https:\/\/www.cloudbeds.com\/es\/agencias-viajes-online\/ventajas\/#primaryimage"},"image":{"@id":"https:\/\/www.cloudbeds.com\/es\/agencias-viajes-online\/ventajas\/#primaryimage"},"thumbnailUrl":"https:\/\/www.cloudbeds.com\/wp-content\/uploads\/2023\/10\/featured_OTA_benefits.png","datePublished":"2025-10-06T15:55:31+00:00","dateModified":"2025-11-03T20:18:41+00:00","description":"Descubre por qu\u00e9 los viajeros utilizan las OTA y c\u00f3mo estas pueden ayudar a los hoteleros y anfitriones a conseguir m\u00e1s reservas.","breadcrumb":{"@id":"https:\/\/www.cloudbeds.com\/es\/agencias-viajes-online\/ventajas\/#breadcrumb"},"inLanguage":"es","potentialAction":[{"@type":"ReadAction","target":["https:\/\/www.cloudbeds.com\/es\/agencias-viajes-online\/ventajas\/"]}]},{"@type":"ImageObject","inLanguage":"es","@id":"https:\/\/www.cloudbeds.com\/es\/agencias-viajes-online\/ventajas\/#primaryimage","url":"https:\/\/www.cloudbeds.com\/wp-content\/uploads\/2023\/10\/featured_OTA_benefits.png","contentUrl":"https:\/\/www.cloudbeds.com\/wp-content\/uploads\/2023\/10\/featured_OTA_benefits.png","width":1200,"height":630,"caption":"Benefits of Using Online Travel Agencies"},{"@type":"BreadcrumbList","@id":"https:\/\/www.cloudbeds.com\/es\/agencias-viajes-online\/ventajas\/#breadcrumb","itemListElement":[{"@type":"ListItem","position":1,"name":"Home","item":"https:\/\/www.cloudbeds.com\/es\/"},{"@type":"ListItem","position":2,"name":"\u00bfQu\u00e9 son las agencias de viajes online (OTA)? La gu\u00eda definitiva de las OTA","item":"https:\/\/www.cloudbeds.com\/es\/agencias-viajes-online\/"},{"@type":"ListItem","position":3,"name":"5 ventajas de utilizar agencias de viajes online"}]},{"@type":"WebSite","@id":"https:\/\/www.cloudbeds.com\/#website","url":"https:\/\/www.cloudbeds.com\/","name":"Cloudbeds","description":"Hospitality Management Software for Hotels, Hostels and More","publisher":{"@id":"https:\/\/www.cloudbeds.com\/#organization"},"potentialAction":[{"@type":"SearchAction","target":{"@type":"EntryPoint","urlTemplate":"https:\/\/www.cloudbeds.com\/?s={search_term_string}"},"query-input":{"@type":"PropertyValueSpecification","valueRequired":true,"valueName":"search_term_string"}}],"inLanguage":"es"},{"@type":"Organization","@id":"https:\/\/www.cloudbeds.com\/#organization","name":"Cloudbeds","alternateName":"Cloudbeds Digital Arbitrage","url":"https:\/\/www.cloudbeds.com\/","logo":{"@type":"ImageObject","inLanguage":"es","@id":"https:\/\/www.cloudbeds.com\/#\/schema\/logo\/image\/","url":"https:\/\/www.cloudbeds.com\/wp-content\/uploads\/2025\/08\/logo-footer.svg","contentUrl":"https:\/\/www.cloudbeds.com\/wp-content\/uploads\/2025\/08\/logo-footer.svg","width":240,"height":35,"caption":"Cloudbeds"},"image":{"@id":"https:\/\/www.cloudbeds.com\/#\/schema\/logo\/image\/"},"sameAs":["https:\/\/www.facebook.com\/Cloudbeds\/","https:\/\/x.com\/Cloudbeds","https:\/\/www.linkedin.com\/company\/cloudbeds\/","https:\/\/www.youtube.com\/channel\/UCyfR7GappZBy-uziWO9WLdQ"],"description":"Cloudbeds is hospitality\u2019s only intelligent growth engine \u2014 a unified platform trusted by the world\u2019s most ambitious hoteliers across 150 countries. Built to challenge the limits of outdated tech stacks, Cloudbeds connects operations, revenue, distribution, and guest experience in one powerful, intuitive system. The platform is enhanced with Signals, a hospitality AI model giving hoteliers the power to anticipate demand, run smarter operations, and craft more personal, profitable guest journeys at scale. Founded in 2012, Cloudbeds has earned top honors from Hotel Tech Report (Top PMS, Hotel Management System, and Channel Manager, 2021\u20132026), the World Travel Awards (World\u2019s Best Hotel PMS Solutions Provider, 2022), and Deloitte\u2019s Technology Fast 500 (2025).","legalName":"Cloudbeds Digital Arbitrage","foundingDate":"2012-10-10","numberOfEmployees":{"@type":"QuantitativeValue","minValue":"501","maxValue":"1000"},"publishingPrinciples":"https:\/\/www.cloudbeds.com\/es\/centro-recursos\/","ownershipFundingInfo":"https:\/\/www.cloudbeds.com\/our-story\/"}]}},"_links":{"self":[{"href":"https:\/\/www.cloudbeds.com\/es\/wp-json\/wp\/v2\/pages\/50688","targetHints":{"allow":["GET"]}}],"collection":[{"href":"https:\/\/www.cloudbeds.com\/es\/wp-json\/wp\/v2\/pages"}],"about":[{"href":"https:\/\/www.cloudbeds.com\/es\/wp-json\/wp\/v2\/types\/page"}],"author":[{"embeddable":true,"href":"https:\/\/www.cloudbeds.com\/es\/wp-json\/wp\/v2\/users\/93"}],"replies":[{"embeddable":true,"href":"https:\/\/www.cloudbeds.com\/es\/wp-json\/wp\/v2\/comments?post=50688"}],"version-history":[{"count":0,"href":"https:\/\/www.cloudbeds.com\/es\/wp-json\/wp\/v2\/pages\/50688\/revisions"}],"up":[{"embeddable":true,"href":"https:\/\/www.cloudbeds.com\/es\/wp-json\/wp\/v2\/pages\/50686"}],"wp:featuredmedia":[{"embeddable":true,"href":"https:\/\/www.cloudbeds.com\/es\/wp-json\/wp\/v2\/media\/37351"}],"wp:attachment":[{"href":"https:\/\/www.cloudbeds.com\/es\/wp-json\/wp\/v2\/media?parent=50688"}],"wp:term":[{"taxonomy":"category","embeddable":true,"href":"https:\/\/www.cloudbeds.com\/es\/wp-json\/wp\/v2\/categories?post=50688"},{"taxonomy":"wf_page_folders","embeddable":true,"href":"https:\/\/www.cloudbeds.com\/es\/wp-json\/wp\/v2\/wf_page_folders?post=50688"}],"curies":[{"name":"wp","href":"https:\/\/api.w.org\/{rel}","templated":true}]}}