{"id":50931,"date":"2025-10-02T08:57:35","date_gmt":"2025-10-02T15:57:35","guid":{"rendered":"https:\/\/cbdev2.cloudbeds.com\/?page_id=50931"},"modified":"2025-10-02T08:57:37","modified_gmt":"2025-10-02T15:57:37","slug":"mercado","status":"publish","type":"page","link":"https:\/\/www.cloudbeds.com\/es\/agencias-viajes-online\/mercado\/","title":{"rendered":"\u00bfQui\u00e9n es due\u00f1o de qui\u00e9n?"},"content":{"rendered":"\n<figure class=\"wp-block-image size-full is-resized\"><img loading=\"lazy\" decoding=\"async\" width=\"1200\" height=\"630\" src=\"https:\/\/www.cloudbeds.com\/wp-content\/uploads\/2023\/10\/featured_OTA_who_owns.png\" alt=\"Online Travel Agencies Market: Who Owns Who\" class=\"wp-image-37356\" style=\"width:1000px;height:auto\" srcset=\"https:\/\/www.cloudbeds.com\/wp-content\/uploads\/2023\/10\/featured_OTA_who_owns.png 1200w, https:\/\/www.cloudbeds.com\/wp-content\/uploads\/2023\/10\/featured_OTA_who_owns-768x403.png 768w\" sizes=\"auto, (max-width: 1200px) 100vw, 1200px\" \/><\/figure>\n\n\n\n<div class=\"wp-block-group has-stix-two-text-font-family is-vertical is-layout-flex wp-container-core-group-is-layout-a3787630 wp-block-group-is-layout-flex\" style=\"margin-top:var(--wp--preset--spacing--60);margin-bottom:0\">\n<p class=\"has-stix-two-text-font-family has-3-x-large-font-size\" style=\"line-height:1.5\">A primera vista, parece que hay cientos de OTA diferentes en el mercado, pero en realidad, la mayor\u00eda de las OTA son propiedad de grandes marcas como Tripadvisor, Expedia y Booking Holdings.<\/p>\n\n\n\n<p>Numerosas adquisiciones y fusiones han creado enormes empresas poderosas que dominan el mercado actual de las OTA. Estas empresas han diversificado su cartera de negocios de hoteler\u00eda m\u00e1s all\u00e1 de las OTA para incluir sectores como los vuelos, el alquiler de coches, las excursiones y actividades, las reservas en restaurantes, etc. Muchas OTA publican de forma cruzada los listados de propiedades con sus socios y filiales, por lo que diversificar tu combinaci\u00f3n de canales entre las redes puede aumentar mucho la visibilidad.\u00a0\u00a0<\/p>\n\n\n\n<p>La siguiente infograf\u00eda ayuda a ilustrar \u00abqui\u00e9n es due\u00f1o de qui\u00e9n\u00bb en el mundo de las OTA. En algunas adquisiciones, la empresa adquirida sigue funcionando como una filial independiente, mientras que en otros casos la empresa m\u00e1s peque\u00f1a se disuelve y su marca se fusiona con la empresa m\u00e1s grande. Adem\u00e1s, en algunos casos, la empresa adquirida ten\u00eda vinculadas otras empresas y marcas m\u00e1s peque\u00f1as que luego pasan a formar parte de la empresa mayor o son absorbidas por ella. Por lo tanto, esta lista de empresas matrices y filiales no refleja cada una de las fusiones o adquisiciones que han tenido lugar entre cada OTA.<\/p>\n\n\n\n<p>Por ejemplo, Airbnb ha adquirido un pu\u00f1ado de empresas que ahora operan bajo la marca Airbnb, mientras que el Grupo Expedia posee muchas empresas que operan bajo su propia marca pero que son propiedad del Grupo Expedia. Tambi\u00e9n hay que tener en cuenta que, aparte de las OTA, Emirates\/Dnata posee filiales en varias categor\u00edas, como transporte a\u00e9reo, servicios de aviaci\u00f3n, catering de vuelo, asistencia en tierra, carga, etc., no todas las cuales se han incluido aqu\u00ed.<\/p>\n<\/div>\n\n\n\n<figure class=\"wp-block-image\"><img decoding=\"async\" src=\"\/wp-content\/uploads\/2022\/10\/infographic_who_owns-who_ES.png\" alt=\"due\u00f1os de OTAs\" class=\"wp-image-31349\"\/><\/figure>\n\n\n\n<div style=\"height:22px\" aria-hidden=\"true\" class=\"wp-block-spacer\"><\/div>\n\n\n\n<div class=\"wp-block-cloudbeds-cta-block-blog-ebook cta-block-ebook-blue\"><div class=\"max-w-[1368px] mx-auto flex flex-col sm:flex-row sm:items-center justify-between gap-6 rounded-[4px] font-host p-9 py-0 mt-[26px]\"><div class=\"sm:max-w-[360px] max-w-full my-7\"><h2 class=\"text-2xl font-light text-neutral-coffee-05 mb-3\">Discover 90+ OTAs.<\/h2><p class=\"text-base text-neutral-coffee-05 font-light\">Get the full list of OTAs across property types and regions.<\/p><div class=\"flex-shrink-0 mt-7\">\n<div class=\"flex w-full justify-start\">\n  \n    <a\n      href=\"https:\/\/www.cloudbeds.com\/online-travel-agencies\/\"\n      class=\"cloudbeds-custom-button btn-rich-brown text-neutral-white px-4 py-2 rounded-md hover:bg-primary-blue-05 hover:text-neutral-coffee-05 inline-flex items-center gap-2 no-underline transition duration-300 ease-in-out hover:no-underline active:no-underline focus:no-underline\"\n      target=\"_self\"\n      rel=\"\"\n            >\n            <span>Download guide<\/span>\n      <svg xmlns=\"https:\/\/www.w3.org\/2000\/svg\" width=\"20\" height=\"20\" fill=\"currentColor\" viewBox=\"0 0 256 256\"><path d=\"M224,144v64a8,8,0,0,1-8,8H40a8,8,0,0,1-8-8V144a8,8,0,0,1,16,0v56H208V144a8,8,0,0,1,16,0Zm-101.66,5.66a8,8,0,0,0,11.32,0l40-40a8,8,0,0,0-11.32-11.32L136,124.69V32a8,8,0,0,0-16,0v92.69L93.66,98.34a8,8,0,0,0-11.32,11.32Z\"><\/path><\/svg>    <\/a>\n  <\/div><\/div><\/div><div class=\"w-full max-w-[270px] aspect-[544\/560] bg-neutral-coffee-05 flex items-center justify-center text-center text-neutral-chalk-01 text-sm mx-auto sm:mr-0 sm:mt-[-26px] overflow-hidden rounded-t-[4px]\"><img decoding=\"async\" src=\"https:\/\/www.cloudbeds.com\/wp-content\/uploads\/2025\/02\/banner_BBOTA_EN.webp\" alt=\"\" class=\"w-full h-full object-cover\"\/><\/div><\/div><\/div>\n","protected":false},"excerpt":{"rendered":"<p>Cientos de nombres de OTAs, pero solo unos pocos actores muy poderosos. Descubre las estructuras que dan forma al mercado actual de los viajes online.<\/p>\n","protected":false},"author":93,"featured_media":37356,"parent":50686,"menu_order":7,"comment_status":"closed","ping_status":"closed","template":"content-hub-page","meta":{"_acf_changed":true,"footnotes":""},"categories":[],"wf_page_folders":[11383],"class_list":["post-50931","page","type-page","status-publish","has-post-thumbnail","hentry"],"acf":[],"yoast_head":"<!-- This site is optimized with the Yoast SEO Premium plugin v27.0 (Yoast SEO v27.0) - https:\/\/yoast.com\/product\/yoast-seo-premium-wordpress\/ -->\n<title>Mercado de las OTAs: Qui\u00e9n es due\u00f1o de qui\u00e9n<\/title>\n<meta name=\"description\" content=\"Infograf\u00eda del mercado de las agencias de viajes online. Las empresas de marcas como Tripadvisor, Expedia, Booking Holdings y m\u00e1s.\" \/>\n<meta name=\"robots\" content=\"index, follow, max-snippet:-1, max-image-preview:large, max-video-preview:-1\" \/>\n<link rel=\"canonical\" href=\"https:\/\/www.cloudbeds.com\/es\/agencias-viajes-online\/mercado\/\" \/>\n<meta property=\"og:locale\" content=\"es_ES\" \/>\n<meta property=\"og:type\" content=\"article\" \/>\n<meta property=\"og:title\" content=\"Mercado de las OTAs: Qui\u00e9n es due\u00f1o de qui\u00e9n\" \/>\n<meta property=\"og:description\" content=\"Infograf\u00eda del mercado de las agencias de viajes online. Las empresas de marcas como Tripadvisor, Expedia, Booking Holdings y m\u00e1s.\" \/>\n<meta property=\"og:url\" content=\"https:\/\/www.cloudbeds.com\/es\/agencias-viajes-online\/mercado\/\" \/>\n<meta property=\"og:site_name\" content=\"Cloudbeds\" \/>\n<meta property=\"article:publisher\" content=\"https:\/\/www.facebook.com\/Cloudbeds\/\" \/>\n<meta property=\"article:modified_time\" content=\"2025-10-02T15:57:37+00:00\" \/>\n<meta property=\"og:image\" content=\"https:\/\/www.cloudbeds.com\/wp-content\/uploads\/2023\/10\/featured_OTA_who_owns.png\" \/>\n\t<meta property=\"og:image:width\" content=\"1200\" \/>\n\t<meta property=\"og:image:height\" content=\"630\" \/>\n\t<meta property=\"og:image:type\" content=\"image\/png\" \/>\n<meta name=\"twitter:card\" content=\"summary_large_image\" \/>\n<meta name=\"twitter:site\" content=\"@Cloudbeds\" \/>\n<script type=\"application\/ld+json\" class=\"yoast-schema-graph\">{\"@context\":\"https:\/\/schema.org\",\"@graph\":[{\"@type\":\"WebPage\",\"@id\":\"https:\/\/www.cloudbeds.com\/es\/agencias-viajes-online\/mercado\/\",\"url\":\"https:\/\/www.cloudbeds.com\/es\/agencias-viajes-online\/mercado\/\",\"name\":\"Mercado de las OTAs: Qui\u00e9n es due\u00f1o de qui\u00e9n\",\"isPartOf\":{\"@id\":\"https:\/\/www.cloudbeds.com\/#website\"},\"primaryImageOfPage\":{\"@id\":\"https:\/\/www.cloudbeds.com\/es\/agencias-viajes-online\/mercado\/#primaryimage\"},\"image\":{\"@id\":\"https:\/\/www.cloudbeds.com\/es\/agencias-viajes-online\/mercado\/#primaryimage\"},\"thumbnailUrl\":\"https:\/\/www.cloudbeds.com\/wp-content\/uploads\/2023\/10\/featured_OTA_who_owns.png\",\"datePublished\":\"2025-10-02T15:57:35+00:00\",\"dateModified\":\"2025-10-02T15:57:37+00:00\",\"description\":\"Infograf\u00eda del mercado de las agencias de viajes online. Las empresas de marcas como Tripadvisor, Expedia, Booking Holdings y m\u00e1s.\",\"breadcrumb\":{\"@id\":\"https:\/\/www.cloudbeds.com\/es\/agencias-viajes-online\/mercado\/#breadcrumb\"},\"inLanguage\":\"es\",\"potentialAction\":[{\"@type\":\"ReadAction\",\"target\":[\"https:\/\/www.cloudbeds.com\/es\/agencias-viajes-online\/mercado\/\"]}]},{\"@type\":\"ImageObject\",\"inLanguage\":\"es\",\"@id\":\"https:\/\/www.cloudbeds.com\/es\/agencias-viajes-online\/mercado\/#primaryimage\",\"url\":\"https:\/\/www.cloudbeds.com\/wp-content\/uploads\/2023\/10\/featured_OTA_who_owns.png\",\"contentUrl\":\"https:\/\/www.cloudbeds.com\/wp-content\/uploads\/2023\/10\/featured_OTA_who_owns.png\",\"width\":1200,\"height\":630,\"caption\":\"Online Travel Agencies Market: Who Owns Who\"},{\"@type\":\"BreadcrumbList\",\"@id\":\"https:\/\/www.cloudbeds.com\/es\/agencias-viajes-online\/mercado\/#breadcrumb\",\"itemListElement\":[{\"@type\":\"ListItem\",\"position\":1,\"name\":\"Home\",\"item\":\"https:\/\/www.cloudbeds.com\/es\/\"},{\"@type\":\"ListItem\",\"position\":2,\"name\":\"\u00bfQu\u00e9 son las agencias de viajes online (OTA)? La gu\u00eda definitiva de las OTA\",\"item\":\"https:\/\/www.cloudbeds.com\/es\/agencias-viajes-online\/\"},{\"@type\":\"ListItem\",\"position\":3,\"name\":\"\u00bfQui\u00e9n es due\u00f1o de qui\u00e9n?\"}]},{\"@type\":\"WebSite\",\"@id\":\"https:\/\/www.cloudbeds.com\/#website\",\"url\":\"https:\/\/www.cloudbeds.com\/\",\"name\":\"Cloudbeds\",\"description\":\"Hospitality Management Software for Hotels, Hostels and More\",\"publisher\":{\"@id\":\"https:\/\/www.cloudbeds.com\/#organization\"},\"potentialAction\":[{\"@type\":\"SearchAction\",\"target\":{\"@type\":\"EntryPoint\",\"urlTemplate\":\"https:\/\/www.cloudbeds.com\/?s={search_term_string}\"},\"query-input\":{\"@type\":\"PropertyValueSpecification\",\"valueRequired\":true,\"valueName\":\"search_term_string\"}}],\"inLanguage\":\"es\"},{\"@type\":\"Organization\",\"@id\":\"https:\/\/www.cloudbeds.com\/#organization\",\"name\":\"Cloudbeds\",\"alternateName\":\"Cloudbeds Digital Arbitrage\",\"url\":\"https:\/\/www.cloudbeds.com\/\",\"logo\":{\"@type\":\"ImageObject\",\"inLanguage\":\"es\",\"@id\":\"https:\/\/www.cloudbeds.com\/#\/schema\/logo\/image\/\",\"url\":\"https:\/\/www.cloudbeds.com\/wp-content\/uploads\/2025\/08\/logo-footer.svg\",\"contentUrl\":\"https:\/\/www.cloudbeds.com\/wp-content\/uploads\/2025\/08\/logo-footer.svg\",\"width\":240,\"height\":35,\"caption\":\"Cloudbeds\"},\"image\":{\"@id\":\"https:\/\/www.cloudbeds.com\/#\/schema\/logo\/image\/\"},\"sameAs\":[\"https:\/\/www.facebook.com\/Cloudbeds\/\",\"https:\/\/x.com\/Cloudbeds\",\"https:\/\/www.linkedin.com\/company\/cloudbeds\/\",\"https:\/\/www.youtube.com\/channel\/UCyfR7GappZBy-uziWO9WLdQ\"],\"description\":\"Cloudbeds is hospitality\u2019s only intelligent growth engine \u2014 a unified platform trusted by the world\u2019s most ambitious hoteliers across 150 countries. Built to challenge the limits of outdated tech stacks, Cloudbeds connects operations, revenue, distribution, and guest experience in one powerful, intuitive system. The platform is enhanced with Signals, a hospitality AI model giving hoteliers the power to anticipate demand, run smarter operations, and craft more personal, profitable guest journeys at scale. Founded in 2012, Cloudbeds has earned top honors from Hotel Tech Report (Top PMS, Hotel Management System, and Channel Manager, 2021\u20132026), the World Travel Awards (World\u2019s Best Hotel PMS Solutions Provider, 2022), and Deloitte\u2019s Technology Fast 500 (2025).\",\"legalName\":\"Cloudbeds Digital Arbitrage\",\"foundingDate\":\"2012-10-10\",\"numberOfEmployees\":{\"@type\":\"QuantitativeValue\",\"minValue\":\"501\",\"maxValue\":\"1000\"},\"publishingPrinciples\":\"https:\/\/www.cloudbeds.com\/es\/centro-recursos\/\",\"ownershipFundingInfo\":\"https:\/\/www.cloudbeds.com\/our-story\/\"}]}<\/script>\n<!-- \/ Yoast SEO Premium plugin. -->","yoast_head_json":{"title":"Mercado de las OTAs: Qui\u00e9n es due\u00f1o de qui\u00e9n","description":"Infograf\u00eda del mercado de las agencias de viajes online. Las empresas de marcas como Tripadvisor, Expedia, Booking Holdings y m\u00e1s.","robots":{"index":"index","follow":"follow","max-snippet":"max-snippet:-1","max-image-preview":"max-image-preview:large","max-video-preview":"max-video-preview:-1"},"canonical":"https:\/\/www.cloudbeds.com\/es\/agencias-viajes-online\/mercado\/","og_locale":"es_ES","og_type":"article","og_title":"Mercado de las OTAs: Qui\u00e9n es due\u00f1o de qui\u00e9n","og_description":"Infograf\u00eda del mercado de las agencias de viajes online. Las empresas de marcas como Tripadvisor, Expedia, Booking Holdings y m\u00e1s.","og_url":"https:\/\/www.cloudbeds.com\/es\/agencias-viajes-online\/mercado\/","og_site_name":"Cloudbeds","article_publisher":"https:\/\/www.facebook.com\/Cloudbeds\/","article_modified_time":"2025-10-02T15:57:37+00:00","og_image":[{"width":1200,"height":630,"url":"https:\/\/www.cloudbeds.com\/wp-content\/uploads\/2023\/10\/featured_OTA_who_owns.png","type":"image\/png"}],"twitter_card":"summary_large_image","twitter_site":"@Cloudbeds","schema":{"@context":"https:\/\/schema.org","@graph":[{"@type":"WebPage","@id":"https:\/\/www.cloudbeds.com\/es\/agencias-viajes-online\/mercado\/","url":"https:\/\/www.cloudbeds.com\/es\/agencias-viajes-online\/mercado\/","name":"Mercado de las OTAs: Qui\u00e9n es due\u00f1o de qui\u00e9n","isPartOf":{"@id":"https:\/\/www.cloudbeds.com\/#website"},"primaryImageOfPage":{"@id":"https:\/\/www.cloudbeds.com\/es\/agencias-viajes-online\/mercado\/#primaryimage"},"image":{"@id":"https:\/\/www.cloudbeds.com\/es\/agencias-viajes-online\/mercado\/#primaryimage"},"thumbnailUrl":"https:\/\/www.cloudbeds.com\/wp-content\/uploads\/2023\/10\/featured_OTA_who_owns.png","datePublished":"2025-10-02T15:57:35+00:00","dateModified":"2025-10-02T15:57:37+00:00","description":"Infograf\u00eda del mercado de las agencias de viajes online. Las empresas de marcas como Tripadvisor, Expedia, Booking Holdings y m\u00e1s.","breadcrumb":{"@id":"https:\/\/www.cloudbeds.com\/es\/agencias-viajes-online\/mercado\/#breadcrumb"},"inLanguage":"es","potentialAction":[{"@type":"ReadAction","target":["https:\/\/www.cloudbeds.com\/es\/agencias-viajes-online\/mercado\/"]}]},{"@type":"ImageObject","inLanguage":"es","@id":"https:\/\/www.cloudbeds.com\/es\/agencias-viajes-online\/mercado\/#primaryimage","url":"https:\/\/www.cloudbeds.com\/wp-content\/uploads\/2023\/10\/featured_OTA_who_owns.png","contentUrl":"https:\/\/www.cloudbeds.com\/wp-content\/uploads\/2023\/10\/featured_OTA_who_owns.png","width":1200,"height":630,"caption":"Online Travel Agencies Market: Who Owns Who"},{"@type":"BreadcrumbList","@id":"https:\/\/www.cloudbeds.com\/es\/agencias-viajes-online\/mercado\/#breadcrumb","itemListElement":[{"@type":"ListItem","position":1,"name":"Home","item":"https:\/\/www.cloudbeds.com\/es\/"},{"@type":"ListItem","position":2,"name":"\u00bfQu\u00e9 son las agencias de viajes online (OTA)? La gu\u00eda definitiva de las OTA","item":"https:\/\/www.cloudbeds.com\/es\/agencias-viajes-online\/"},{"@type":"ListItem","position":3,"name":"\u00bfQui\u00e9n es due\u00f1o de qui\u00e9n?"}]},{"@type":"WebSite","@id":"https:\/\/www.cloudbeds.com\/#website","url":"https:\/\/www.cloudbeds.com\/","name":"Cloudbeds","description":"Hospitality Management Software for Hotels, Hostels and More","publisher":{"@id":"https:\/\/www.cloudbeds.com\/#organization"},"potentialAction":[{"@type":"SearchAction","target":{"@type":"EntryPoint","urlTemplate":"https:\/\/www.cloudbeds.com\/?s={search_term_string}"},"query-input":{"@type":"PropertyValueSpecification","valueRequired":true,"valueName":"search_term_string"}}],"inLanguage":"es"},{"@type":"Organization","@id":"https:\/\/www.cloudbeds.com\/#organization","name":"Cloudbeds","alternateName":"Cloudbeds Digital Arbitrage","url":"https:\/\/www.cloudbeds.com\/","logo":{"@type":"ImageObject","inLanguage":"es","@id":"https:\/\/www.cloudbeds.com\/#\/schema\/logo\/image\/","url":"https:\/\/www.cloudbeds.com\/wp-content\/uploads\/2025\/08\/logo-footer.svg","contentUrl":"https:\/\/www.cloudbeds.com\/wp-content\/uploads\/2025\/08\/logo-footer.svg","width":240,"height":35,"caption":"Cloudbeds"},"image":{"@id":"https:\/\/www.cloudbeds.com\/#\/schema\/logo\/image\/"},"sameAs":["https:\/\/www.facebook.com\/Cloudbeds\/","https:\/\/x.com\/Cloudbeds","https:\/\/www.linkedin.com\/company\/cloudbeds\/","https:\/\/www.youtube.com\/channel\/UCyfR7GappZBy-uziWO9WLdQ"],"description":"Cloudbeds is hospitality\u2019s only intelligent growth engine \u2014 a unified platform trusted by the world\u2019s most ambitious hoteliers across 150 countries. Built to challenge the limits of outdated tech stacks, Cloudbeds connects operations, revenue, distribution, and guest experience in one powerful, intuitive system. The platform is enhanced with Signals, a hospitality AI model giving hoteliers the power to anticipate demand, run smarter operations, and craft more personal, profitable guest journeys at scale. Founded in 2012, Cloudbeds has earned top honors from Hotel Tech Report (Top PMS, Hotel Management System, and Channel Manager, 2021\u20132026), the World Travel Awards (World\u2019s Best Hotel PMS Solutions Provider, 2022), and Deloitte\u2019s Technology Fast 500 (2025).","legalName":"Cloudbeds Digital Arbitrage","foundingDate":"2012-10-10","numberOfEmployees":{"@type":"QuantitativeValue","minValue":"501","maxValue":"1000"},"publishingPrinciples":"https:\/\/www.cloudbeds.com\/es\/centro-recursos\/","ownershipFundingInfo":"https:\/\/www.cloudbeds.com\/our-story\/"}]}},"_links":{"self":[{"href":"https:\/\/www.cloudbeds.com\/es\/wp-json\/wp\/v2\/pages\/50931","targetHints":{"allow":["GET"]}}],"collection":[{"href":"https:\/\/www.cloudbeds.com\/es\/wp-json\/wp\/v2\/pages"}],"about":[{"href":"https:\/\/www.cloudbeds.com\/es\/wp-json\/wp\/v2\/types\/page"}],"author":[{"embeddable":true,"href":"https:\/\/www.cloudbeds.com\/es\/wp-json\/wp\/v2\/users\/93"}],"replies":[{"embeddable":true,"href":"https:\/\/www.cloudbeds.com\/es\/wp-json\/wp\/v2\/comments?post=50931"}],"version-history":[{"count":0,"href":"https:\/\/www.cloudbeds.com\/es\/wp-json\/wp\/v2\/pages\/50931\/revisions"}],"up":[{"embeddable":true,"href":"https:\/\/www.cloudbeds.com\/es\/wp-json\/wp\/v2\/pages\/50686"}],"wp:featuredmedia":[{"embeddable":true,"href":"https:\/\/www.cloudbeds.com\/es\/wp-json\/wp\/v2\/media\/37356"}],"wp:attachment":[{"href":"https:\/\/www.cloudbeds.com\/es\/wp-json\/wp\/v2\/media?parent=50931"}],"wp:term":[{"taxonomy":"category","embeddable":true,"href":"https:\/\/www.cloudbeds.com\/es\/wp-json\/wp\/v2\/categories?post=50931"},{"taxonomy":"wf_page_folders","embeddable":true,"href":"https:\/\/www.cloudbeds.com\/es\/wp-json\/wp\/v2\/wf_page_folders?post=50931"}],"curies":[{"name":"wp","href":"https:\/\/api.w.org\/{rel}","templated":true}]}}