{"id":50934,"date":"2025-10-02T09:18:20","date_gmt":"2025-10-02T16:18:20","guid":{"rendered":"https:\/\/cbdev2.cloudbeds.com\/?page_id=50934"},"modified":"2025-10-02T09:18:22","modified_gmt":"2025-10-02T16:18:22","slug":"listado","status":"publish","type":"page","link":"https:\/\/www.cloudbeds.com\/es\/agencias-viajes-online\/listado\/","title":{"rendered":"Directorio de m\u00e1s de 90 agencias de viajes online"},"content":{"rendered":"\n<figure class=\"wp-block-image size-full is-resized\"><img loading=\"lazy\" decoding=\"async\" width=\"1200\" height=\"630\" src=\"https:\/\/www.cloudbeds.com\/wp-content\/uploads\/2023\/10\/featured_directory.png\" alt=\"OTA Directory\" class=\"wp-image-37357\" style=\"width:1000px;height:auto\" srcset=\"https:\/\/www.cloudbeds.com\/wp-content\/uploads\/2023\/10\/featured_directory.png 1200w, https:\/\/www.cloudbeds.com\/wp-content\/uploads\/2023\/10\/featured_directory-768x403.png 768w\" sizes=\"auto, (max-width: 1200px) 100vw, 1200px\" \/><\/figure>\n\n\n\n<div class=\"wp-block-group has-stix-two-text-font-family is-vertical is-layout-flex wp-container-core-group-is-layout-a3787630 wp-block-group-is-layout-flex\" style=\"margin-top:var(--wp--preset--spacing--60);margin-bottom:0\">\n<p class=\"has-stix-two-text-font-family has-3-x-large-font-size\" style=\"line-height:1.5\">Ahora tienes la preparaci\u00f3n para construir tu mezcla ideal de canales.<\/p>\n\n\n\n<p>Aseg\u00farate de incorporar las OTA m\u00e1s importantes, las regionales y las especializadas para llegar al mayor n\u00famero de viajeros y beneficiarte del efecto Billboard.&nbsp;<\/p>\n\n\n\n<p>Recuerda que las comisiones var\u00edan seg\u00fan el modelo de negocio de la OTA:&nbsp;<\/p>\n\n\n\n<ul class=\"wp-block-list\">\n<li>Las comisiones del modelo de agencia suelen oscilar entre el 5 y el 15%.\u00a0<\/li>\n\n\n\n<li>Los modelos mercantiles suelen requerir una tarifa con descuento del 15-25% sobre la mejor tarifa disponible (BAR, o <em>Best Available Rate<\/em> en ingl\u00e9s).\u00a0<\/li>\n\n\n\n<li>Los canales mayoristas suelen exigir la tarifa BAR m\u00e1s descuento, y a menudo son opacos y se agrupan con vuelos y coches en un paquete de vacaciones. Las tarifas al por mayor suelen ponerse a disposici\u00f3n de otros distribuidores, como las agencias de viajes, y no se venden directamente al consumidor final del viaje.\u00a0<\/li>\n\n\n\n<li>Un sistema GDS admite todos los modelos de negocio.<\/li>\n<\/ul>\n\n\n\n<p>A modo de recordatorio, esta es la receta de la mezcla de canales que debes utilizar:\u00a0<\/p>\n<\/div>\n\n\n\n<figure class=\"wp-block-image\"><img loading=\"lazy\" decoding=\"async\" width=\"1300\" height=\"2423\" src=\"https:\/\/www.cloudbeds.com\/wp-content\/uploads\/2022\/09\/channel_recipe_es@2x.png\" alt=\"\" class=\"wp-image-31860\" srcset=\"https:\/\/www.cloudbeds.com\/wp-content\/uploads\/2022\/09\/channel_recipe_es@2x.png 1300w, https:\/\/www.cloudbeds.com\/wp-content\/uploads\/2022\/09\/channel_recipe_es@2x-768x1431.png 768w, https:\/\/www.cloudbeds.com\/wp-content\/uploads\/2022\/09\/channel_recipe_es@2x-824x1536.png 824w, https:\/\/www.cloudbeds.com\/wp-content\/uploads\/2022\/09\/channel_recipe_es@2x-1099x2048.png 1099w\" sizes=\"auto, (max-width: 1300px) 100vw, 1300px\" \/><\/figure>\n\n\n\n<div class=\"wp-block-group has-stix-two-text-font-family is-vertical is-layout-flex wp-container-core-group-is-layout-a3787630 wp-block-group-is-layout-flex\" style=\"margin-top:var(--wp--preset--spacing--60);margin-bottom:0\">\n<h2 class=\"wp-block-heading has-3-x-large-font-size\" id=\"h-directorio-de-otas\">Directorio de OTAs<\/h2>\n\n\n\n<p>Para obtener el perfil completo de cada OTA, que incluye categor\u00eda, descripci\u00f3n, geograf\u00eda, segmentos de mercado objetivo y tipos de propiedades a las que presta servicio, descargue el Gran Libro de las OTA. He aqu\u00ed un adelanto de algunos de los canales incluidos:<\/p>\n\n\n\n<ul class=\"wp-block-list\">\n<li>9Flats<\/li>\n\n\n\n<li>Agoda<\/li>\n\n\n\n<li>Airbnb<\/li>\n\n\n\n<li>Altovita<\/li>\n\n\n\n<li>AsiaYo<\/li>\n\n\n\n<li>Atr\u00e1palo<\/li>\n\n\n\n<li>BBPlanet<\/li>\n\n\n\n<li>bedandbreakfast.eu<\/li>\n\n\n\n<li>bedandbreakfast.it<\/li>\n\n\n\n<li>bedandbreakfast.nlv Booking.com<\/li>\n\n\n\n<li>Coliving<\/li>\n\n\n\n<li>CVC<\/li>\n\n\n\n<li>Trip.com<\/li>\n\n\n\n<li>Decolar \/ Despegarv Dorms.com<\/li>\n\n\n\n<li>Ebab<\/li>\n\n\n\n<li>Edreams<\/li>\n\n\n\n<li>Expedia<\/li>\n\n\n\n<li>GlampingHub<\/li>\n\n\n\n<li>Goibibo<\/li>\n\n\n\n<li>Google Free Booking Links<\/li>\n\n\n\n<li>HipCamp<\/li>\n\n\n\n<li>Hopper<\/li>\n\n\n\n<li>HostelsClub<\/li>\n\n\n\n<li>HostelWorld<\/li>\n\n\n\n<li>HotelBeds<\/li>\n\n\n\n<li>Hotels.com<\/li>\n\n\n\n<li>HotelsCombined (Revato)<\/li>\n\n\n\n<li>HotelTonight<\/li>\n\n\n\n<li>Hotelnet<\/li>\n\n\n\n<li>Keytel (formerly Hotusa)<\/li>\n\n\n\n<li>HRS<\/li>\n\n\n\n<li>i-escape<\/li>\n\n\n\n<li>Icastelli.net<\/li>\n\n\n\n<li>Iko.travel<\/li>\n\n\n\n<li>Lastminute.com<\/li>\n\n\n\n<li>Mr &amp; Mrs Smith<\/li>\n\n\n\n<li>ODIGEO Connect<\/li>\n\n\n\n<li>PegiPegi<\/li>\n\n\n\n<li>Pitchup<\/li>\n\n\n\n<li>Prestigia<\/li>\n\n\n\n<li>Reconline<\/li>\n\n\n\n<li>Restel<\/li>\n\n\n\n<li>Speedybooker<\/li>\n\n\n\n<li>StayBonanza<\/li>\n\n\n\n<li>SurfHolidays<\/li>\n\n\n\n<li>Tablet Hotels<\/li>\n<\/ul>\n<\/div>\n\n\n\n<div style=\"height:22px\" aria-hidden=\"true\" class=\"wp-block-spacer\"><\/div>\n\n\n\n<div class=\"wp-block-cloudbeds-cta-block-blog-ebook cta-block-ebook-blue\"><div class=\"max-w-[1368px] mx-auto flex flex-col sm:flex-row sm:items-center justify-between gap-6 rounded-[4px] font-host p-9 py-0 mt-[26px]\"><div class=\"sm:max-w-[360px] max-w-full my-7\"><h2 class=\"text-2xl font-light text-neutral-coffee-05 mb-3\">Discover 90+ OTAs.<\/h2><p class=\"text-base text-neutral-coffee-05 font-light\">Get the full list of OTAs across property types and regions.<\/p><div class=\"flex-shrink-0 mt-7\">\n<div class=\"flex w-full justify-start\">\n  \n    <a\n      href=\"https:\/\/www.cloudbeds.com\/online-travel-agencies\/\"\n      class=\"cloudbeds-custom-button btn-rich-brown text-neutral-white px-4 py-2 rounded-md hover:bg-primary-blue-05 hover:text-neutral-coffee-05 inline-flex items-center gap-2 no-underline transition duration-300 ease-in-out hover:no-underline active:no-underline focus:no-underline\"\n      target=\"_self\"\n      rel=\"\"\n            >\n            <span>Download guide<\/span>\n      <svg xmlns=\"https:\/\/www.w3.org\/2000\/svg\" width=\"20\" height=\"20\" fill=\"currentColor\" viewBox=\"0 0 256 256\"><path d=\"M224,144v64a8,8,0,0,1-8,8H40a8,8,0,0,1-8-8V144a8,8,0,0,1,16,0v56H208V144a8,8,0,0,1,16,0Zm-101.66,5.66a8,8,0,0,0,11.32,0l40-40a8,8,0,0,0-11.32-11.32L136,124.69V32a8,8,0,0,0-16,0v92.69L93.66,98.34a8,8,0,0,0-11.32,11.32Z\"><\/path><\/svg>    <\/a>\n  <\/div><\/div><\/div><div class=\"w-full max-w-[270px] aspect-[544\/560] bg-neutral-coffee-05 flex items-center justify-center text-center text-neutral-chalk-01 text-sm mx-auto sm:mr-0 sm:mt-[-26px] overflow-hidden rounded-t-[4px]\"><img decoding=\"async\" src=\"https:\/\/www.cloudbeds.com\/wp-content\/uploads\/2025\/02\/banner_BBOTA_EN.webp\" alt=\"\" class=\"w-full h-full object-cover\"\/><\/div><\/div><\/div>\n","protected":false},"excerpt":{"rendered":"<p>Tu estrategia ideal para las OTA no consiste en copiar y pegar. Descarga la gu\u00eda para encontrar los canales que m\u00e1s convienen para tu hotel.<\/p>\n","protected":false},"author":93,"featured_media":37357,"parent":50686,"menu_order":8,"comment_status":"closed","ping_status":"closed","template":"content-hub-page","meta":{"_acf_changed":true,"footnotes":""},"categories":[],"wf_page_folders":[11383],"class_list":["post-50934","page","type-page","status-publish","has-post-thumbnail","hentry"],"acf":[],"yoast_head":"<!-- This site is optimized with the Yoast SEO Premium plugin v27.0 (Yoast SEO v27.0) - https:\/\/yoast.com\/product\/yoast-seo-premium-wordpress\/ -->\n<title>Directorio de +90 agencias de viajes en l\u00ednea 2025<\/title>\n<meta name=\"description\" content=\"M\u00e1s de 90 agencias de viajes en l\u00ednea OTA utilizadas por viajeros y empresas de alojamiento a nivel global, regional y de nicho.\" \/>\n<meta name=\"robots\" content=\"index, follow, max-snippet:-1, max-image-preview:large, max-video-preview:-1\" \/>\n<link rel=\"canonical\" href=\"https:\/\/www.cloudbeds.com\/es\/agencias-viajes-online\/listado\/\" \/>\n<meta property=\"og:locale\" content=\"es_ES\" \/>\n<meta property=\"og:type\" content=\"article\" \/>\n<meta property=\"og:title\" content=\"Directorio de +90 agencias de viajes en l\u00ednea 2025\" \/>\n<meta property=\"og:description\" content=\"M\u00e1s de 90 agencias de viajes en l\u00ednea OTA utilizadas por viajeros y empresas de alojamiento a nivel global, regional y de nicho.\" \/>\n<meta property=\"og:url\" content=\"https:\/\/www.cloudbeds.com\/es\/agencias-viajes-online\/listado\/\" \/>\n<meta property=\"og:site_name\" content=\"Cloudbeds\" \/>\n<meta property=\"article:publisher\" content=\"https:\/\/www.facebook.com\/Cloudbeds\/\" \/>\n<meta property=\"article:modified_time\" content=\"2025-10-02T16:18:22+00:00\" \/>\n<meta property=\"og:image\" content=\"https:\/\/www.cloudbeds.com\/wp-content\/uploads\/2023\/10\/featured_directory.png\" \/>\n\t<meta property=\"og:image:width\" content=\"1200\" \/>\n\t<meta property=\"og:image:height\" content=\"630\" \/>\n\t<meta property=\"og:image:type\" content=\"image\/png\" \/>\n<meta name=\"twitter:card\" content=\"summary_large_image\" \/>\n<meta name=\"twitter:site\" content=\"@Cloudbeds\" \/>\n<meta name=\"twitter:label1\" content=\"Tiempo de lectura\" \/>\n\t<meta name=\"twitter:data1\" content=\"3 minutos\" \/>\n<script type=\"application\/ld+json\" class=\"yoast-schema-graph\">{\"@context\":\"https:\/\/schema.org\",\"@graph\":[{\"@type\":\"WebPage\",\"@id\":\"https:\/\/www.cloudbeds.com\/es\/agencias-viajes-online\/listado\/\",\"url\":\"https:\/\/www.cloudbeds.com\/es\/agencias-viajes-online\/listado\/\",\"name\":\"Directorio de +90 agencias de viajes en l\u00ednea 2025\",\"isPartOf\":{\"@id\":\"https:\/\/www.cloudbeds.com\/#website\"},\"primaryImageOfPage\":{\"@id\":\"https:\/\/www.cloudbeds.com\/es\/agencias-viajes-online\/listado\/#primaryimage\"},\"image\":{\"@id\":\"https:\/\/www.cloudbeds.com\/es\/agencias-viajes-online\/listado\/#primaryimage\"},\"thumbnailUrl\":\"https:\/\/www.cloudbeds.com\/wp-content\/uploads\/2023\/10\/featured_directory.png\",\"datePublished\":\"2025-10-02T16:18:20+00:00\",\"dateModified\":\"2025-10-02T16:18:22+00:00\",\"description\":\"M\u00e1s de 90 agencias de viajes en l\u00ednea OTA utilizadas por viajeros y empresas de alojamiento a nivel global, regional y de nicho.\",\"breadcrumb\":{\"@id\":\"https:\/\/www.cloudbeds.com\/es\/agencias-viajes-online\/listado\/#breadcrumb\"},\"inLanguage\":\"es\",\"potentialAction\":[{\"@type\":\"ReadAction\",\"target\":[\"https:\/\/www.cloudbeds.com\/es\/agencias-viajes-online\/listado\/\"]}]},{\"@type\":\"ImageObject\",\"inLanguage\":\"es\",\"@id\":\"https:\/\/www.cloudbeds.com\/es\/agencias-viajes-online\/listado\/#primaryimage\",\"url\":\"https:\/\/www.cloudbeds.com\/wp-content\/uploads\/2023\/10\/featured_directory.png\",\"contentUrl\":\"https:\/\/www.cloudbeds.com\/wp-content\/uploads\/2023\/10\/featured_directory.png\",\"width\":1200,\"height\":630,\"caption\":\"OTA Directory\"},{\"@type\":\"BreadcrumbList\",\"@id\":\"https:\/\/www.cloudbeds.com\/es\/agencias-viajes-online\/listado\/#breadcrumb\",\"itemListElement\":[{\"@type\":\"ListItem\",\"position\":1,\"name\":\"Home\",\"item\":\"https:\/\/www.cloudbeds.com\/es\/\"},{\"@type\":\"ListItem\",\"position\":2,\"name\":\"\u00bfQu\u00e9 son las agencias de viajes online (OTA)? La gu\u00eda definitiva de las OTA\",\"item\":\"https:\/\/www.cloudbeds.com\/es\/agencias-viajes-online\/\"},{\"@type\":\"ListItem\",\"position\":3,\"name\":\"Directorio de m\u00e1s de 90 agencias de viajes online\"}]},{\"@type\":\"WebSite\",\"@id\":\"https:\/\/www.cloudbeds.com\/#website\",\"url\":\"https:\/\/www.cloudbeds.com\/\",\"name\":\"Cloudbeds\",\"description\":\"Hospitality Management Software for Hotels, Hostels and More\",\"publisher\":{\"@id\":\"https:\/\/www.cloudbeds.com\/#organization\"},\"potentialAction\":[{\"@type\":\"SearchAction\",\"target\":{\"@type\":\"EntryPoint\",\"urlTemplate\":\"https:\/\/www.cloudbeds.com\/?s={search_term_string}\"},\"query-input\":{\"@type\":\"PropertyValueSpecification\",\"valueRequired\":true,\"valueName\":\"search_term_string\"}}],\"inLanguage\":\"es\"},{\"@type\":\"Organization\",\"@id\":\"https:\/\/www.cloudbeds.com\/#organization\",\"name\":\"Cloudbeds\",\"alternateName\":\"Cloudbeds Digital Arbitrage\",\"url\":\"https:\/\/www.cloudbeds.com\/\",\"logo\":{\"@type\":\"ImageObject\",\"inLanguage\":\"es\",\"@id\":\"https:\/\/www.cloudbeds.com\/#\/schema\/logo\/image\/\",\"url\":\"https:\/\/www.cloudbeds.com\/wp-content\/uploads\/2025\/08\/logo-footer.svg\",\"contentUrl\":\"https:\/\/www.cloudbeds.com\/wp-content\/uploads\/2025\/08\/logo-footer.svg\",\"width\":240,\"height\":35,\"caption\":\"Cloudbeds\"},\"image\":{\"@id\":\"https:\/\/www.cloudbeds.com\/#\/schema\/logo\/image\/\"},\"sameAs\":[\"https:\/\/www.facebook.com\/Cloudbeds\/\",\"https:\/\/x.com\/Cloudbeds\",\"https:\/\/www.linkedin.com\/company\/cloudbeds\/\",\"https:\/\/www.youtube.com\/channel\/UCyfR7GappZBy-uziWO9WLdQ\"],\"description\":\"Cloudbeds is hospitality\u2019s only intelligent growth engine \u2014 a unified platform trusted by the world\u2019s most ambitious hoteliers across 150 countries. Built to challenge the limits of outdated tech stacks, Cloudbeds connects operations, revenue, distribution, and guest experience in one powerful, intuitive system. The platform is enhanced with Signals, a hospitality AI model giving hoteliers the power to anticipate demand, run smarter operations, and craft more personal, profitable guest journeys at scale. Founded in 2012, Cloudbeds has earned top honors from Hotel Tech Report (Top PMS, Hotel Management System, and Channel Manager, 2021\u20132026), the World Travel Awards (World\u2019s Best Hotel PMS Solutions Provider, 2022), and Deloitte\u2019s Technology Fast 500 (2025).\",\"legalName\":\"Cloudbeds Digital Arbitrage\",\"foundingDate\":\"2012-10-10\",\"numberOfEmployees\":{\"@type\":\"QuantitativeValue\",\"minValue\":\"501\",\"maxValue\":\"1000\"},\"publishingPrinciples\":\"https:\/\/www.cloudbeds.com\/es\/centro-recursos\/\",\"ownershipFundingInfo\":\"https:\/\/www.cloudbeds.com\/our-story\/\"}]}<\/script>\n<!-- \/ Yoast SEO Premium plugin. -->","yoast_head_json":{"title":"Directorio de +90 agencias de viajes en l\u00ednea 2025","description":"M\u00e1s de 90 agencias de viajes en l\u00ednea OTA utilizadas por viajeros y empresas de alojamiento a nivel global, regional y de nicho.","robots":{"index":"index","follow":"follow","max-snippet":"max-snippet:-1","max-image-preview":"max-image-preview:large","max-video-preview":"max-video-preview:-1"},"canonical":"https:\/\/www.cloudbeds.com\/es\/agencias-viajes-online\/listado\/","og_locale":"es_ES","og_type":"article","og_title":"Directorio de +90 agencias de viajes en l\u00ednea 2025","og_description":"M\u00e1s de 90 agencias de viajes en l\u00ednea OTA utilizadas por viajeros y empresas de alojamiento a nivel global, regional y de nicho.","og_url":"https:\/\/www.cloudbeds.com\/es\/agencias-viajes-online\/listado\/","og_site_name":"Cloudbeds","article_publisher":"https:\/\/www.facebook.com\/Cloudbeds\/","article_modified_time":"2025-10-02T16:18:22+00:00","og_image":[{"width":1200,"height":630,"url":"https:\/\/www.cloudbeds.com\/wp-content\/uploads\/2023\/10\/featured_directory.png","type":"image\/png"}],"twitter_card":"summary_large_image","twitter_site":"@Cloudbeds","twitter_misc":{"Tiempo de lectura":"3 minutos"},"schema":{"@context":"https:\/\/schema.org","@graph":[{"@type":"WebPage","@id":"https:\/\/www.cloudbeds.com\/es\/agencias-viajes-online\/listado\/","url":"https:\/\/www.cloudbeds.com\/es\/agencias-viajes-online\/listado\/","name":"Directorio de +90 agencias de viajes en l\u00ednea 2025","isPartOf":{"@id":"https:\/\/www.cloudbeds.com\/#website"},"primaryImageOfPage":{"@id":"https:\/\/www.cloudbeds.com\/es\/agencias-viajes-online\/listado\/#primaryimage"},"image":{"@id":"https:\/\/www.cloudbeds.com\/es\/agencias-viajes-online\/listado\/#primaryimage"},"thumbnailUrl":"https:\/\/www.cloudbeds.com\/wp-content\/uploads\/2023\/10\/featured_directory.png","datePublished":"2025-10-02T16:18:20+00:00","dateModified":"2025-10-02T16:18:22+00:00","description":"M\u00e1s de 90 agencias de viajes en l\u00ednea OTA utilizadas por viajeros y empresas de alojamiento a nivel global, regional y de nicho.","breadcrumb":{"@id":"https:\/\/www.cloudbeds.com\/es\/agencias-viajes-online\/listado\/#breadcrumb"},"inLanguage":"es","potentialAction":[{"@type":"ReadAction","target":["https:\/\/www.cloudbeds.com\/es\/agencias-viajes-online\/listado\/"]}]},{"@type":"ImageObject","inLanguage":"es","@id":"https:\/\/www.cloudbeds.com\/es\/agencias-viajes-online\/listado\/#primaryimage","url":"https:\/\/www.cloudbeds.com\/wp-content\/uploads\/2023\/10\/featured_directory.png","contentUrl":"https:\/\/www.cloudbeds.com\/wp-content\/uploads\/2023\/10\/featured_directory.png","width":1200,"height":630,"caption":"OTA Directory"},{"@type":"BreadcrumbList","@id":"https:\/\/www.cloudbeds.com\/es\/agencias-viajes-online\/listado\/#breadcrumb","itemListElement":[{"@type":"ListItem","position":1,"name":"Home","item":"https:\/\/www.cloudbeds.com\/es\/"},{"@type":"ListItem","position":2,"name":"\u00bfQu\u00e9 son las agencias de viajes online (OTA)? La gu\u00eda definitiva de las OTA","item":"https:\/\/www.cloudbeds.com\/es\/agencias-viajes-online\/"},{"@type":"ListItem","position":3,"name":"Directorio de m\u00e1s de 90 agencias de viajes online"}]},{"@type":"WebSite","@id":"https:\/\/www.cloudbeds.com\/#website","url":"https:\/\/www.cloudbeds.com\/","name":"Cloudbeds","description":"Hospitality Management Software for Hotels, Hostels and More","publisher":{"@id":"https:\/\/www.cloudbeds.com\/#organization"},"potentialAction":[{"@type":"SearchAction","target":{"@type":"EntryPoint","urlTemplate":"https:\/\/www.cloudbeds.com\/?s={search_term_string}"},"query-input":{"@type":"PropertyValueSpecification","valueRequired":true,"valueName":"search_term_string"}}],"inLanguage":"es"},{"@type":"Organization","@id":"https:\/\/www.cloudbeds.com\/#organization","name":"Cloudbeds","alternateName":"Cloudbeds Digital Arbitrage","url":"https:\/\/www.cloudbeds.com\/","logo":{"@type":"ImageObject","inLanguage":"es","@id":"https:\/\/www.cloudbeds.com\/#\/schema\/logo\/image\/","url":"https:\/\/www.cloudbeds.com\/wp-content\/uploads\/2025\/08\/logo-footer.svg","contentUrl":"https:\/\/www.cloudbeds.com\/wp-content\/uploads\/2025\/08\/logo-footer.svg","width":240,"height":35,"caption":"Cloudbeds"},"image":{"@id":"https:\/\/www.cloudbeds.com\/#\/schema\/logo\/image\/"},"sameAs":["https:\/\/www.facebook.com\/Cloudbeds\/","https:\/\/x.com\/Cloudbeds","https:\/\/www.linkedin.com\/company\/cloudbeds\/","https:\/\/www.youtube.com\/channel\/UCyfR7GappZBy-uziWO9WLdQ"],"description":"Cloudbeds is hospitality\u2019s only intelligent growth engine \u2014 a unified platform trusted by the world\u2019s most ambitious hoteliers across 150 countries. Built to challenge the limits of outdated tech stacks, Cloudbeds connects operations, revenue, distribution, and guest experience in one powerful, intuitive system. The platform is enhanced with Signals, a hospitality AI model giving hoteliers the power to anticipate demand, run smarter operations, and craft more personal, profitable guest journeys at scale. Founded in 2012, Cloudbeds has earned top honors from Hotel Tech Report (Top PMS, Hotel Management System, and Channel Manager, 2021\u20132026), the World Travel Awards (World\u2019s Best Hotel PMS Solutions Provider, 2022), and Deloitte\u2019s Technology Fast 500 (2025).","legalName":"Cloudbeds Digital Arbitrage","foundingDate":"2012-10-10","numberOfEmployees":{"@type":"QuantitativeValue","minValue":"501","maxValue":"1000"},"publishingPrinciples":"https:\/\/www.cloudbeds.com\/es\/centro-recursos\/","ownershipFundingInfo":"https:\/\/www.cloudbeds.com\/our-story\/"}]}},"_links":{"self":[{"href":"https:\/\/www.cloudbeds.com\/es\/wp-json\/wp\/v2\/pages\/50934","targetHints":{"allow":["GET"]}}],"collection":[{"href":"https:\/\/www.cloudbeds.com\/es\/wp-json\/wp\/v2\/pages"}],"about":[{"href":"https:\/\/www.cloudbeds.com\/es\/wp-json\/wp\/v2\/types\/page"}],"author":[{"embeddable":true,"href":"https:\/\/www.cloudbeds.com\/es\/wp-json\/wp\/v2\/users\/93"}],"replies":[{"embeddable":true,"href":"https:\/\/www.cloudbeds.com\/es\/wp-json\/wp\/v2\/comments?post=50934"}],"version-history":[{"count":0,"href":"https:\/\/www.cloudbeds.com\/es\/wp-json\/wp\/v2\/pages\/50934\/revisions"}],"up":[{"embeddable":true,"href":"https:\/\/www.cloudbeds.com\/es\/wp-json\/wp\/v2\/pages\/50686"}],"wp:featuredmedia":[{"embeddable":true,"href":"https:\/\/www.cloudbeds.com\/es\/wp-json\/wp\/v2\/media\/37357"}],"wp:attachment":[{"href":"https:\/\/www.cloudbeds.com\/es\/wp-json\/wp\/v2\/media?parent=50934"}],"wp:term":[{"taxonomy":"category","embeddable":true,"href":"https:\/\/www.cloudbeds.com\/es\/wp-json\/wp\/v2\/categories?post=50934"},{"taxonomy":"wf_page_folders","embeddable":true,"href":"https:\/\/www.cloudbeds.com\/es\/wp-json\/wp\/v2\/wf_page_folders?post=50934"}],"curies":[{"name":"wp","href":"https:\/\/api.w.org\/{rel}","templated":true}]}}