{"id":54801,"date":"2025-10-10T16:52:04","date_gmt":"2025-10-10T23:52:04","guid":{"rendered":"https:\/\/cbdev2.cloudbeds.com\/thank-you-not-available\/"},"modified":"2026-02-17T05:40:41","modified_gmt":"2026-02-17T13:40:41","slug":"thank-you-not-available","status":"publish","type":"page","link":"https:\/\/www.cloudbeds.com\/es\/thank-you-not-available\/","title":{"rendered":"Gracias no disponible"},"content":{"rendered":"\n<section class=\"wp-block-cloudbeds-form-header bg-neutral-chalk-05\"><div class=\"container lg:px-[2.2rem] px-0\"><div class=\"grid grid-cols-1 lg:grid-cols-12\">\n<div class=\"wp-block-cloudbeds-form-header-left-side lg:col-span-7 bg-primary-blue-03 cloudbeds-form-header-left-side relative p-6 lg:pr-16\"><div class=\"mb-4\"><svg xmlns=\"https:\/\/www.w3.org\/2000\/svg\" width=\"48\" height=\"48\" viewBox=\"0 0 48 48\" fill=\"none\"><\/svg><\/div><h1 id=\"cb-form-header-dynamic-heading\" class=\"wp-block-heading has-5x-large-font-size has-host-grotesk-font-family\" style=\"font-style:normal;font-weight:300\" data-enable-thank-you=\"true\">Hold up! Your demo isn&#8217;t booked.<\/h1><div>\n<p class=\"has-system-font-font-family has-medium-font-size\" style=\"margin-top:var(--wp--preset--spacing--40);margin-bottom:var(--wp--preset--spacing--50)\">Gracias por tu inter\u00e9s en Cloudbeds. Lamentablemente, actualmente no estamos disponibles en tu regi\u00f3n. Vuelve a consultar pr\u00f3ximamente para conocer las novedades.<\/p>\n<\/div><\/div>\n\n\n\n<div class=\"wp-block-cloudbeds-form-header-right-side lg:col-span-5 p-6 lg:pl-16\">\n<div class=\"wp-block-group is-vertical is-layout-flex wp-container-core-group-is-layout-dde7b870 wp-block-group-is-layout-flex\" style=\"min-height:100%;padding-top:0;padding-right:0;padding-bottom:0;padding-left:0\">\n<div class=\"wp-block-group cloudbeds-feedback-carousel has-global-padding is-layout-constrained wp-container-core-group-is-layout-d3e5fae5 wp-block-group-is-layout-constrained\" style=\"padding-right:0;padding-left:0\">\n<div class=\"wp-block-cloudbeds-plain-review-item plain-review-item\"><div class=\"flex-1 flex flex-col items-start gap-4 max-w-[760px] mt-8 md:mt-12\"><div class=\"w-20 h-20 aspect-[100\/100]\"><img decoding=\"async\" src=\"https:\/\/www.cloudbeds.com\/wp-content\/uploads\/2024\/10\/Screenshot-2024-10-14-at-10.48.26.png\" alt=\"Sunlight_Group_profile\" class=\"w-full h-full object-cover rounded\"\/><\/div><div><p class=\"text-neutral-coffee-05 font-stix text-2xl leading-[1.4] mb-12\">\u00abEl mayor valor que nos aporta Cloudbeds es el acceso a datos en tiempo real, lo que nos ayuda a tener m\u00e1s confianza en nuestras decisiones operativas, ya que est\u00e1n respaldadas por cifras.\u00bb<\/p><div class=\"text-neutral-coffee-05 mt-6 mb-6 cloudbeds-customer-info\"><span class=\"block font-medium text-base font-host mb-1\">Radine Brito<\/span><span class=\"text-neutral-coffee-05 font-host font-light text-base\">Gerente general de Sunlight Group<\/span><\/div><\/div><\/div><\/div>\n\n\n\n<div class=\"wp-block-cloudbeds-plain-review-item plain-review-item\"><div class=\"flex-1 flex flex-col items-start gap-4 max-w-[760px] mt-8 md:mt-12\"><div class=\"w-20 h-20 aspect-[100\/100]\"><img decoding=\"async\" src=\"https:\/\/www.cloudbeds.com\/wp-content\/uploads\/2025\/07\/pandoradahiana.jpeg\" alt=\"\" class=\"w-full h-full object-cover rounded\"\/><\/div><div><p class=\"text-neutral-coffee-05 font-stix text-2xl leading-[1.4] mb-12\">\u00abM\u00e1s all\u00e1 de la usabilidad, lo que m\u00e1s valoro es el crecimiento de Cloudbeds en cuanto a prestar atenci\u00f3n y responder positivamente a todas las mejoras o necesidades que se proponen.\u00bb<\/p><div class=\"text-neutral-coffee-05 mt-6 mb-6 cloudbeds-customer-info\"><span class=\"block font-medium text-base font-host mb-1\">Dahiana Peruchena<\/span><span class=\"text-neutral-coffee-05 font-host font-light text-base\">Jefe de Gesti\u00f3n de Ingresos en Pandora Hotels<\/span><\/div><\/div><\/div><\/div>\n\n\n\n<div class=\"wp-block-cloudbeds-plain-review-item plain-review-item\"><div class=\"flex-1 flex flex-col items-start gap-4 max-w-[760px] mt-8 md:mt-12\"><div class=\"w-20 h-20 aspect-[100\/100]\"><img decoding=\"async\" src=\"https:\/\/www.cloudbeds.com\/wp-content\/uploads\/2025\/06\/Ulises-Cobos-BAWA.jpeg\" alt=\"Ulises Cobos, BAWA\" class=\"w-full h-full object-cover rounded\"\/><\/div><div><p class=\"text-neutral-coffee-05 font-stix text-2xl leading-[1.4] mb-12\">\u00abLlegamos a un punto en el que sab\u00edamos que nuestro sistema b\u00e1sico estaba limitando nuestro potencial. Necesit\u00e1bamos una tecnolog\u00eda m\u00e1s robusta y completa, con mayores posibilidades, que nos permitiera crecer estrat\u00e9gicamente.\u00bb<\/p><div class=\"text-neutral-coffee-05 mt-6 mb-6 cloudbeds-customer-info\"><span class=\"block font-medium text-base font-host mb-1\">Ulises Cobos<\/span><span class=\"text-neutral-coffee-05 font-host font-light text-base\">Director comercial de BAWA Hotels &amp; Leisure<\/span><\/div><\/div><\/div><\/div>\n<\/div>\n\n\n\n<div class=\"wp-block-group has-global-padding is-layout-constrained wp-container-core-group-is-layout-224ee01c wp-block-group-is-layout-constrained\" style=\"margin-top:0;padding-right:0;padding-left:0\">\n<div class=\"wp-block-cloudbeds-counter-wrapper\"><div class=\"flex flex-wrap justify-center gap-2 font-host\">\n<div class=\"wp-block-cloudbeds-counter-item has-neutral-chalk-03-background-color has-background flex flex-col justify-between flex-1 w-full min-w-[200px] bg-primary-blue-03 rounded-md p-4 text-neutral-coffee-05\" style=\"background-color:neutral-chalk-03\"><p class=\"text-5xl font-light mb-4 cloudbeds-count-up-container\"><span class=\" cloudbeds-count-up\">20<\/span><span>%<\/span><\/p><p class=\"text-sm\">Aumento de las reservas directas<\/p><\/div>\n\n\n\n<div class=\"wp-block-cloudbeds-counter-item has-neutral-chalk-03-background-color has-background flex flex-col justify-between flex-1 w-full min-w-[200px] bg-primary-blue-03 rounded-md p-4 text-neutral-coffee-05\" style=\"background-color:neutral-chalk-03\"><p class=\"text-5xl font-light mb-4 cloudbeds-count-up-container\"><span class=\" cloudbeds-count-up\">300<\/span><span>+<\/span><\/p><p class=\"text-sm\">Canales integrados<\/p><\/div>\n\n\n\n<div class=\"wp-block-cloudbeds-counter-item has-neutral-chalk-03-background-color has-background flex flex-col justify-between flex-1 w-full min-w-[200px] bg-primary-blue-03 rounded-md p-4 text-neutral-coffee-05\" style=\"background-color:neutral-chalk-03\"><p class=\"text-5xl font-light mb-4 cloudbeds-count-up-container\"><span class=\" cloudbeds-count-up\">32<\/span><span>%<\/span><\/p><p class=\"text-sm\">Aumento de las cr\u00edticas positivas<\/p><\/div>\n<\/div><\/div>\n<\/div>\n<\/div>\n<\/div>\n<\/div><\/div><\/section>\n\n\n\n<div class=\"wp-block-group has-neutral-chalk-01-background-color has-background has-global-padding is-layout-constrained wp-container-core-group-is-layout-3ec4ec0b wp-block-group-is-layout-constrained\" style=\"margin-top:0;padding-top:var(--wp--preset--spacing--50);padding-right:0;padding-left:0\">\n<section class=\"wp-block-cloudbeds-text-and-button-section py-4 pb-4 md:pb-10 \"><div class=\"container px-4 md:px-[2.2rem] flex flex-col sm:flex-row gap-10 justify-between\"><p class=\"text-2xl max-w-[572px] font-host\">Hoteles, grupos hoteleros y empresas de gesti\u00f3n l\u00edderes en 150 pa\u00edses conf\u00edan en nosotros.<\/p><div class=\"flex items-center\"><\/div><\/div><\/section>\n<\/div>\n\n\n\n<div class=\"wp-block-group has-global-padding is-layout-constrained wp-container-core-group-is-layout-90b9f29a wp-block-group-is-layout-constrained\" style=\"padding-top:var(--wp--preset--spacing--70);padding-bottom:var(--wp--preset--spacing--70)\">\n<div class=\"wp-block-group is-content-justification-center is-nowrap is-layout-flex wp-container-core-group-is-layout-23441af8 wp-block-group-is-layout-flex\">\n<figure class=\"wp-block-image size-full is-resized\"><img loading=\"lazy\" decoding=\"async\" width=\"339\" height=\"365\" src=\"https:\/\/www.cloudbeds.com\/wp-content\/uploads\/2025\/11\/badge_HTR_channelman2025_2x.webp\" alt=\"\" class=\"wp-image-54531\" style=\"width:107px;height:auto\"\/><\/figure>\n\n\n\n<figure class=\"wp-block-image size-full is-resized\"><img loading=\"lazy\" decoding=\"async\" width=\"334\" height=\"365\" src=\"https:\/\/www.cloudbeds.com\/wp-content\/uploads\/2025\/11\/badge_HTR_bestPMS2025_2x.webp\" alt=\"\" class=\"wp-image-54530\" style=\"width:100px;height:auto\"\/><\/figure>\n\n\n\n<figure class=\"wp-block-image size-full is-resized\"><img loading=\"lazy\" decoding=\"async\" width=\"328\" height=\"365\" src=\"https:\/\/www.cloudbeds.com\/wp-content\/uploads\/2025\/11\/badge_HTR_hotelier2025_2x.webp\" alt=\"\" class=\"wp-image-54532\" style=\"width:95px;height:auto\"\/><\/figure>\n\n\n\n<figure class=\"wp-block-image size-full is-resized\"><img loading=\"lazy\" decoding=\"async\" width=\"328\" height=\"365\" src=\"https:\/\/www.cloudbeds.com\/wp-content\/uploads\/2025\/11\/badge_HTR_best_work2025_2x.webp\" alt=\"\" class=\"wp-image-54529\" style=\"width:95px;height:auto\"\/><\/figure>\n\n\n\n<figure class=\"wp-block-image size-full is-resized\"><img loading=\"lazy\" decoding=\"async\" width=\"297\" height=\"365\" src=\"https:\/\/www.cloudbeds.com\/wp-content\/uploads\/2025\/11\/badge_HTR_all_in_one2025_2x.webp\" alt=\"\" class=\"wp-image-54528\" style=\"width:92px;height:auto\"\/><\/figure>\n\n\n\n<figure class=\"wp-block-image size-full is-resized\"><img loading=\"lazy\" decoding=\"async\" width=\"525\" height=\"261\" src=\"https:\/\/www.cloudbeds.com\/wp-content\/uploads\/2025\/11\/badge-expedia-2025-elite-partner_2x.webp\" alt=\"\" class=\"wp-image-54536\" style=\"width:150px;height:auto\"\/><\/figure>\n\n\n\n<figure class=\"wp-block-image size-full is-resized\"><img loading=\"lazy\" decoding=\"async\" width=\"880\" height=\"261\" src=\"https:\/\/www.cloudbeds.com\/wp-content\/uploads\/2025\/11\/badge-booking-premier-connectivity-partner-2025_2x.webp\" alt=\"\" class=\"wp-image-54534\" style=\"width:252px;height:auto\" srcset=\"https:\/\/www.cloudbeds.com\/wp-content\/uploads\/2025\/11\/badge-booking-premier-connectivity-partner-2025_2x.webp 880w, https:\/\/www.cloudbeds.com\/wp-content\/uploads\/2025\/11\/badge-booking-premier-connectivity-partner-2025_2x-768x228.webp 768w\" sizes=\"auto, (max-width: 880px) 100vw, 880px\" \/><\/figure>\n\n\n\n<figure class=\"wp-block-image size-full is-resized\"><img loading=\"lazy\" decoding=\"async\" width=\"700\" height=\"261\" src=\"https:\/\/www.cloudbeds.com\/wp-content\/uploads\/2025\/11\/badge-deloitte-technology-fast-500-2024-winner_2x.webp\" alt=\"\" class=\"wp-image-54535\" style=\"width:206px;height:auto\"\/><\/figure>\n\n\n\n<figure class=\"wp-block-image size-full is-resized\"><img loading=\"lazy\" decoding=\"async\" width=\"551\" height=\"261\" src=\"https:\/\/www.cloudbeds.com\/wp-content\/uploads\/2025\/11\/badge-airbnb-preferred-software-partner-2025_2x.webp\" alt=\"\" class=\"wp-image-54533\" style=\"width:165px;height:auto\"\/><\/figure>\n<\/div>\n<\/div>\n","protected":false},"excerpt":{"rendered":"","protected":false},"author":87,"featured_media":0,"parent":0,"menu_order":0,"comment_status":"closed","ping_status":"closed","template":"full-width-page","meta":{"_acf_changed":false,"footnotes":""},"categories":[],"wf_page_folders":[],"class_list":["post-54801","page","type-page","status-publish","hentry"],"acf":[],"yoast_head":"<!-- This site is optimized with the Yoast SEO Premium plugin v27.0 (Yoast SEO v27.0) - https:\/\/yoast.com\/product\/yoast-seo-premium-wordpress\/ -->\n<title>Gracias no disponible<\/title>\n<meta name=\"robots\" content=\"index, follow, max-snippet:-1, max-image-preview:large, max-video-preview:-1\" \/>\n<link rel=\"canonical\" href=\"https:\/\/www.cloudbeds.com\/es\/thank-you-not-available\/\" \/>\n<meta property=\"og:locale\" content=\"es_ES\" \/>\n<meta property=\"og:type\" content=\"article\" \/>\n<meta property=\"og:title\" content=\"Gracias no disponible\" \/>\n<meta property=\"og:url\" content=\"https:\/\/www.cloudbeds.com\/es\/thank-you-not-available\/\" \/>\n<meta property=\"og:site_name\" content=\"Cloudbeds\" \/>\n<meta property=\"article:publisher\" content=\"https:\/\/www.facebook.com\/Cloudbeds\/\" \/>\n<meta property=\"article:modified_time\" content=\"2026-02-17T13:40:41+00:00\" \/>\n<meta property=\"og:image\" content=\"https:\/\/www.cloudbeds.com\/wp-content\/uploads\/2024\/10\/Screenshot-2024-10-14-at-10.48.26.png\" \/>\n<meta name=\"twitter:card\" content=\"summary_large_image\" \/>\n<meta name=\"twitter:site\" content=\"@Cloudbeds\" \/>\n<script type=\"application\/ld+json\" class=\"yoast-schema-graph\">{\"@context\":\"https:\/\/schema.org\",\"@graph\":[{\"@type\":\"WebPage\",\"@id\":\"https:\/\/www.cloudbeds.com\/es\/thank-you-not-available\/\",\"url\":\"https:\/\/www.cloudbeds.com\/es\/thank-you-not-available\/\",\"name\":\"Gracias no disponible\",\"isPartOf\":{\"@id\":\"https:\/\/www.cloudbeds.com\/#website\"},\"primaryImageOfPage\":{\"@id\":\"https:\/\/www.cloudbeds.com\/es\/thank-you-not-available\/#primaryimage\"},\"image\":{\"@id\":\"https:\/\/www.cloudbeds.com\/es\/thank-you-not-available\/#primaryimage\"},\"thumbnailUrl\":\"https:\/\/www.cloudbeds.com\/wp-content\/uploads\/2024\/10\/Screenshot-2024-10-14-at-10.48.26.png\",\"datePublished\":\"2025-10-10T23:52:04+00:00\",\"dateModified\":\"2026-02-17T13:40:41+00:00\",\"breadcrumb\":{\"@id\":\"https:\/\/www.cloudbeds.com\/es\/thank-you-not-available\/#breadcrumb\"},\"inLanguage\":\"es\",\"potentialAction\":[{\"@type\":\"ReadAction\",\"target\":[\"https:\/\/www.cloudbeds.com\/es\/thank-you-not-available\/\"]}]},{\"@type\":\"ImageObject\",\"inLanguage\":\"es\",\"@id\":\"https:\/\/www.cloudbeds.com\/es\/thank-you-not-available\/#primaryimage\",\"url\":\"https:\/\/www.cloudbeds.com\/wp-content\/uploads\/2024\/10\/Screenshot-2024-10-14-at-10.48.26.png\",\"contentUrl\":\"https:\/\/www.cloudbeds.com\/wp-content\/uploads\/2024\/10\/Screenshot-2024-10-14-at-10.48.26.png\"},{\"@type\":\"BreadcrumbList\",\"@id\":\"https:\/\/www.cloudbeds.com\/es\/thank-you-not-available\/#breadcrumb\",\"itemListElement\":[{\"@type\":\"ListItem\",\"position\":1,\"name\":\"Home\",\"item\":\"https:\/\/www.cloudbeds.com\/es\/\"},{\"@type\":\"ListItem\",\"position\":2,\"name\":\"Gracias no disponible\"}]},{\"@type\":\"WebSite\",\"@id\":\"https:\/\/www.cloudbeds.com\/#website\",\"url\":\"https:\/\/www.cloudbeds.com\/\",\"name\":\"Cloudbeds\",\"description\":\"Hospitality Management Software for Hotels, Hostels and More\",\"publisher\":{\"@id\":\"https:\/\/www.cloudbeds.com\/#organization\"},\"potentialAction\":[{\"@type\":\"SearchAction\",\"target\":{\"@type\":\"EntryPoint\",\"urlTemplate\":\"https:\/\/www.cloudbeds.com\/?s={search_term_string}\"},\"query-input\":{\"@type\":\"PropertyValueSpecification\",\"valueRequired\":true,\"valueName\":\"search_term_string\"}}],\"inLanguage\":\"es\"},{\"@type\":\"Organization\",\"@id\":\"https:\/\/www.cloudbeds.com\/#organization\",\"name\":\"Cloudbeds\",\"alternateName\":\"Cloudbeds Digital Arbitrage\",\"url\":\"https:\/\/www.cloudbeds.com\/\",\"logo\":{\"@type\":\"ImageObject\",\"inLanguage\":\"es\",\"@id\":\"https:\/\/www.cloudbeds.com\/#\/schema\/logo\/image\/\",\"url\":\"https:\/\/www.cloudbeds.com\/wp-content\/uploads\/2025\/08\/logo-footer.svg\",\"contentUrl\":\"https:\/\/www.cloudbeds.com\/wp-content\/uploads\/2025\/08\/logo-footer.svg\",\"width\":240,\"height\":35,\"caption\":\"Cloudbeds\"},\"image\":{\"@id\":\"https:\/\/www.cloudbeds.com\/#\/schema\/logo\/image\/\"},\"sameAs\":[\"https:\/\/www.facebook.com\/Cloudbeds\/\",\"https:\/\/x.com\/Cloudbeds\",\"https:\/\/www.linkedin.com\/company\/cloudbeds\/\",\"https:\/\/www.youtube.com\/channel\/UCyfR7GappZBy-uziWO9WLdQ\"],\"description\":\"Cloudbeds is hospitality\u2019s only intelligent growth engine \u2014 a unified platform trusted by the world\u2019s most ambitious hoteliers across 150 countries. Built to challenge the limits of outdated tech stacks, Cloudbeds connects operations, revenue, distribution, and guest experience in one powerful, intuitive system. The platform is enhanced with Signals, a hospitality AI model giving hoteliers the power to anticipate demand, run smarter operations, and craft more personal, profitable guest journeys at scale. Founded in 2012, Cloudbeds has earned top honors from Hotel Tech Report (Top PMS, Hotel Management System, and Channel Manager, 2021\u20132026), the World Travel Awards (World\u2019s Best Hotel PMS Solutions Provider, 2022), and Deloitte\u2019s Technology Fast 500 (2025).\",\"legalName\":\"Cloudbeds Digital Arbitrage\",\"foundingDate\":\"2012-10-10\",\"numberOfEmployees\":{\"@type\":\"QuantitativeValue\",\"minValue\":\"501\",\"maxValue\":\"1000\"},\"publishingPrinciples\":\"https:\/\/www.cloudbeds.com\/es\/centro-recursos\/\",\"ownershipFundingInfo\":\"https:\/\/www.cloudbeds.com\/our-story\/\"}]}<\/script>\n<!-- \/ Yoast SEO Premium plugin. -->","yoast_head_json":{"title":"Gracias no disponible","robots":{"index":"index","follow":"follow","max-snippet":"max-snippet:-1","max-image-preview":"max-image-preview:large","max-video-preview":"max-video-preview:-1"},"canonical":"https:\/\/www.cloudbeds.com\/es\/thank-you-not-available\/","og_locale":"es_ES","og_type":"article","og_title":"Gracias no disponible","og_url":"https:\/\/www.cloudbeds.com\/es\/thank-you-not-available\/","og_site_name":"Cloudbeds","article_publisher":"https:\/\/www.facebook.com\/Cloudbeds\/","article_modified_time":"2026-02-17T13:40:41+00:00","og_image":[{"url":"https:\/\/www.cloudbeds.com\/wp-content\/uploads\/2024\/10\/Screenshot-2024-10-14-at-10.48.26.png","type":"","width":"","height":""}],"twitter_card":"summary_large_image","twitter_site":"@Cloudbeds","schema":{"@context":"https:\/\/schema.org","@graph":[{"@type":"WebPage","@id":"https:\/\/www.cloudbeds.com\/es\/thank-you-not-available\/","url":"https:\/\/www.cloudbeds.com\/es\/thank-you-not-available\/","name":"Gracias no disponible","isPartOf":{"@id":"https:\/\/www.cloudbeds.com\/#website"},"primaryImageOfPage":{"@id":"https:\/\/www.cloudbeds.com\/es\/thank-you-not-available\/#primaryimage"},"image":{"@id":"https:\/\/www.cloudbeds.com\/es\/thank-you-not-available\/#primaryimage"},"thumbnailUrl":"https:\/\/www.cloudbeds.com\/wp-content\/uploads\/2024\/10\/Screenshot-2024-10-14-at-10.48.26.png","datePublished":"2025-10-10T23:52:04+00:00","dateModified":"2026-02-17T13:40:41+00:00","breadcrumb":{"@id":"https:\/\/www.cloudbeds.com\/es\/thank-you-not-available\/#breadcrumb"},"inLanguage":"es","potentialAction":[{"@type":"ReadAction","target":["https:\/\/www.cloudbeds.com\/es\/thank-you-not-available\/"]}]},{"@type":"ImageObject","inLanguage":"es","@id":"https:\/\/www.cloudbeds.com\/es\/thank-you-not-available\/#primaryimage","url":"https:\/\/www.cloudbeds.com\/wp-content\/uploads\/2024\/10\/Screenshot-2024-10-14-at-10.48.26.png","contentUrl":"https:\/\/www.cloudbeds.com\/wp-content\/uploads\/2024\/10\/Screenshot-2024-10-14-at-10.48.26.png"},{"@type":"BreadcrumbList","@id":"https:\/\/www.cloudbeds.com\/es\/thank-you-not-available\/#breadcrumb","itemListElement":[{"@type":"ListItem","position":1,"name":"Home","item":"https:\/\/www.cloudbeds.com\/es\/"},{"@type":"ListItem","position":2,"name":"Gracias no disponible"}]},{"@type":"WebSite","@id":"https:\/\/www.cloudbeds.com\/#website","url":"https:\/\/www.cloudbeds.com\/","name":"Cloudbeds","description":"Hospitality Management Software for Hotels, Hostels and More","publisher":{"@id":"https:\/\/www.cloudbeds.com\/#organization"},"potentialAction":[{"@type":"SearchAction","target":{"@type":"EntryPoint","urlTemplate":"https:\/\/www.cloudbeds.com\/?s={search_term_string}"},"query-input":{"@type":"PropertyValueSpecification","valueRequired":true,"valueName":"search_term_string"}}],"inLanguage":"es"},{"@type":"Organization","@id":"https:\/\/www.cloudbeds.com\/#organization","name":"Cloudbeds","alternateName":"Cloudbeds Digital Arbitrage","url":"https:\/\/www.cloudbeds.com\/","logo":{"@type":"ImageObject","inLanguage":"es","@id":"https:\/\/www.cloudbeds.com\/#\/schema\/logo\/image\/","url":"https:\/\/www.cloudbeds.com\/wp-content\/uploads\/2025\/08\/logo-footer.svg","contentUrl":"https:\/\/www.cloudbeds.com\/wp-content\/uploads\/2025\/08\/logo-footer.svg","width":240,"height":35,"caption":"Cloudbeds"},"image":{"@id":"https:\/\/www.cloudbeds.com\/#\/schema\/logo\/image\/"},"sameAs":["https:\/\/www.facebook.com\/Cloudbeds\/","https:\/\/x.com\/Cloudbeds","https:\/\/www.linkedin.com\/company\/cloudbeds\/","https:\/\/www.youtube.com\/channel\/UCyfR7GappZBy-uziWO9WLdQ"],"description":"Cloudbeds is hospitality\u2019s only intelligent growth engine \u2014 a unified platform trusted by the world\u2019s most ambitious hoteliers across 150 countries. Built to challenge the limits of outdated tech stacks, Cloudbeds connects operations, revenue, distribution, and guest experience in one powerful, intuitive system. The platform is enhanced with Signals, a hospitality AI model giving hoteliers the power to anticipate demand, run smarter operations, and craft more personal, profitable guest journeys at scale. Founded in 2012, Cloudbeds has earned top honors from Hotel Tech Report (Top PMS, Hotel Management System, and Channel Manager, 2021\u20132026), the World Travel Awards (World\u2019s Best Hotel PMS Solutions Provider, 2022), and Deloitte\u2019s Technology Fast 500 (2025).","legalName":"Cloudbeds Digital Arbitrage","foundingDate":"2012-10-10","numberOfEmployees":{"@type":"QuantitativeValue","minValue":"501","maxValue":"1000"},"publishingPrinciples":"https:\/\/www.cloudbeds.com\/es\/centro-recursos\/","ownershipFundingInfo":"https:\/\/www.cloudbeds.com\/our-story\/"}]}},"_links":{"self":[{"href":"https:\/\/www.cloudbeds.com\/es\/wp-json\/wp\/v2\/pages\/54801","targetHints":{"allow":["GET"]}}],"collection":[{"href":"https:\/\/www.cloudbeds.com\/es\/wp-json\/wp\/v2\/pages"}],"about":[{"href":"https:\/\/www.cloudbeds.com\/es\/wp-json\/wp\/v2\/types\/page"}],"author":[{"embeddable":true,"href":"https:\/\/www.cloudbeds.com\/es\/wp-json\/wp\/v2\/users\/87"}],"replies":[{"embeddable":true,"href":"https:\/\/www.cloudbeds.com\/es\/wp-json\/wp\/v2\/comments?post=54801"}],"version-history":[{"count":0,"href":"https:\/\/www.cloudbeds.com\/es\/wp-json\/wp\/v2\/pages\/54801\/revisions"}],"wp:attachment":[{"href":"https:\/\/www.cloudbeds.com\/es\/wp-json\/wp\/v2\/media?parent=54801"}],"wp:term":[{"taxonomy":"category","embeddable":true,"href":"https:\/\/www.cloudbeds.com\/es\/wp-json\/wp\/v2\/categories?post=54801"},{"taxonomy":"wf_page_folders","embeddable":true,"href":"https:\/\/www.cloudbeds.com\/es\/wp-json\/wp\/v2\/wf_page_folders?post=54801"}],"curies":[{"name":"wp","href":"https:\/\/api.w.org\/{rel}","templated":true}]}}