{"id":55100,"date":"2025-11-04T15:56:15","date_gmt":"2025-11-04T23:56:15","guid":{"rendered":"https:\/\/cbdev2.cloudbeds.com\/?page_id=55100"},"modified":"2025-11-25T16:16:58","modified_gmt":"2025-11-26T00:16:58","slug":"podcast","status":"publish","type":"page","link":"https:\/\/www.cloudbeds.com\/es\/recomendaciones-hotel-ia\/podcast\/","title":{"rendered":"Escucha el resumen del informe"},"content":{"rendered":"<p>&nbsp;<\/p>\n<p>&nbsp;<\/p>\n\n\n<figure class=\"wp-block-image size-full is-resized\"><img loading=\"lazy\" decoding=\"async\" width=\"1840\" height=\"500\" src=\"https:\/\/www.cloudbeds.com\/wp-content\/uploads\/2025\/06\/AISR_hub_header_5.webp\" alt=\"\" class=\"wp-image-49263\" style=\"width:1000px;height:auto\" srcset=\"https:\/\/www.cloudbeds.com\/wp-content\/uploads\/2025\/06\/AISR_hub_header_5.webp 1840w, https:\/\/www.cloudbeds.com\/wp-content\/uploads\/2025\/06\/AISR_hub_header_5-768x209.webp 768w, https:\/\/www.cloudbeds.com\/wp-content\/uploads\/2025\/06\/AISR_hub_header_5-1536x417.webp 1536w\" sizes=\"auto, (max-width: 1840px) 100vw, 1840px\" \/><\/figure>\n\n\n\n<div class=\"wp-block-group has-stix-two-text-font-family is-vertical is-layout-flex wp-container-core-group-is-layout-a491339b wp-block-group-is-layout-flex\" style=\"margin-top:var(--wp--preset--spacing--60);margin-bottom:var(--wp--preset--spacing--60);padding-right:0;padding-left:0\">\n<h2 class=\"wp-block-heading has-3-x-large-font-size\" id=\"target1\">\u00bfNo te apetece leer el informe completo?<\/h2>\n\n\n\n<p>Escucha un resumen generado por IA para conocer las conclusiones principales de nuestro \u00faltimo informe: Las se\u00f1ales detr\u00e1s de las recomendaciones hoteleras de la IA.<\/p>\n<\/div>\n\n\n\n<hr class=\"wp-block-separator has-text-color has-neutral-chalk-07-color has-alpha-channel-opacity has-neutral-chalk-07-background-color has-background is-style-wide\" style=\"margin-top:var(--wp--preset--spacing--60);margin-bottom:var(--wp--preset--spacing--60)\"\/>\n\n\n\n<div class=\"wp-block-group is-vertical is-layout-flex wp-container-core-group-is-layout-fe9cc265 wp-block-group-is-layout-flex\">\n<figure class=\"wp-block-audio wp-container-content-9cfa9a5a\"><audio controls src=\"https:\/\/www.cloudbeds.com\/wp-content\/uploads\/2025\/06\/AI_Research_-ES.mp3\"><\/audio><\/figure>\n<\/div>\n\n\n\n<hr class=\"wp-block-separator has-text-color has-neutral-chalk-07-color has-alpha-channel-opacity has-neutral-chalk-07-background-color has-background is-style-wide\" style=\"margin-top:var(--wp--preset--spacing--60);margin-bottom:var(--wp--preset--spacing--60)\"\/>\n\n\n\n<div class=\"wp-block-cloudbeds-cta-block-blog-image bg-primary-blue-05 mx-auto flex flex-col sm:flex-row sm:items-stretch justify-between rounded-[4px] font-host py-0 pl-0 max-w-[748px]\"><div class=\"sm:min-h-[230px] w-full sm:min-h-full sm:h-auto sm:max-w-[330px] flex items-center justify-center text-center bg-neutral-coffee-05 text-sm mx-auto ml-0 overflow-hidden text-neutral-chalk-01\"><img decoding=\"async\" src=\"https:\/\/www.cloudbeds.com\/wp-content\/uploads\/2025\/11\/img-ebook-cover-AI-recs-es.webp\" alt=\"\" class=\"w-full h-full object-cover\"\/><\/div><div class=\"m-6\"><h2 class=\"text-2xl font-light text-neutral-coffee-05 mb-3\">Descubre c\u00f3mo destacar en la nueva era de los viajes.<\/h2><p class=\"text-base text-neutral-coffee-05 font-light\"><\/p><div class=\"flex-shrink-0 mt-7\">\n<div class=\"flex w-full justify-start\">\n  \n    <a\n      href=\"#\"\n      class=\"cloudbeds-custom-button btn-rich-brown text-neutral-white px-4 py-2 rounded-md hover:bg-primary-blue-05 hover:text-neutral-coffee-05 inline-flex items-center gap-2 no-underline transition duration-300 ease-in-out hover:no-underline active:no-underline focus:no-underline modal-trigger content-trigger-button\"\n      target=\"_self\"\n      rel=\"\"\n            >\n            <span>Obt\u00e9n el informe<\/span>\n      <svg xmlns=\"https:\/\/www.w3.org\/2000\/svg\" width=\"20\" height=\"20\" fill=\"currentColor\" viewBox=\"0 0 256 256\"><path d=\"M200,64V168a8,8,0,0,1-16,0V83.31L69.66,197.66a8,8,0,0,1-11.32-11.32L172.69,72H88a8,8,0,0,1,0-16H192A8,8,0,0,1,200,64Z\"\/><\/svg>    <\/a>\n  <\/div><\/div><\/div><\/div>\n","protected":false},"excerpt":{"rendered":"<p>&nbsp; &nbsp; \u00bfNo te apetece leer el informe completo? Escucha un resumen generado por IA para conocer las conclusiones principales de nuestro \u00faltimo informe: Las se\u00f1ales detr\u00e1s de las recomendaciones hoteleras de la IA.<\/p>\n","protected":false},"author":42,"featured_media":49305,"parent":55093,"menu_order":5,"comment_status":"closed","ping_status":"closed","template":"content-hub-page","meta":{"_acf_changed":true,"footnotes":""},"categories":[],"wf_page_folders":[11337],"class_list":["post-55100","page","type-page","status-publish","has-post-thumbnail","hentry"],"acf":[],"yoast_head":"<!-- This site is optimized with the Yoast SEO Premium plugin v27.4 (Yoast SEO v27.4) - https:\/\/yoast.com\/product\/yoast-seo-premium-wordpress\/ -->\n<title>Escucha al resumen del informe<\/title>\n<meta name=\"description\" content=\"Escucha al resumen del informe: Las se\u00f1ales detr\u00e1s de las recomendaciones hoteleras de la IA - investigaci\u00f3n original de Cloudbeds.\" \/>\n<meta name=\"robots\" content=\"index, follow, max-snippet:-1, max-image-preview:large, max-video-preview:-1\" \/>\n<link rel=\"canonical\" href=\"https:\/\/www.cloudbeds.com\/es\/recomendaciones-hotel-ia\/podcast\/\" \/>\n<meta property=\"og:locale\" content=\"es_ES\" \/>\n<meta property=\"og:type\" content=\"article\" \/>\n<meta property=\"og:title\" content=\"Escucha al resumen del informe\" \/>\n<meta property=\"og:description\" content=\"Escucha al resumen del informe: Las se\u00f1ales detr\u00e1s de las recomendaciones hoteleras de la IA - investigaci\u00f3n original de Cloudbeds.\" \/>\n<meta property=\"og:url\" content=\"https:\/\/www.cloudbeds.com\/es\/recomendaciones-hotel-ia\/podcast\/\" \/>\n<meta property=\"og:site_name\" content=\"Cloudbeds\" \/>\n<meta property=\"article:publisher\" content=\"https:\/\/www.facebook.com\/Cloudbeds\/\" \/>\n<meta property=\"article:modified_time\" content=\"2025-11-26T00:16:58+00:00\" \/>\n<meta property=\"og:image\" content=\"https:\/\/www.cloudbeds.com\/wp-content\/uploads\/2025\/06\/Hoteles-en-la-IA.png\" \/>\n\t<meta property=\"og:image:width\" content=\"1200\" \/>\n\t<meta property=\"og:image:height\" content=\"630\" \/>\n\t<meta property=\"og:image:type\" content=\"image\/png\" \/>\n<meta name=\"twitter:card\" content=\"summary_large_image\" \/>\n<meta name=\"twitter:site\" content=\"@Cloudbeds\" \/>\n<script type=\"application\/ld+json\" class=\"yoast-schema-graph\">{\"@context\":\"https:\\\/\\\/schema.org\",\"@graph\":[{\"@type\":\"WebPage\",\"@id\":\"https:\\\/\\\/www.cloudbeds.com\\\/es\\\/recomendaciones-hotel-ia\\\/podcast\\\/\",\"url\":\"https:\\\/\\\/www.cloudbeds.com\\\/es\\\/recomendaciones-hotel-ia\\\/podcast\\\/\",\"name\":\"Escucha al resumen del informe\",\"isPartOf\":{\"@id\":\"https:\\\/\\\/www.cloudbeds.com\\\/#website\"},\"primaryImageOfPage\":{\"@id\":\"https:\\\/\\\/www.cloudbeds.com\\\/es\\\/recomendaciones-hotel-ia\\\/podcast\\\/#primaryimage\"},\"image\":{\"@id\":\"https:\\\/\\\/www.cloudbeds.com\\\/es\\\/recomendaciones-hotel-ia\\\/podcast\\\/#primaryimage\"},\"thumbnailUrl\":\"https:\\\/\\\/www.cloudbeds.com\\\/wp-content\\\/uploads\\\/2025\\\/06\\\/Hoteles-en-la-IA.png\",\"datePublished\":\"2025-11-04T23:56:15+00:00\",\"dateModified\":\"2025-11-26T00:16:58+00:00\",\"description\":\"Escucha al resumen del informe: Las se\u00f1ales detr\u00e1s de las recomendaciones hoteleras de la IA - investigaci\u00f3n original de Cloudbeds.\",\"breadcrumb\":{\"@id\":\"https:\\\/\\\/www.cloudbeds.com\\\/es\\\/recomendaciones-hotel-ia\\\/podcast\\\/#breadcrumb\"},\"inLanguage\":\"es\",\"potentialAction\":[{\"@type\":\"ReadAction\",\"target\":[\"https:\\\/\\\/www.cloudbeds.com\\\/es\\\/recomendaciones-hotel-ia\\\/podcast\\\/\"]}]},{\"@type\":\"ImageObject\",\"inLanguage\":\"es\",\"@id\":\"https:\\\/\\\/www.cloudbeds.com\\\/es\\\/recomendaciones-hotel-ia\\\/podcast\\\/#primaryimage\",\"url\":\"https:\\\/\\\/www.cloudbeds.com\\\/wp-content\\\/uploads\\\/2025\\\/06\\\/Hoteles-en-la-IA.png\",\"contentUrl\":\"https:\\\/\\\/www.cloudbeds.com\\\/wp-content\\\/uploads\\\/2025\\\/06\\\/Hoteles-en-la-IA.png\",\"width\":\"1200\",\"height\":\"630\",\"caption\":\"Hoteles en la IA\"},{\"@type\":\"BreadcrumbList\",\"@id\":\"https:\\\/\\\/www.cloudbeds.com\\\/es\\\/recomendaciones-hotel-ia\\\/podcast\\\/#breadcrumb\",\"itemListElement\":[{\"@type\":\"ListItem\",\"position\":1,\"name\":\"Home\",\"item\":\"https:\\\/\\\/www.cloudbeds.com\\\/es\\\/\"},{\"@type\":\"ListItem\",\"position\":2,\"name\":\"Las se\u00f1ales detr\u00e1s de las recomendaciones hoteleras de la IA\",\"item\":\"https:\\\/\\\/www.cloudbeds.com\\\/es\\\/recomendaciones-hotel-ia\\\/\"},{\"@type\":\"ListItem\",\"position\":3,\"name\":\"Escucha el resumen del informe\"}]},{\"@type\":\"WebSite\",\"@id\":\"https:\\\/\\\/www.cloudbeds.com\\\/#website\",\"url\":\"https:\\\/\\\/www.cloudbeds.com\\\/\",\"name\":\"Cloudbeds\",\"description\":\"Hospitality Management Software for Hotels, Hostels and More\",\"publisher\":{\"@id\":\"https:\\\/\\\/www.cloudbeds.com\\\/#organization\"},\"potentialAction\":[{\"@type\":\"SearchAction\",\"target\":{\"@type\":\"EntryPoint\",\"urlTemplate\":\"https:\\\/\\\/www.cloudbeds.com\\\/?s={search_term_string}\"},\"query-input\":{\"@type\":\"PropertyValueSpecification\",\"valueRequired\":true,\"valueName\":\"search_term_string\"}}],\"inLanguage\":\"es\"},{\"@type\":\"Organization\",\"@id\":\"https:\\\/\\\/www.cloudbeds.com\\\/#organization\",\"name\":\"Cloudbeds\",\"alternateName\":\"Cloudbeds Digital Arbitrage\",\"url\":\"https:\\\/\\\/www.cloudbeds.com\\\/\",\"logo\":{\"@type\":\"ImageObject\",\"inLanguage\":\"es\",\"@id\":\"https:\\\/\\\/www.cloudbeds.com\\\/#\\\/schema\\\/logo\\\/image\\\/\",\"url\":\"https:\\\/\\\/www.cloudbeds.com\\\/wp-content\\\/uploads\\\/2025\\\/08\\\/logo-footer.svg\",\"contentUrl\":\"https:\\\/\\\/www.cloudbeds.com\\\/wp-content\\\/uploads\\\/2025\\\/08\\\/logo-footer.svg\",\"width\":240,\"height\":35,\"caption\":\"Cloudbeds\"},\"image\":{\"@id\":\"https:\\\/\\\/www.cloudbeds.com\\\/#\\\/schema\\\/logo\\\/image\\\/\"},\"sameAs\":[\"https:\\\/\\\/www.facebook.com\\\/Cloudbeds\\\/\",\"https:\\\/\\\/x.com\\\/Cloudbeds\",\"https:\\\/\\\/www.linkedin.com\\\/company\\\/cloudbeds\\\/\",\"https:\\\/\\\/www.youtube.com\\\/channel\\\/UCyfR7GappZBy-uziWO9WLdQ\"],\"description\":\"Cloudbeds is hospitality\u2019s only intelligent growth engine \u2014 a unified platform trusted by the world\u2019s most ambitious hoteliers across 150 countries. Built to challenge the limits of outdated tech stacks, Cloudbeds connects operations, revenue, distribution, and guest experience in one powerful, intuitive system. The platform is enhanced with Signals, a hospitality AI model giving hoteliers the power to anticipate demand, run smarter operations, and craft more personal, profitable guest journeys at scale. Founded in 2012, Cloudbeds has earned top honors from Hotel Tech Report (Top PMS, Hotel Management System, and Channel Manager, 2021\u20132026), the World Travel Awards (World\u2019s Best Hotel PMS Solutions Provider, 2022), and Deloitte\u2019s Technology Fast 500 (2025).\",\"legalName\":\"Cloudbeds Digital Arbitrage\",\"foundingDate\":\"2012-10-10\",\"numberOfEmployees\":{\"@type\":\"QuantitativeValue\",\"minValue\":\"501\",\"maxValue\":\"1000\"},\"publishingPrinciples\":\"https:\\\/\\\/www.cloudbeds.com\\\/es\\\/centro-recursos\\\/\",\"ownershipFundingInfo\":\"https:\\\/\\\/www.cloudbeds.com\\\/our-story\\\/\"}]}<\/script>\n<!-- \/ Yoast SEO Premium plugin. -->","yoast_head_json":{"title":"Escucha al resumen del informe","description":"Escucha al resumen del informe: Las se\u00f1ales detr\u00e1s de las recomendaciones hoteleras de la IA - investigaci\u00f3n original de Cloudbeds.","robots":{"index":"index","follow":"follow","max-snippet":"max-snippet:-1","max-image-preview":"max-image-preview:large","max-video-preview":"max-video-preview:-1"},"canonical":"https:\/\/www.cloudbeds.com\/es\/recomendaciones-hotel-ia\/podcast\/","og_locale":"es_ES","og_type":"article","og_title":"Escucha al resumen del informe","og_description":"Escucha al resumen del informe: Las se\u00f1ales detr\u00e1s de las recomendaciones hoteleras de la IA - investigaci\u00f3n original de Cloudbeds.","og_url":"https:\/\/www.cloudbeds.com\/es\/recomendaciones-hotel-ia\/podcast\/","og_site_name":"Cloudbeds","article_publisher":"https:\/\/www.facebook.com\/Cloudbeds\/","article_modified_time":"2025-11-26T00:16:58+00:00","og_image":[{"width":1200,"height":630,"url":"https:\/\/www.cloudbeds.com\/wp-content\/uploads\/2025\/06\/Hoteles-en-la-IA.png","type":"image\/png"}],"twitter_card":"summary_large_image","twitter_site":"@Cloudbeds","schema":{"@context":"https:\/\/schema.org","@graph":[{"@type":"WebPage","@id":"https:\/\/www.cloudbeds.com\/es\/recomendaciones-hotel-ia\/podcast\/","url":"https:\/\/www.cloudbeds.com\/es\/recomendaciones-hotel-ia\/podcast\/","name":"Escucha al resumen del informe","isPartOf":{"@id":"https:\/\/www.cloudbeds.com\/#website"},"primaryImageOfPage":{"@id":"https:\/\/www.cloudbeds.com\/es\/recomendaciones-hotel-ia\/podcast\/#primaryimage"},"image":{"@id":"https:\/\/www.cloudbeds.com\/es\/recomendaciones-hotel-ia\/podcast\/#primaryimage"},"thumbnailUrl":"https:\/\/www.cloudbeds.com\/wp-content\/uploads\/2025\/06\/Hoteles-en-la-IA.png","datePublished":"2025-11-04T23:56:15+00:00","dateModified":"2025-11-26T00:16:58+00:00","description":"Escucha al resumen del informe: Las se\u00f1ales detr\u00e1s de las recomendaciones hoteleras de la IA - investigaci\u00f3n original de Cloudbeds.","breadcrumb":{"@id":"https:\/\/www.cloudbeds.com\/es\/recomendaciones-hotel-ia\/podcast\/#breadcrumb"},"inLanguage":"es","potentialAction":[{"@type":"ReadAction","target":["https:\/\/www.cloudbeds.com\/es\/recomendaciones-hotel-ia\/podcast\/"]}]},{"@type":"ImageObject","inLanguage":"es","@id":"https:\/\/www.cloudbeds.com\/es\/recomendaciones-hotel-ia\/podcast\/#primaryimage","url":"https:\/\/www.cloudbeds.com\/wp-content\/uploads\/2025\/06\/Hoteles-en-la-IA.png","contentUrl":"https:\/\/www.cloudbeds.com\/wp-content\/uploads\/2025\/06\/Hoteles-en-la-IA.png","width":"1200","height":"630","caption":"Hoteles en la IA"},{"@type":"BreadcrumbList","@id":"https:\/\/www.cloudbeds.com\/es\/recomendaciones-hotel-ia\/podcast\/#breadcrumb","itemListElement":[{"@type":"ListItem","position":1,"name":"Home","item":"https:\/\/www.cloudbeds.com\/es\/"},{"@type":"ListItem","position":2,"name":"Las se\u00f1ales detr\u00e1s de las recomendaciones hoteleras de la IA","item":"https:\/\/www.cloudbeds.com\/es\/recomendaciones-hotel-ia\/"},{"@type":"ListItem","position":3,"name":"Escucha el resumen del informe"}]},{"@type":"WebSite","@id":"https:\/\/www.cloudbeds.com\/#website","url":"https:\/\/www.cloudbeds.com\/","name":"Cloudbeds","description":"Hospitality Management Software for Hotels, Hostels and More","publisher":{"@id":"https:\/\/www.cloudbeds.com\/#organization"},"potentialAction":[{"@type":"SearchAction","target":{"@type":"EntryPoint","urlTemplate":"https:\/\/www.cloudbeds.com\/?s={search_term_string}"},"query-input":{"@type":"PropertyValueSpecification","valueRequired":true,"valueName":"search_term_string"}}],"inLanguage":"es"},{"@type":"Organization","@id":"https:\/\/www.cloudbeds.com\/#organization","name":"Cloudbeds","alternateName":"Cloudbeds Digital Arbitrage","url":"https:\/\/www.cloudbeds.com\/","logo":{"@type":"ImageObject","inLanguage":"es","@id":"https:\/\/www.cloudbeds.com\/#\/schema\/logo\/image\/","url":"https:\/\/www.cloudbeds.com\/wp-content\/uploads\/2025\/08\/logo-footer.svg","contentUrl":"https:\/\/www.cloudbeds.com\/wp-content\/uploads\/2025\/08\/logo-footer.svg","width":240,"height":35,"caption":"Cloudbeds"},"image":{"@id":"https:\/\/www.cloudbeds.com\/#\/schema\/logo\/image\/"},"sameAs":["https:\/\/www.facebook.com\/Cloudbeds\/","https:\/\/x.com\/Cloudbeds","https:\/\/www.linkedin.com\/company\/cloudbeds\/","https:\/\/www.youtube.com\/channel\/UCyfR7GappZBy-uziWO9WLdQ"],"description":"Cloudbeds is hospitality\u2019s only intelligent growth engine \u2014 a unified platform trusted by the world\u2019s most ambitious hoteliers across 150 countries. Built to challenge the limits of outdated tech stacks, Cloudbeds connects operations, revenue, distribution, and guest experience in one powerful, intuitive system. The platform is enhanced with Signals, a hospitality AI model giving hoteliers the power to anticipate demand, run smarter operations, and craft more personal, profitable guest journeys at scale. Founded in 2012, Cloudbeds has earned top honors from Hotel Tech Report (Top PMS, Hotel Management System, and Channel Manager, 2021\u20132026), the World Travel Awards (World\u2019s Best Hotel PMS Solutions Provider, 2022), and Deloitte\u2019s Technology Fast 500 (2025).","legalName":"Cloudbeds Digital Arbitrage","foundingDate":"2012-10-10","numberOfEmployees":{"@type":"QuantitativeValue","minValue":"501","maxValue":"1000"},"publishingPrinciples":"https:\/\/www.cloudbeds.com\/es\/centro-recursos\/","ownershipFundingInfo":"https:\/\/www.cloudbeds.com\/our-story\/"}]}},"_links":{"self":[{"href":"https:\/\/www.cloudbeds.com\/es\/wp-json\/wp\/v2\/pages\/55100","targetHints":{"allow":["GET"]}}],"collection":[{"href":"https:\/\/www.cloudbeds.com\/es\/wp-json\/wp\/v2\/pages"}],"about":[{"href":"https:\/\/www.cloudbeds.com\/es\/wp-json\/wp\/v2\/types\/page"}],"author":[{"embeddable":true,"href":"https:\/\/www.cloudbeds.com\/es\/wp-json\/wp\/v2\/users\/42"}],"replies":[{"embeddable":true,"href":"https:\/\/www.cloudbeds.com\/es\/wp-json\/wp\/v2\/comments?post=55100"}],"version-history":[{"count":0,"href":"https:\/\/www.cloudbeds.com\/es\/wp-json\/wp\/v2\/pages\/55100\/revisions"}],"up":[{"embeddable":true,"href":"https:\/\/www.cloudbeds.com\/es\/wp-json\/wp\/v2\/pages\/55093"}],"wp:featuredmedia":[{"embeddable":true,"href":"https:\/\/www.cloudbeds.com\/es\/wp-json\/wp\/v2\/media\/49305"}],"wp:attachment":[{"href":"https:\/\/www.cloudbeds.com\/es\/wp-json\/wp\/v2\/media?parent=55100"}],"wp:term":[{"taxonomy":"category","embeddable":true,"href":"https:\/\/www.cloudbeds.com\/es\/wp-json\/wp\/v2\/categories?post=55100"},{"taxonomy":"wf_page_folders","embeddable":true,"href":"https:\/\/www.cloudbeds.com\/es\/wp-json\/wp\/v2\/wf_page_folders?post=55100"}],"curies":[{"name":"wp","href":"https:\/\/api.w.org\/{rel}","templated":true}]}}