{"id":55103,"date":"2025-11-04T16:09:55","date_gmt":"2025-11-05T00:09:55","guid":{"rendered":"https:\/\/cbdev2.cloudbeds.com\/?page_id=55103"},"modified":"2026-04-22T03:00:34","modified_gmt":"2026-04-22T10:00:34","slug":"ux-pms-hotel","status":"publish","type":"page","link":"https:\/\/www.cloudbeds.com\/es\/ux-pms-hotel\/","title":{"rendered":"El impacto del dise\u00f1o del PMS en hoteles"},"content":{"rendered":"\n<p><\/p>\n\n\n\n<figure class=\"wp-block-image size-full is-resized\"><img loading=\"lazy\" decoding=\"async\" width=\"1138\" height=\"1258\" src=\"https:\/\/www.cloudbeds.com\/wp-content\/uploads\/2024\/12\/impact-of-pms-design-on-hotels.webp\" alt=\"PMS UX\" class=\"wp-image-45335\" style=\"width:891px;height:auto\" srcset=\"https:\/\/www.cloudbeds.com\/wp-content\/uploads\/2024\/12\/impact-of-pms-design-on-hotels.webp 1138w, https:\/\/www.cloudbeds.com\/wp-content\/uploads\/2024\/12\/impact-of-pms-design-on-hotels-768x849.webp 768w\" sizes=\"auto, (max-width: 1138px) 100vw, 1138px\" \/><\/figure>\n\n\n\n<div class=\"wp-block-group has-stix-two-text-font-family is-vertical is-layout-flex wp-container-core-group-is-layout-a491339b wp-block-group-is-layout-flex\" style=\"margin-top:var(--wp--preset--spacing--60);margin-bottom:var(--wp--preset--spacing--60);padding-right:0;padding-left:0\">\n<h2 class=\"wp-block-heading has-3-x-large-font-size\" id=\"h-la-industria-hotelera-esta-en-un-cruce\">La industria hotelera est\u00e1 en un cruce.<\/h2>\n\n\n\n<p>Los hoteles tienen dificultades para encontrar y retener personal cualificado, lo que aumenta los salarios, afecta la experiencia del hu\u00e9sped y reduce la rentabilidad.<\/p>\n\n\n\n<h3 class=\"wp-block-heading has-x-medium-font-size\" id=\"h-a-dia-de-hoy\">A d\u00eda de hoy:<\/h3>\n<\/div>\n\n\n\n<div class=\"wp-block-columns is-layout-flex wp-container-core-columns-is-layout-28f84493 wp-block-columns-is-layout-flex\">\n<div class=\"wp-block-column has-primary-yellow-03-background-color has-background is-layout-flow wp-block-column-is-layout-flow\" style=\"padding-top:var(--wp--preset--spacing--60);padding-right:var(--wp--preset--spacing--40);padding-bottom:var(--wp--preset--spacing--60);padding-left:var(--wp--preset--spacing--40)\">\n<h2 class=\"wp-block-heading has-support-orange-05-color has-text-color has-link-color has-3-x-large-font-size wp-elements-603d4714624f2a8dd4bf563670765bbf\" id=\"h-76\">76%<\/h2>\n\n\n\n<p>de los hoteles reportan escasez de personal (AHLA)<\/p>\n<\/div>\n\n\n\n<div class=\"wp-block-column has-neutral-coffee-05-color has-support-orange-03-background-color has-text-color has-background has-link-color wp-elements-bc2b1743d4b6f34a0c81356af65e65b1 is-layout-flow wp-block-column-is-layout-flow\" style=\"padding-top:var(--wp--preset--spacing--60);padding-right:var(--wp--preset--spacing--40);padding-bottom:var(--wp--preset--spacing--60);padding-left:var(--wp--preset--spacing--40)\">\n<h2 class=\"wp-block-heading has-support-orange-07-color has-text-color has-link-color has-3-x-large-font-size wp-elements-1559a6fd8e8a133f43a4d4d10f22deac\" id=\"h-40\">40%<\/h2>\n\n\n\n<p>tasa promedio de rotaci\u00f3n en hoteler\u00eda (Cloudbeds)<\/p>\n<\/div>\n\n\n\n<div class=\"wp-block-column has-primary-blue-03-background-color has-background is-layout-flow wp-block-column-is-layout-flow\" style=\"padding-top:var(--wp--preset--spacing--60);padding-right:var(--wp--preset--spacing--40);padding-bottom:var(--wp--preset--spacing--60);padding-left:var(--wp--preset--spacing--40)\">\n<h2 class=\"wp-block-heading has-primary-blue-09-color has-text-color has-link-color has-3-x-large-font-size wp-elements-8ba6400e2485d58ed460c812aaa0460a\" id=\"h-20\">20%<\/h2>\n\n\n\n<p>aumento de salarios del 2019 a 2024 (AHLA)<\/p>\n<\/div>\n\n\n\n<div class=\"wp-block-column has-support-green-03-background-color has-background is-layout-flow wp-block-column-is-layout-flow\" style=\"padding-top:var(--wp--preset--spacing--60);padding-right:var(--wp--preset--spacing--40);padding-bottom:var(--wp--preset--spacing--60);padding-left:var(--wp--preset--spacing--40)\">\n<h2 class=\"wp-block-heading has-support-green-07-color has-text-color has-link-color has-3-x-large-font-size wp-elements-8b544ec3b2a209d6482ca74b38ce1342\" id=\"h-5\">5<\/h2>\n\n\n\n<p>semanas para cubrir puestos vacantes (Skift)<\/p>\n<\/div>\n<\/div>\n\n\n\n<div class=\"wp-block-group has-stix-two-text-font-family is-vertical is-layout-flex wp-container-core-group-is-layout-a491339b wp-block-group-is-layout-flex\" style=\"margin-top:var(--wp--preset--spacing--60);margin-bottom:var(--wp--preset--spacing--60);padding-right:0;padding-left:0\">\n<h2 class=\"wp-block-heading has-3-x-large-font-size\" id=\"h-para-enfrentar-estos-desafios-los-hoteles-deben-recurrir-a-la-tecnologia-y-automatizacion-sin-embargo-los-sistemas-complicados-y-mal-disenados-requieren-largos-periodos-de-formacion-y-adopcion-creando-barreras-para-la-incorporacion-y-el-desarrollo-de-habilidades\">Para enfrentar estos desaf\u00edos, los hoteles deben recurrir a la tecnolog\u00eda y automatizaci\u00f3n. Sin embargo, los sistemas complicados y mal dise\u00f1ados requieren largos per\u00edodos de formaci\u00f3n y adopci\u00f3n, creando barreras para la incorporaci\u00f3n y el desarrollo de habilidades.<\/h2>\n\n\n\n<p>Aqu\u00ed es donde la inversi\u00f3n en tecnolog\u00eda hotelera que prioriza el dise\u00f1o centrado en el humano se vuelve esencial.<\/p>\n\n\n\n<figure class=\"wp-block-image size-full\"><img loading=\"lazy\" decoding=\"async\" width=\"1500\" height=\"760\" src=\"https:\/\/www.cloudbeds.com\/wp-content\/uploads\/2024\/12\/cloudbeds-user-centered-technology.webp\" alt=\"\" class=\"wp-image-45384\" srcset=\"https:\/\/www.cloudbeds.com\/wp-content\/uploads\/2024\/12\/cloudbeds-user-centered-technology.webp 1500w, https:\/\/www.cloudbeds.com\/wp-content\/uploads\/2024\/12\/cloudbeds-user-centered-technology-768x389.webp 768w\" sizes=\"auto, (max-width: 1500px) 100vw, 1500px\" \/><\/figure>\n\n\n\n<h2 class=\"wp-block-heading has-3-x-large-font-size\" id=\"h-en-cloudbeds-siempre-hemos-reconocido-que-la-tecnologia-centrada-en-el-usuario-fomenta-una-mayor-productividad-y-eficiencia-para-los-hoteles\">En Cloudbeds, siempre hemos reconocido que la tecnolog\u00eda centrada en el usuario fomenta una mayor productividad y eficiencia para los hoteles.<\/h2>\n\n\n\n<h3 class=\"wp-block-heading has-x-medium-font-size\" id=\"h-pero-queriamos-profundizar-mas\">Pero quer\u00edamos profundizar m\u00e1s.<\/h3>\n\n\n\n<p>Espec\u00edficamente, quer\u00edamos entender c\u00f3mo se sienten los empleados de hotel sobre el PMS que usan, ya sea el nuestro u otro proveedor. \u00bfQu\u00e9 tan f\u00e1cil es aprenderlo? \u00bfC\u00f3mo impacta su trabajo? \u00bfCu\u00e1les son los beneficios de una experiencia de usuario positiva y qu\u00e9 riesgos presenta una mala?<\/p>\n\n\n\n<p>Para esto, nos asociamos con profesores de NYU y una firma l\u00edder de investigaci\u00f3n de mercado para realizar una encuesta a 500 empleados de hotel y miramos hacia adentro en nuestra propia metodolog\u00eda UX para ver el impacto en tiempo real del UX del PMS en las operaciones hoteleras y las funciones clave que empoderan a los empleados de primera l\u00ednea y gerentes en el d\u00eda a d\u00eda.<\/p>\n\n\n\n<p>Para calificar, los participantes deb\u00edan estar empleados actualmente o recientemente por un hotel independiente o grupo hotelero y requerir usar un PMS regularmente en su trabajo (esta encuesta fue PMS-agn\u00f3stica).<\/p>\n\n\n\n<h3 class=\"wp-block-heading has-neutral-chalk-05-background-color has-background has-x-medium-font-size\" id=\"h-objetivos-del-informe-sobre-la-experiencia-del-usuario-del-pms\">Objetivos del Informe sobre la experiencia del usuario del PMS<\/h3>\n<\/div>\n\n\n\n<div class=\"wp-block-columns is-layout-flex wp-container-core-columns-is-layout-28f84493 wp-block-columns-is-layout-flex\">\n<div class=\"wp-block-column has-primary-yellow-03-background-color has-background is-layout-flow wp-container-core-column-is-layout-b1615d35 wp-block-column-is-layout-flow\" style=\"border-style:none;border-width:0px;padding-top:var(--wp--preset--spacing--80);padding-right:var(--wp--preset--spacing--50);padding-bottom:var(--wp--preset--spacing--80);padding-left:var(--wp--preset--spacing--50)\">\n<p class=\"has-x-medium-font-size\">1. Evaluar la experiencia de usuario de los empleados entre m\u00faltiples proveedores usando m\u00e9tricas imparciales y objetivas.<\/p>\n<\/div>\n\n\n\n<div class=\"wp-block-column has-support-orange-01-background-color has-background is-layout-flow wp-block-column-is-layout-flow\" style=\"padding-top:var(--wp--preset--spacing--80);padding-right:var(--wp--preset--spacing--50);padding-bottom:var(--wp--preset--spacing--80);padding-left:var(--wp--preset--spacing--50)\">\n<p class=\"has-x-medium-font-size\">2. Explorar las relaciones entre la experiencia de usuario del PMS y los resultados operativos, como costos y rotaci\u00f3n.<\/p>\n<\/div>\n<\/div>\n\n\n\n<div class=\"wp-block-columns is-layout-flex wp-container-core-columns-is-layout-28f84493 wp-block-columns-is-layout-flex\">\n<div class=\"wp-block-column has-support-green-03-background-color has-background is-layout-flow wp-block-column-is-layout-flow\" style=\"padding-top:var(--wp--preset--spacing--80);padding-right:var(--wp--preset--spacing--50);padding-bottom:var(--wp--preset--spacing--80);padding-left:var(--wp--preset--spacing--50)\">\n<p>3. Contrastar las opiniones y experiencias de los empleados de primera l\u00ednea con las de los gerentes.<\/p>\n<\/div>\n\n\n\n<div class=\"wp-block-column has-support-purple-03-background-color has-background is-layout-flow wp-container-core-column-is-layout-b1615d35 wp-block-column-is-layout-flow\" style=\"padding-top:var(--wp--preset--spacing--80);padding-right:var(--wp--preset--spacing--50);padding-bottom:var(--wp--preset--spacing--80);padding-left:var(--wp--preset--spacing--50)\">\n<p>4. Analizar diferencias en la experiencia de usuario del PMS, m\u00e9todos de formaci\u00f3n y tendencias de empleo entre regiones.<\/p>\n<\/div>\n<\/div>\n\n\n\n<div class=\"wp-block-cloudbeds-cta-block-blog-image bg-primary-blue-05 mx-auto flex flex-col sm:flex-row sm:items-stretch justify-between rounded-[4px] font-host py-0 pl-0 max-w-[748px]\"><div class=\"sm:min-h-[230px] w-full sm:min-h-full sm:h-auto sm:max-w-[330px] flex items-center justify-center text-center bg-neutral-coffee-05 text-sm mx-auto ml-0 overflow-hidden text-neutral-chalk-01\"><img decoding=\"async\" src=\"https:\/\/www.cloudbeds.com\/wp-content\/uploads\/2025\/01\/UX-PMS-hotelero.webp\" alt=\"UX PMS hotelero\" class=\"w-full h-full object-cover\"\/><\/div><div class=\"m-6\"><h2 class=\"text-2xl font-light text-neutral-coffee-05 mb-3\">Profundiza en los resultados del informe<\/h2><p class=\"text-base text-neutral-coffee-05 font-light\">Lorem ipsum tempus leo egestas vitae condimentum dictum ultrices accumsan.<\/p><div class=\"flex-shrink-0 mt-7\">\n<div class=\"flex w-full justify-start\">\n  \n    <a\n      href=\"#\"\n      class=\"cloudbeds-custom-button btn-rich-brown text-neutral-white px-4 py-2 rounded-md hover:bg-primary-blue-05 hover:text-neutral-coffee-05 inline-flex items-center gap-2 no-underline transition duration-300 ease-in-out hover:no-underline active:no-underline focus:no-underline\"\n      target=\"_self\"\n      rel=\"\"\n            >\n            <span>Lee el informe<\/span>\n      <svg xmlns=\"https:\/\/www.w3.org\/2000\/svg\" width=\"20\" height=\"20\" fill=\"currentColor\" viewBox=\"0 0 256 256\"><path d=\"M200,64V168a8,8,0,0,1-16,0V83.31L69.66,197.66a8,8,0,0,1-11.32-11.32L172.69,72H88a8,8,0,0,1,0-16H192A8,8,0,0,1,200,64Z\"\/><\/svg>    <\/a>\n  <\/div><\/div><\/div><\/div>\n","protected":false},"excerpt":{"rendered":"<p>Un PMS debe empoderar, no agotar. Nuestro informe sobre la experiencia del usuario revela c\u00f3mo se siente realmente el personal hotelero con respecto a sus sistemas y qu\u00e9 significa un mejor dise\u00f1o para las operaciones.<\/p>\n","protected":false},"author":42,"featured_media":56590,"parent":0,"menu_order":0,"comment_status":"closed","ping_status":"closed","template":"content-hub-page","meta":{"_acf_changed":true,"footnotes":""},"categories":[10805,10492],"wf_page_folders":[11160],"class_list":["post-55103","page","type-page","status-publish","has-post-thumbnail","hentry","category-guias-informes","category-reservas-distribucion"],"acf":[],"yoast_head":"<!-- This site is optimized with the Yoast SEO Premium plugin v27.0 (Yoast SEO v27.0) - https:\/\/yoast.com\/product\/yoast-seo-premium-wordpress\/ -->\n<title>El impacto del dise\u00f1o del PMS en hoteles [Informe]<\/title>\n<meta name=\"description\" content=\"Por qu\u00e9 la experiencia del usuario del sistema PMS es importante para la formaci\u00f3n, la retenci\u00f3n y la capacitaci\u00f3n del personal.\" \/>\n<meta name=\"robots\" content=\"index, follow, max-snippet:-1, max-image-preview:large, max-video-preview:-1\" \/>\n<link rel=\"canonical\" href=\"https:\/\/www.cloudbeds.com\/es\/ux-pms-hotel\/\" \/>\n<meta property=\"og:locale\" content=\"es_ES\" \/>\n<meta property=\"og:type\" content=\"article\" \/>\n<meta property=\"og:title\" content=\"El impacto del dise\u00f1o del PMS en hoteles [Informe]\" \/>\n<meta property=\"og:description\" content=\"Por qu\u00e9 la experiencia del usuario del sistema PMS es importante para la formaci\u00f3n, la retenci\u00f3n y la capacitaci\u00f3n del personal.\" \/>\n<meta property=\"og:url\" content=\"https:\/\/www.cloudbeds.com\/es\/ux-pms-hotel\/\" \/>\n<meta property=\"og:site_name\" content=\"Cloudbeds\" \/>\n<meta property=\"article:publisher\" content=\"https:\/\/www.facebook.com\/Cloudbeds\/\" \/>\n<meta property=\"article:modified_time\" content=\"2026-04-22T10:00:34+00:00\" \/>\n<meta property=\"og:image\" content=\"https:\/\/www.cloudbeds.com\/wp-content\/uploads\/2025\/08\/UXR_blog_ES.png\" \/>\n\t<meta property=\"og:image:width\" content=\"1200\" \/>\n\t<meta property=\"og:image:height\" content=\"630\" \/>\n\t<meta property=\"og:image:type\" content=\"image\/png\" \/>\n<meta name=\"twitter:card\" content=\"summary_large_image\" \/>\n<meta name=\"twitter:site\" content=\"@Cloudbeds\" \/>\n<script type=\"application\/ld+json\" class=\"yoast-schema-graph\">{\"@context\":\"https:\/\/schema.org\",\"@graph\":[{\"@type\":\"WebPage\",\"@id\":\"https:\/\/www.cloudbeds.com\/es\/ux-pms-hotel\/\",\"url\":\"https:\/\/www.cloudbeds.com\/es\/ux-pms-hotel\/\",\"name\":\"El impacto del dise\u00f1o del PMS en hoteles [Informe]\",\"isPartOf\":{\"@id\":\"https:\/\/www.cloudbeds.com\/#website\"},\"primaryImageOfPage\":{\"@id\":\"https:\/\/www.cloudbeds.com\/es\/ux-pms-hotel\/#primaryimage\"},\"image\":{\"@id\":\"https:\/\/www.cloudbeds.com\/es\/ux-pms-hotel\/#primaryimage\"},\"thumbnailUrl\":\"https:\/\/www.cloudbeds.com\/wp-content\/uploads\/2025\/08\/UXR_blog_ES.png\",\"datePublished\":\"2025-11-05T00:09:55+00:00\",\"dateModified\":\"2026-04-22T10:00:34+00:00\",\"description\":\"Por qu\u00e9 la experiencia del usuario del sistema PMS es importante para la formaci\u00f3n, la retenci\u00f3n y la capacitaci\u00f3n del personal.\",\"breadcrumb\":{\"@id\":\"https:\/\/www.cloudbeds.com\/es\/ux-pms-hotel\/#breadcrumb\"},\"inLanguage\":\"es\",\"potentialAction\":[{\"@type\":\"ReadAction\",\"target\":[\"https:\/\/www.cloudbeds.com\/es\/ux-pms-hotel\/\"]}]},{\"@type\":\"ImageObject\",\"inLanguage\":\"es\",\"@id\":\"https:\/\/www.cloudbeds.com\/es\/ux-pms-hotel\/#primaryimage\",\"url\":\"https:\/\/www.cloudbeds.com\/wp-content\/uploads\/2025\/08\/UXR_blog_ES.png\",\"contentUrl\":\"https:\/\/www.cloudbeds.com\/wp-content\/uploads\/2025\/08\/UXR_blog_ES.png\",\"width\":1200,\"height\":630},{\"@type\":\"BreadcrumbList\",\"@id\":\"https:\/\/www.cloudbeds.com\/es\/ux-pms-hotel\/#breadcrumb\",\"itemListElement\":[{\"@type\":\"ListItem\",\"position\":1,\"name\":\"Home\",\"item\":\"https:\/\/www.cloudbeds.com\/es\/\"},{\"@type\":\"ListItem\",\"position\":2,\"name\":\"El impacto del dise\u00f1o del PMS en hoteles\"}]},{\"@type\":\"WebSite\",\"@id\":\"https:\/\/www.cloudbeds.com\/#website\",\"url\":\"https:\/\/www.cloudbeds.com\/\",\"name\":\"Cloudbeds\",\"description\":\"Hospitality Management Software for Hotels, Hostels and More\",\"publisher\":{\"@id\":\"https:\/\/www.cloudbeds.com\/#organization\"},\"potentialAction\":[{\"@type\":\"SearchAction\",\"target\":{\"@type\":\"EntryPoint\",\"urlTemplate\":\"https:\/\/www.cloudbeds.com\/?s={search_term_string}\"},\"query-input\":{\"@type\":\"PropertyValueSpecification\",\"valueRequired\":true,\"valueName\":\"search_term_string\"}}],\"inLanguage\":\"es\"},{\"@type\":\"Organization\",\"@id\":\"https:\/\/www.cloudbeds.com\/#organization\",\"name\":\"Cloudbeds\",\"alternateName\":\"Cloudbeds Digital Arbitrage\",\"url\":\"https:\/\/www.cloudbeds.com\/\",\"logo\":{\"@type\":\"ImageObject\",\"inLanguage\":\"es\",\"@id\":\"https:\/\/www.cloudbeds.com\/#\/schema\/logo\/image\/\",\"url\":\"https:\/\/www.cloudbeds.com\/wp-content\/uploads\/2025\/08\/logo-footer.svg\",\"contentUrl\":\"https:\/\/www.cloudbeds.com\/wp-content\/uploads\/2025\/08\/logo-footer.svg\",\"width\":240,\"height\":35,\"caption\":\"Cloudbeds\"},\"image\":{\"@id\":\"https:\/\/www.cloudbeds.com\/#\/schema\/logo\/image\/\"},\"sameAs\":[\"https:\/\/www.facebook.com\/Cloudbeds\/\",\"https:\/\/x.com\/Cloudbeds\",\"https:\/\/www.linkedin.com\/company\/cloudbeds\/\",\"https:\/\/www.youtube.com\/channel\/UCyfR7GappZBy-uziWO9WLdQ\"],\"description\":\"Cloudbeds is hospitality\u2019s only intelligent growth engine \u2014 a unified platform trusted by the world\u2019s most ambitious hoteliers across 150 countries. Built to challenge the limits of outdated tech stacks, Cloudbeds connects operations, revenue, distribution, and guest experience in one powerful, intuitive system. The platform is enhanced with Signals, a hospitality AI model giving hoteliers the power to anticipate demand, run smarter operations, and craft more personal, profitable guest journeys at scale. Founded in 2012, Cloudbeds has earned top honors from Hotel Tech Report (Top PMS, Hotel Management System, and Channel Manager, 2021\u20132026), the World Travel Awards (World\u2019s Best Hotel PMS Solutions Provider, 2022), and Deloitte\u2019s Technology Fast 500 (2025).\",\"legalName\":\"Cloudbeds Digital Arbitrage\",\"foundingDate\":\"2012-10-10\",\"numberOfEmployees\":{\"@type\":\"QuantitativeValue\",\"minValue\":\"501\",\"maxValue\":\"1000\"},\"publishingPrinciples\":\"https:\/\/www.cloudbeds.com\/es\/centro-recursos\/\",\"ownershipFundingInfo\":\"https:\/\/www.cloudbeds.com\/our-story\/\"}]}<\/script>\n<!-- \/ Yoast SEO Premium plugin. -->","yoast_head_json":{"title":"El impacto del dise\u00f1o del PMS en hoteles [Informe]","description":"Por qu\u00e9 la experiencia del usuario del sistema PMS es importante para la formaci\u00f3n, la retenci\u00f3n y la capacitaci\u00f3n del personal.","robots":{"index":"index","follow":"follow","max-snippet":"max-snippet:-1","max-image-preview":"max-image-preview:large","max-video-preview":"max-video-preview:-1"},"canonical":"https:\/\/www.cloudbeds.com\/es\/ux-pms-hotel\/","og_locale":"es_ES","og_type":"article","og_title":"El impacto del dise\u00f1o del PMS en hoteles [Informe]","og_description":"Por qu\u00e9 la experiencia del usuario del sistema PMS es importante para la formaci\u00f3n, la retenci\u00f3n y la capacitaci\u00f3n del personal.","og_url":"https:\/\/www.cloudbeds.com\/es\/ux-pms-hotel\/","og_site_name":"Cloudbeds","article_publisher":"https:\/\/www.facebook.com\/Cloudbeds\/","article_modified_time":"2026-04-22T10:00:34+00:00","og_image":[{"width":1200,"height":630,"url":"https:\/\/www.cloudbeds.com\/wp-content\/uploads\/2025\/08\/UXR_blog_ES.png","type":"image\/png"}],"twitter_card":"summary_large_image","twitter_site":"@Cloudbeds","schema":{"@context":"https:\/\/schema.org","@graph":[{"@type":"WebPage","@id":"https:\/\/www.cloudbeds.com\/es\/ux-pms-hotel\/","url":"https:\/\/www.cloudbeds.com\/es\/ux-pms-hotel\/","name":"El impacto del dise\u00f1o del PMS en hoteles [Informe]","isPartOf":{"@id":"https:\/\/www.cloudbeds.com\/#website"},"primaryImageOfPage":{"@id":"https:\/\/www.cloudbeds.com\/es\/ux-pms-hotel\/#primaryimage"},"image":{"@id":"https:\/\/www.cloudbeds.com\/es\/ux-pms-hotel\/#primaryimage"},"thumbnailUrl":"https:\/\/www.cloudbeds.com\/wp-content\/uploads\/2025\/08\/UXR_blog_ES.png","datePublished":"2025-11-05T00:09:55+00:00","dateModified":"2026-04-22T10:00:34+00:00","description":"Por qu\u00e9 la experiencia del usuario del sistema PMS es importante para la formaci\u00f3n, la retenci\u00f3n y la capacitaci\u00f3n del personal.","breadcrumb":{"@id":"https:\/\/www.cloudbeds.com\/es\/ux-pms-hotel\/#breadcrumb"},"inLanguage":"es","potentialAction":[{"@type":"ReadAction","target":["https:\/\/www.cloudbeds.com\/es\/ux-pms-hotel\/"]}]},{"@type":"ImageObject","inLanguage":"es","@id":"https:\/\/www.cloudbeds.com\/es\/ux-pms-hotel\/#primaryimage","url":"https:\/\/www.cloudbeds.com\/wp-content\/uploads\/2025\/08\/UXR_blog_ES.png","contentUrl":"https:\/\/www.cloudbeds.com\/wp-content\/uploads\/2025\/08\/UXR_blog_ES.png","width":1200,"height":630},{"@type":"BreadcrumbList","@id":"https:\/\/www.cloudbeds.com\/es\/ux-pms-hotel\/#breadcrumb","itemListElement":[{"@type":"ListItem","position":1,"name":"Home","item":"https:\/\/www.cloudbeds.com\/es\/"},{"@type":"ListItem","position":2,"name":"El impacto del dise\u00f1o del PMS en hoteles"}]},{"@type":"WebSite","@id":"https:\/\/www.cloudbeds.com\/#website","url":"https:\/\/www.cloudbeds.com\/","name":"Cloudbeds","description":"Hospitality Management Software for Hotels, Hostels and More","publisher":{"@id":"https:\/\/www.cloudbeds.com\/#organization"},"potentialAction":[{"@type":"SearchAction","target":{"@type":"EntryPoint","urlTemplate":"https:\/\/www.cloudbeds.com\/?s={search_term_string}"},"query-input":{"@type":"PropertyValueSpecification","valueRequired":true,"valueName":"search_term_string"}}],"inLanguage":"es"},{"@type":"Organization","@id":"https:\/\/www.cloudbeds.com\/#organization","name":"Cloudbeds","alternateName":"Cloudbeds Digital Arbitrage","url":"https:\/\/www.cloudbeds.com\/","logo":{"@type":"ImageObject","inLanguage":"es","@id":"https:\/\/www.cloudbeds.com\/#\/schema\/logo\/image\/","url":"https:\/\/www.cloudbeds.com\/wp-content\/uploads\/2025\/08\/logo-footer.svg","contentUrl":"https:\/\/www.cloudbeds.com\/wp-content\/uploads\/2025\/08\/logo-footer.svg","width":240,"height":35,"caption":"Cloudbeds"},"image":{"@id":"https:\/\/www.cloudbeds.com\/#\/schema\/logo\/image\/"},"sameAs":["https:\/\/www.facebook.com\/Cloudbeds\/","https:\/\/x.com\/Cloudbeds","https:\/\/www.linkedin.com\/company\/cloudbeds\/","https:\/\/www.youtube.com\/channel\/UCyfR7GappZBy-uziWO9WLdQ"],"description":"Cloudbeds is hospitality\u2019s only intelligent growth engine \u2014 a unified platform trusted by the world\u2019s most ambitious hoteliers across 150 countries. Built to challenge the limits of outdated tech stacks, Cloudbeds connects operations, revenue, distribution, and guest experience in one powerful, intuitive system. The platform is enhanced with Signals, a hospitality AI model giving hoteliers the power to anticipate demand, run smarter operations, and craft more personal, profitable guest journeys at scale. Founded in 2012, Cloudbeds has earned top honors from Hotel Tech Report (Top PMS, Hotel Management System, and Channel Manager, 2021\u20132026), the World Travel Awards (World\u2019s Best Hotel PMS Solutions Provider, 2022), and Deloitte\u2019s Technology Fast 500 (2025).","legalName":"Cloudbeds Digital Arbitrage","foundingDate":"2012-10-10","numberOfEmployees":{"@type":"QuantitativeValue","minValue":"501","maxValue":"1000"},"publishingPrinciples":"https:\/\/www.cloudbeds.com\/es\/centro-recursos\/","ownershipFundingInfo":"https:\/\/www.cloudbeds.com\/our-story\/"}]}},"_links":{"self":[{"href":"https:\/\/www.cloudbeds.com\/es\/wp-json\/wp\/v2\/pages\/55103","targetHints":{"allow":["GET"]}}],"collection":[{"href":"https:\/\/www.cloudbeds.com\/es\/wp-json\/wp\/v2\/pages"}],"about":[{"href":"https:\/\/www.cloudbeds.com\/es\/wp-json\/wp\/v2\/types\/page"}],"author":[{"embeddable":true,"href":"https:\/\/www.cloudbeds.com\/es\/wp-json\/wp\/v2\/users\/42"}],"replies":[{"embeddable":true,"href":"https:\/\/www.cloudbeds.com\/es\/wp-json\/wp\/v2\/comments?post=55103"}],"version-history":[{"count":0,"href":"https:\/\/www.cloudbeds.com\/es\/wp-json\/wp\/v2\/pages\/55103\/revisions"}],"wp:featuredmedia":[{"embeddable":true,"href":"https:\/\/www.cloudbeds.com\/es\/wp-json\/wp\/v2\/media\/56590"}],"wp:attachment":[{"href":"https:\/\/www.cloudbeds.com\/es\/wp-json\/wp\/v2\/media?parent=55103"}],"wp:term":[{"taxonomy":"category","embeddable":true,"href":"https:\/\/www.cloudbeds.com\/es\/wp-json\/wp\/v2\/categories?post=55103"},{"taxonomy":"wf_page_folders","embeddable":true,"href":"https:\/\/www.cloudbeds.com\/es\/wp-json\/wp\/v2\/wf_page_folders?post=55103"}],"curies":[{"name":"wp","href":"https:\/\/api.w.org\/{rel}","templated":true}]}}