{"id":21933,"date":"2018-08-27T01:32:33","date_gmt":"2018-08-27T01:32:33","guid":{"rendered":"https:\/\/www.cloudbeds.com\/cloudbeds-data-security\/"},"modified":"2025-11-05T04:59:46","modified_gmt":"2025-11-05T12:59:46","slug":"cloudbeds-data-security","status":"publish","type":"page","link":"https:\/\/www.cloudbeds.com\/pt-br\/cloudbeds-data-security\/","title":{"rendered":"Seguran\u00e7a de Dados"},"content":{"rendered":"<section>\n<div class=\"row\">\n<div class=\"col-sm-12\">\n<h1><span style=\"font-size: 24pt;\">Seguran\u00e7a de Dados<\/span><\/h1>\n<h2>Seus dados est\u00e3o seguros conosco<\/h2>\n<p>Como empresa de SaaS (Software como servi\u00e7o) dedicada \u00e0s necessidades de nossos clientes, levamos a seguran\u00e7a dos dados muito a s\u00e9rio. Consideramos de extrema impor\u00e2ncia que seus dados sejam mantidos seguros e portanto monitoramos e trabalhamos para mitigar quaisquer amea\u00e7as que possam coloc\u00e1-los em risco.<\/p>\n<\/div>\n<\/div>\n<\/section>\n<section class=\"sub-content-block\">\n<div class=\"row\">\n<div class=\"col-sm-12\">\n<h2>Temos parcerias com os melhores<\/h2>\n<p>Temos parceria com a Amazon AWS e a Tokenex, duas das empresas mais respeitadas no mundo no que se refere a armazenamento seguro de dados e seguran\u00e7a de pagamentos. Tamb\u00e9m estamos sempre acompanhando as melhores pr\u00e1ticas da ind\u00fastria para garantir que estejamos de acordo com quaisquer mudan\u00e7as e atualiza\u00e7\u00f5es.<\/p>\n<\/div>\n<\/div>\n<\/section>\n<section class=\"sub-content-block\">\n<div class=\"row\">\n<div class=\"col-sm-12\">\n<h2>Melhoramos a cada dia<\/h2>\n<p>Estamos sempre aprimorando nossos sistemas de seguran\u00e7a para garantir a seguran\u00e7a de seus dados na plataforma Cloudbeds de forma sempre melhor. \u00c9 nossa responsabilidade resolver quaisquer vulnerabilidades do sistema que possam amea\u00e7ar seus dados e privacidade. Estamos sempre abertos \u00e0s suas sugest\u00f5es e cr\u00edticas para melhorarmos nossa plataforma e tornar Cloudbeds sempre melhor para todos.<\/p>\n<\/div>\n<\/div>\n<\/section>\n<section class=\"sub-content-block\">\n<div class=\"row\">\n<div class=\"col-sm-12\">\n<h2>Como reportar problemas e amea\u00e7as<\/h2>\n<p>Caso tenha encontrado quaisquer problemas ou falhas que impactem a seguran\u00e7a de dados ou privacidade de usu\u00e1rios Cloudbeds, por favor escreva para o email <a href=\"mailto:support@cloudbeds.com\">support@cloudbeds.com<\/a> com mais detalhes para que possamos tentar resolver imediatamente.<\/p>\n<p>Seu pedido ser\u00e1 visto imediatamente. Pode ser que precisemos entrar em contato para orienta\u00e7\u00f5es de forma a replicarmos o problema e entendermos formas de resolu\u00e7\u00e3o.<\/p>\n<p>Por favor seja o mais claro e espec\u00edfico sobre quaisquer informa\u00e7\u00f5es que enviar. Agradecemos profundamente sua ajuda na detec\u00e7\u00e3o de falhas na plataforma Cloudbeds e daremos o reconhecimento necess\u00e1rio assim que a amea\u00e7a for resolvida.<\/p>\n<\/div>\n<\/div>\n<\/section>\n<section class=\"sub-content-block\">\n<div class=\"row\">\n<div class=\"col-sm-12\">\n<h2>Entre em contato<\/h2>\n<p>Caso tenha outras perguntas, n\u00e3o hesite em entrar em contato conosco no email <a href=\"mailto:support@cloudbeds.com\">support@cloudbeds.com<\/a> e responderemos prontamente.<\/p>\n<\/div>\n<\/div>\n<\/section>\n","protected":false},"excerpt":{"rendered":"<p>Seguran\u00e7a de Dados Seus dados est\u00e3o seguros conosco Como empresa de SaaS (Software como servi\u00e7o) dedicada \u00e0s necessidades de nossos clientes, levamos a seguran\u00e7a dos dados muito a s\u00e9rio. Consideramos de extrema impor\u00e2ncia que seus dados sejam mantidos seguros e portanto monitoramos e trabalhamos para mitigar quaisquer amea\u00e7as que possam coloc\u00e1-los em risco. Temos parcerias [&hellip;]<\/p>\n","protected":false},"author":1,"featured_media":24102,"parent":0,"menu_order":869,"comment_status":"closed","ping_status":"closed","template":"template_agreements.php","meta":{"_acf_changed":false,"footnotes":""},"categories":[],"wf_page_folders":[9121],"class_list":["post-21933","page","type-page","status-publish","has-post-thumbnail","hentry"],"acf":[],"yoast_head":"<!-- This site is optimized with the Yoast SEO Premium plugin v27.0 (Yoast SEO v27.0) - https:\/\/yoast.com\/product\/yoast-seo-premium-wordpress\/ -->\n<title>Seguran\u00e7a de Dados | Sistema de Gest\u00e3o Hoteleira Cloudbeds<\/title>\n<meta name=\"description\" content=\"Como empresa de SaaS (Software como servi\u00e7o) dedicada \u00e0s necessidades de nossos clientes, levamos a seguran\u00e7a dos dados muito a s\u00e9rio.\" \/>\n<meta name=\"robots\" content=\"index, follow, max-snippet:-1, max-image-preview:large, max-video-preview:-1\" \/>\n<link rel=\"canonical\" href=\"https:\/\/www.cloudbeds.com\/pt-br\/cloudbeds-data-security\/\" \/>\n<meta property=\"og:locale\" content=\"pt_BR\" \/>\n<meta property=\"og:type\" content=\"article\" \/>\n<meta property=\"og:title\" content=\"Seguran\u00e7a de Dados | Sistema de Gest\u00e3o Hoteleira Cloudbeds\" \/>\n<meta property=\"og:description\" content=\"Como empresa de SaaS (Software como servi\u00e7o) dedicada \u00e0s necessidades de nossos clientes, levamos a seguran\u00e7a dos dados muito a s\u00e9rio.\" \/>\n<meta property=\"og:url\" content=\"https:\/\/www.cloudbeds.com\/pt-br\/cloudbeds-data-security\/\" \/>\n<meta property=\"og:site_name\" content=\"Cloudbeds\" \/>\n<meta property=\"article:publisher\" content=\"https:\/\/www.facebook.com\/Cloudbeds\/\" \/>\n<meta property=\"article:modified_time\" content=\"2025-11-05T12:59:46+00:00\" \/>\n<meta property=\"og:image\" content=\"https:\/\/www.cloudbeds.com\/wp-content\/uploads\/2020\/11\/open-graph-hms.jpg\" \/>\n\t<meta property=\"og:image:width\" content=\"1200\" \/>\n\t<meta property=\"og:image:height\" content=\"630\" \/>\n\t<meta property=\"og:image:type\" content=\"image\/jpeg\" \/>\n<meta name=\"twitter:card\" content=\"summary_large_image\" \/>\n<meta name=\"twitter:site\" content=\"@Cloudbeds\" \/>\n<script type=\"application\/ld+json\" class=\"yoast-schema-graph\">{\"@context\":\"https:\/\/schema.org\",\"@graph\":[{\"@type\":\"WebPage\",\"@id\":\"https:\/\/www.cloudbeds.com\/pt-br\/cloudbeds-data-security\/\",\"url\":\"https:\/\/www.cloudbeds.com\/pt-br\/cloudbeds-data-security\/\",\"name\":\"Seguran\u00e7a de Dados | Sistema de Gest\u00e3o Hoteleira Cloudbeds\",\"isPartOf\":{\"@id\":\"https:\/\/www.cloudbeds.com\/#website\"},\"primaryImageOfPage\":{\"@id\":\"https:\/\/www.cloudbeds.com\/pt-br\/cloudbeds-data-security\/#primaryimage\"},\"image\":{\"@id\":\"https:\/\/www.cloudbeds.com\/pt-br\/cloudbeds-data-security\/#primaryimage\"},\"thumbnailUrl\":\"https:\/\/www.cloudbeds.com\/wp-content\/uploads\/2020\/11\/open-graph-hms.jpg\",\"datePublished\":\"2018-08-27T01:32:33+00:00\",\"dateModified\":\"2025-11-05T12:59:46+00:00\",\"description\":\"Como empresa de SaaS (Software como servi\u00e7o) dedicada \u00e0s necessidades de nossos clientes, levamos a seguran\u00e7a dos dados muito a s\u00e9rio.\",\"breadcrumb\":{\"@id\":\"https:\/\/www.cloudbeds.com\/pt-br\/cloudbeds-data-security\/#breadcrumb\"},\"inLanguage\":\"pt-BR\",\"potentialAction\":[{\"@type\":\"ReadAction\",\"target\":[\"https:\/\/www.cloudbeds.com\/pt-br\/cloudbeds-data-security\/\"]}]},{\"@type\":\"ImageObject\",\"inLanguage\":\"pt-BR\",\"@id\":\"https:\/\/www.cloudbeds.com\/pt-br\/cloudbeds-data-security\/#primaryimage\",\"url\":\"https:\/\/www.cloudbeds.com\/wp-content\/uploads\/2020\/11\/open-graph-hms.jpg\",\"contentUrl\":\"https:\/\/www.cloudbeds.com\/wp-content\/uploads\/2020\/11\/open-graph-hms.jpg\",\"width\":1200,\"height\":630,\"caption\":\"Cloudbeds hotel management software\"},{\"@type\":\"BreadcrumbList\",\"@id\":\"https:\/\/www.cloudbeds.com\/pt-br\/cloudbeds-data-security\/#breadcrumb\",\"itemListElement\":[{\"@type\":\"ListItem\",\"position\":1,\"name\":\"Home\",\"item\":\"https:\/\/www.cloudbeds.com\/pt-br\/\"},{\"@type\":\"ListItem\",\"position\":2,\"name\":\"Seguran\u00e7a de Dados\"}]},{\"@type\":\"WebSite\",\"@id\":\"https:\/\/www.cloudbeds.com\/#website\",\"url\":\"https:\/\/www.cloudbeds.com\/\",\"name\":\"Cloudbeds\",\"description\":\"#1 Hotel Management Software - Cloud-Based, Unified Platform\",\"publisher\":{\"@id\":\"https:\/\/www.cloudbeds.com\/#organization\"},\"potentialAction\":[{\"@type\":\"SearchAction\",\"target\":{\"@type\":\"EntryPoint\",\"urlTemplate\":\"https:\/\/www.cloudbeds.com\/?s={search_term_string}\"},\"query-input\":{\"@type\":\"PropertyValueSpecification\",\"valueRequired\":true,\"valueName\":\"search_term_string\"}}],\"inLanguage\":\"pt-BR\"},{\"@type\":\"Organization\",\"@id\":\"https:\/\/www.cloudbeds.com\/#organization\",\"name\":\"Cloudbeds\",\"alternateName\":\"Cloudbeds Digital Arbitrage\",\"url\":\"https:\/\/www.cloudbeds.com\/\",\"logo\":{\"@type\":\"ImageObject\",\"inLanguage\":\"pt-BR\",\"@id\":\"https:\/\/www.cloudbeds.com\/#\/schema\/logo\/image\/\",\"url\":\"https:\/\/www.cloudbeds.com\/wp-content\/uploads\/2025\/08\/logo-footer.svg\",\"contentUrl\":\"https:\/\/www.cloudbeds.com\/wp-content\/uploads\/2025\/08\/logo-footer.svg\",\"width\":240,\"height\":35,\"caption\":\"Cloudbeds\"},\"image\":{\"@id\":\"https:\/\/www.cloudbeds.com\/#\/schema\/logo\/image\/\"},\"sameAs\":[\"https:\/\/www.facebook.com\/Cloudbeds\/\",\"https:\/\/x.com\/Cloudbeds\",\"https:\/\/www.linkedin.com\/company\/cloudbeds\/\",\"https:\/\/www.youtube.com\/channel\/UCyfR7GappZBy-uziWO9WLdQ\"],\"description\":\"Cloudbeds is hospitality\u2019s only intelligent growth engine \u2014 a unified platform trusted by the world\u2019s most ambitious hoteliers across 150 countries. Built to challenge the limits of outdated tech stacks, Cloudbeds connects operations, revenue, distribution, and guest experience in one powerful, intuitive system. The platform is enhanced with Signals, a hospitality AI model giving hoteliers the power to anticipate demand, run smarter operations, and craft more personal, profitable guest journeys at scale. Founded in 2012, Cloudbeds has earned top honors from Hotel Tech Report (Top PMS, Hotel Management System, and Channel Manager, 2021\u20132026), the World Travel Awards (World\u2019s Best Hotel PMS Solutions Provider, 2022), and Deloitte\u2019s Technology Fast 500 (2025).\",\"legalName\":\"Cloudbeds Digital Arbitrage\",\"foundingDate\":\"2012-10-10\",\"numberOfEmployees\":{\"@type\":\"QuantitativeValue\",\"minValue\":\"501\",\"maxValue\":\"1000\"},\"publishingPrinciples\":\"https:\/\/www.cloudbeds.com\/es\/centro-recursos\/\",\"ownershipFundingInfo\":\"https:\/\/www.cloudbeds.com\/our-story\/\"}]}<\/script>\n<!-- \/ Yoast SEO Premium plugin. -->","yoast_head_json":{"title":"Seguran\u00e7a de Dados | Sistema de Gest\u00e3o Hoteleira Cloudbeds","description":"Como empresa de SaaS (Software como servi\u00e7o) dedicada \u00e0s necessidades de nossos clientes, levamos a seguran\u00e7a dos dados muito a s\u00e9rio.","robots":{"index":"index","follow":"follow","max-snippet":"max-snippet:-1","max-image-preview":"max-image-preview:large","max-video-preview":"max-video-preview:-1"},"canonical":"https:\/\/www.cloudbeds.com\/pt-br\/cloudbeds-data-security\/","og_locale":"pt_BR","og_type":"article","og_title":"Seguran\u00e7a de Dados | Sistema de Gest\u00e3o Hoteleira Cloudbeds","og_description":"Como empresa de SaaS (Software como servi\u00e7o) dedicada \u00e0s necessidades de nossos clientes, levamos a seguran\u00e7a dos dados muito a s\u00e9rio.","og_url":"https:\/\/www.cloudbeds.com\/pt-br\/cloudbeds-data-security\/","og_site_name":"Cloudbeds","article_publisher":"https:\/\/www.facebook.com\/Cloudbeds\/","article_modified_time":"2025-11-05T12:59:46+00:00","og_image":[{"width":1200,"height":630,"url":"https:\/\/www.cloudbeds.com\/wp-content\/uploads\/2020\/11\/open-graph-hms.jpg","type":"image\/jpeg"}],"twitter_card":"summary_large_image","twitter_site":"@Cloudbeds","schema":{"@context":"https:\/\/schema.org","@graph":[{"@type":"WebPage","@id":"https:\/\/www.cloudbeds.com\/pt-br\/cloudbeds-data-security\/","url":"https:\/\/www.cloudbeds.com\/pt-br\/cloudbeds-data-security\/","name":"Seguran\u00e7a de Dados | Sistema de Gest\u00e3o Hoteleira Cloudbeds","isPartOf":{"@id":"https:\/\/www.cloudbeds.com\/#website"},"primaryImageOfPage":{"@id":"https:\/\/www.cloudbeds.com\/pt-br\/cloudbeds-data-security\/#primaryimage"},"image":{"@id":"https:\/\/www.cloudbeds.com\/pt-br\/cloudbeds-data-security\/#primaryimage"},"thumbnailUrl":"https:\/\/www.cloudbeds.com\/wp-content\/uploads\/2020\/11\/open-graph-hms.jpg","datePublished":"2018-08-27T01:32:33+00:00","dateModified":"2025-11-05T12:59:46+00:00","description":"Como empresa de SaaS (Software como servi\u00e7o) dedicada \u00e0s necessidades de nossos clientes, levamos a seguran\u00e7a dos dados muito a s\u00e9rio.","breadcrumb":{"@id":"https:\/\/www.cloudbeds.com\/pt-br\/cloudbeds-data-security\/#breadcrumb"},"inLanguage":"pt-BR","potentialAction":[{"@type":"ReadAction","target":["https:\/\/www.cloudbeds.com\/pt-br\/cloudbeds-data-security\/"]}]},{"@type":"ImageObject","inLanguage":"pt-BR","@id":"https:\/\/www.cloudbeds.com\/pt-br\/cloudbeds-data-security\/#primaryimage","url":"https:\/\/www.cloudbeds.com\/wp-content\/uploads\/2020\/11\/open-graph-hms.jpg","contentUrl":"https:\/\/www.cloudbeds.com\/wp-content\/uploads\/2020\/11\/open-graph-hms.jpg","width":1200,"height":630,"caption":"Cloudbeds hotel management software"},{"@type":"BreadcrumbList","@id":"https:\/\/www.cloudbeds.com\/pt-br\/cloudbeds-data-security\/#breadcrumb","itemListElement":[{"@type":"ListItem","position":1,"name":"Home","item":"https:\/\/www.cloudbeds.com\/pt-br\/"},{"@type":"ListItem","position":2,"name":"Seguran\u00e7a de Dados"}]},{"@type":"WebSite","@id":"https:\/\/www.cloudbeds.com\/#website","url":"https:\/\/www.cloudbeds.com\/","name":"Cloudbeds","description":"#1 Hotel Management Software - Cloud-Based, Unified Platform","publisher":{"@id":"https:\/\/www.cloudbeds.com\/#organization"},"potentialAction":[{"@type":"SearchAction","target":{"@type":"EntryPoint","urlTemplate":"https:\/\/www.cloudbeds.com\/?s={search_term_string}"},"query-input":{"@type":"PropertyValueSpecification","valueRequired":true,"valueName":"search_term_string"}}],"inLanguage":"pt-BR"},{"@type":"Organization","@id":"https:\/\/www.cloudbeds.com\/#organization","name":"Cloudbeds","alternateName":"Cloudbeds Digital Arbitrage","url":"https:\/\/www.cloudbeds.com\/","logo":{"@type":"ImageObject","inLanguage":"pt-BR","@id":"https:\/\/www.cloudbeds.com\/#\/schema\/logo\/image\/","url":"https:\/\/www.cloudbeds.com\/wp-content\/uploads\/2025\/08\/logo-footer.svg","contentUrl":"https:\/\/www.cloudbeds.com\/wp-content\/uploads\/2025\/08\/logo-footer.svg","width":240,"height":35,"caption":"Cloudbeds"},"image":{"@id":"https:\/\/www.cloudbeds.com\/#\/schema\/logo\/image\/"},"sameAs":["https:\/\/www.facebook.com\/Cloudbeds\/","https:\/\/x.com\/Cloudbeds","https:\/\/www.linkedin.com\/company\/cloudbeds\/","https:\/\/www.youtube.com\/channel\/UCyfR7GappZBy-uziWO9WLdQ"],"description":"Cloudbeds is hospitality\u2019s only intelligent growth engine \u2014 a unified platform trusted by the world\u2019s most ambitious hoteliers across 150 countries. Built to challenge the limits of outdated tech stacks, Cloudbeds connects operations, revenue, distribution, and guest experience in one powerful, intuitive system. The platform is enhanced with Signals, a hospitality AI model giving hoteliers the power to anticipate demand, run smarter operations, and craft more personal, profitable guest journeys at scale. Founded in 2012, Cloudbeds has earned top honors from Hotel Tech Report (Top PMS, Hotel Management System, and Channel Manager, 2021\u20132026), the World Travel Awards (World\u2019s Best Hotel PMS Solutions Provider, 2022), and Deloitte\u2019s Technology Fast 500 (2025).","legalName":"Cloudbeds Digital Arbitrage","foundingDate":"2012-10-10","numberOfEmployees":{"@type":"QuantitativeValue","minValue":"501","maxValue":"1000"},"publishingPrinciples":"https:\/\/www.cloudbeds.com\/es\/centro-recursos\/","ownershipFundingInfo":"https:\/\/www.cloudbeds.com\/our-story\/"}]}},"_links":{"self":[{"href":"https:\/\/www.cloudbeds.com\/pt-br\/wp-json\/wp\/v2\/pages\/21933","targetHints":{"allow":["GET"]}}],"collection":[{"href":"https:\/\/www.cloudbeds.com\/pt-br\/wp-json\/wp\/v2\/pages"}],"about":[{"href":"https:\/\/www.cloudbeds.com\/pt-br\/wp-json\/wp\/v2\/types\/page"}],"author":[{"embeddable":true,"href":"https:\/\/www.cloudbeds.com\/pt-br\/wp-json\/wp\/v2\/users\/1"}],"replies":[{"embeddable":true,"href":"https:\/\/www.cloudbeds.com\/pt-br\/wp-json\/wp\/v2\/comments?post=21933"}],"version-history":[{"count":0,"href":"https:\/\/www.cloudbeds.com\/pt-br\/wp-json\/wp\/v2\/pages\/21933\/revisions"}],"wp:featuredmedia":[{"embeddable":true,"href":"https:\/\/www.cloudbeds.com\/pt-br\/wp-json\/wp\/v2\/media\/24102"}],"wp:attachment":[{"href":"https:\/\/www.cloudbeds.com\/pt-br\/wp-json\/wp\/v2\/media?parent=21933"}],"wp:term":[{"taxonomy":"category","embeddable":true,"href":"https:\/\/www.cloudbeds.com\/pt-br\/wp-json\/wp\/v2\/categories?post=21933"},{"taxonomy":"wf_page_folders","embeddable":true,"href":"https:\/\/www.cloudbeds.com\/pt-br\/wp-json\/wp\/v2\/wf_page_folders?post=21933"}],"curies":[{"name":"wp","href":"https:\/\/api.w.org\/{rel}","templated":true}]}}