{"id":22986,"date":"2020-08-07T15:49:15","date_gmt":"2020-08-07T15:49:15","guid":{"rendered":"https:\/\/www.cloudbeds.com\/?page_id=22986"},"modified":"2026-02-05T10:25:27","modified_gmt":"2026-02-05T18:25:27","slug":"product-updates","status":"publish","type":"page","link":"https:\/\/www.cloudbeds.com\/pt-br\/product-updates\/","title":{"rendered":"Product Updates"},"content":{"rendered":"","protected":false},"excerpt":{"rendered":"","protected":false},"author":1,"featured_media":23262,"parent":0,"menu_order":343,"comment_status":"closed","ping_status":"closed","template":"template_product_updates.php","meta":{"_acf_changed":true,"footnotes":""},"categories":[],"wf_page_folders":[4763],"class_list":["post-22986","page","type-page","status-publish","has-post-thumbnail","hentry"],"acf":[],"yoast_head":"<!-- This site is optimized with the Yoast SEO Premium plugin v27.0 (Yoast SEO v27.0) - https:\/\/yoast.com\/product\/yoast-seo-premium-wordpress\/ -->\n<title>Atualiza\u00e7\u00f5es e aprimoramentos de produtos da Cloudbeds<\/title>\n<meta name=\"description\" content=\"Veja aqui os \u00faltimos lan\u00e7amentos de recursos, funcionalidades e aprimoramentos de produtos da Cloudbeds.\" \/>\n<meta name=\"robots\" content=\"index, follow, max-snippet:-1, max-image-preview:large, max-video-preview:-1\" \/>\n<link rel=\"canonical\" href=\"https:\/\/www.cloudbeds.com\/pt-br\/product-updates\/\" \/>\n<meta property=\"og:locale\" content=\"pt_BR\" \/>\n<meta property=\"og:type\" content=\"article\" \/>\n<meta property=\"og:title\" content=\"Atualiza\u00e7\u00f5es e aprimoramentos de produtos da Cloudbeds\" \/>\n<meta property=\"og:description\" content=\"Veja aqui os \u00faltimos lan\u00e7amentos de recursos, funcionalidades e aprimoramentos de produtos da Cloudbeds.\" \/>\n<meta property=\"og:url\" content=\"https:\/\/www.cloudbeds.com\/pt-br\/product-updates\/\" \/>\n<meta property=\"og:site_name\" content=\"Cloudbeds\" \/>\n<meta property=\"article:publisher\" content=\"https:\/\/www.facebook.com\/Cloudbeds\/\" \/>\n<meta property=\"article:modified_time\" content=\"2026-02-05T18:25:27+00:00\" \/>\n<meta property=\"og:image\" content=\"https:\/\/www.cloudbeds.com\/wp-content\/uploads\/2020\/08\/product-updates-open-graph.jpg\" \/>\n\t<meta property=\"og:image:width\" content=\"1200\" \/>\n\t<meta property=\"og:image:height\" content=\"630\" \/>\n\t<meta property=\"og:image:type\" content=\"image\/jpeg\" \/>\n<meta name=\"twitter:card\" content=\"summary_large_image\" \/>\n<meta name=\"twitter:site\" content=\"@Cloudbeds\" \/>\n<meta name=\"twitter:label1\" content=\"Est. tempo de leitura\" \/>\n\t<meta name=\"twitter:data1\" content=\"1 minuto\" \/>\n<script type=\"application\/ld+json\" class=\"yoast-schema-graph\">{\"@context\":\"https:\/\/schema.org\",\"@graph\":[{\"@type\":\"WebPage\",\"@id\":\"https:\/\/www.cloudbeds.com\/pt-br\/product-updates\/\",\"url\":\"https:\/\/www.cloudbeds.com\/pt-br\/product-updates\/\",\"name\":\"Atualiza\u00e7\u00f5es e aprimoramentos de produtos da Cloudbeds\",\"isPartOf\":{\"@id\":\"https:\/\/www.cloudbeds.com\/#website\"},\"primaryImageOfPage\":{\"@id\":\"https:\/\/www.cloudbeds.com\/pt-br\/product-updates\/#primaryimage\"},\"image\":{\"@id\":\"https:\/\/www.cloudbeds.com\/pt-br\/product-updates\/#primaryimage\"},\"thumbnailUrl\":\"https:\/\/www.cloudbeds.com\/wp-content\/uploads\/2020\/08\/product-updates-open-graph.jpg\",\"datePublished\":\"2020-08-07T15:49:15+00:00\",\"dateModified\":\"2026-02-05T18:25:27+00:00\",\"description\":\"Veja aqui os \u00faltimos lan\u00e7amentos de recursos, funcionalidades e aprimoramentos de produtos da Cloudbeds.\",\"breadcrumb\":{\"@id\":\"https:\/\/www.cloudbeds.com\/pt-br\/product-updates\/#breadcrumb\"},\"inLanguage\":\"pt-BR\",\"potentialAction\":[{\"@type\":\"ReadAction\",\"target\":[\"https:\/\/www.cloudbeds.com\/pt-br\/product-updates\/\"]}]},{\"@type\":\"ImageObject\",\"inLanguage\":\"pt-BR\",\"@id\":\"https:\/\/www.cloudbeds.com\/pt-br\/product-updates\/#primaryimage\",\"url\":\"https:\/\/www.cloudbeds.com\/wp-content\/uploads\/2020\/08\/product-updates-open-graph.jpg\",\"contentUrl\":\"https:\/\/www.cloudbeds.com\/wp-content\/uploads\/2020\/08\/product-updates-open-graph.jpg\",\"width\":1200,\"height\":630,\"caption\":\"product updates\"},{\"@type\":\"BreadcrumbList\",\"@id\":\"https:\/\/www.cloudbeds.com\/pt-br\/product-updates\/#breadcrumb\",\"itemListElement\":[{\"@type\":\"ListItem\",\"position\":1,\"name\":\"Home\",\"item\":\"https:\/\/www.cloudbeds.com\/pt-br\/\"},{\"@type\":\"ListItem\",\"position\":2,\"name\":\"Product Updates\"}]},{\"@type\":\"WebSite\",\"@id\":\"https:\/\/www.cloudbeds.com\/#website\",\"url\":\"https:\/\/www.cloudbeds.com\/\",\"name\":\"Cloudbeds\",\"description\":\"#1 Hotel Management Software - Cloud-Based, Unified Platform\",\"publisher\":{\"@id\":\"https:\/\/www.cloudbeds.com\/#organization\"},\"potentialAction\":[{\"@type\":\"SearchAction\",\"target\":{\"@type\":\"EntryPoint\",\"urlTemplate\":\"https:\/\/www.cloudbeds.com\/?s={search_term_string}\"},\"query-input\":{\"@type\":\"PropertyValueSpecification\",\"valueRequired\":true,\"valueName\":\"search_term_string\"}}],\"inLanguage\":\"pt-BR\"},{\"@type\":\"Organization\",\"@id\":\"https:\/\/www.cloudbeds.com\/#organization\",\"name\":\"Cloudbeds\",\"alternateName\":\"Cloudbeds Digital Arbitrage\",\"url\":\"https:\/\/www.cloudbeds.com\/\",\"logo\":{\"@type\":\"ImageObject\",\"inLanguage\":\"pt-BR\",\"@id\":\"https:\/\/www.cloudbeds.com\/#\/schema\/logo\/image\/\",\"url\":\"https:\/\/www.cloudbeds.com\/wp-content\/uploads\/2025\/08\/logo-footer.svg\",\"contentUrl\":\"https:\/\/www.cloudbeds.com\/wp-content\/uploads\/2025\/08\/logo-footer.svg\",\"width\":240,\"height\":35,\"caption\":\"Cloudbeds\"},\"image\":{\"@id\":\"https:\/\/www.cloudbeds.com\/#\/schema\/logo\/image\/\"},\"sameAs\":[\"https:\/\/www.facebook.com\/Cloudbeds\/\",\"https:\/\/x.com\/Cloudbeds\",\"https:\/\/www.linkedin.com\/company\/cloudbeds\/\",\"https:\/\/www.youtube.com\/channel\/UCyfR7GappZBy-uziWO9WLdQ\"],\"description\":\"Cloudbeds is hospitality\u2019s only intelligent growth engine \u2014 a unified platform trusted by the world\u2019s most ambitious hoteliers across 150 countries. Built to challenge the limits of outdated tech stacks, Cloudbeds connects operations, revenue, distribution, and guest experience in one powerful, intuitive system. The platform is enhanced with Signals, a hospitality AI model giving hoteliers the power to anticipate demand, run smarter operations, and craft more personal, profitable guest journeys at scale. Founded in 2012, Cloudbeds has earned top honors from Hotel Tech Report (Top PMS, Hotel Management System, and Channel Manager, 2021\u20132026), the World Travel Awards (World\u2019s Best Hotel PMS Solutions Provider, 2022), and Deloitte\u2019s Technology Fast 500 (2025).\",\"legalName\":\"Cloudbeds Digital Arbitrage\",\"foundingDate\":\"2012-10-10\",\"numberOfEmployees\":{\"@type\":\"QuantitativeValue\",\"minValue\":\"501\",\"maxValue\":\"1000\"},\"publishingPrinciples\":\"https:\/\/www.cloudbeds.com\/es\/centro-recursos\/\",\"ownershipFundingInfo\":\"https:\/\/www.cloudbeds.com\/our-story\/\"}]}<\/script>\n<!-- \/ Yoast SEO Premium plugin. -->","yoast_head_json":{"title":"Atualiza\u00e7\u00f5es e aprimoramentos de produtos da Cloudbeds","description":"Veja aqui os \u00faltimos lan\u00e7amentos de recursos, funcionalidades e aprimoramentos de produtos da Cloudbeds.","robots":{"index":"index","follow":"follow","max-snippet":"max-snippet:-1","max-image-preview":"max-image-preview:large","max-video-preview":"max-video-preview:-1"},"canonical":"https:\/\/www.cloudbeds.com\/pt-br\/product-updates\/","og_locale":"pt_BR","og_type":"article","og_title":"Atualiza\u00e7\u00f5es e aprimoramentos de produtos da Cloudbeds","og_description":"Veja aqui os \u00faltimos lan\u00e7amentos de recursos, funcionalidades e aprimoramentos de produtos da Cloudbeds.","og_url":"https:\/\/www.cloudbeds.com\/pt-br\/product-updates\/","og_site_name":"Cloudbeds","article_publisher":"https:\/\/www.facebook.com\/Cloudbeds\/","article_modified_time":"2026-02-05T18:25:27+00:00","og_image":[{"width":1200,"height":630,"url":"https:\/\/www.cloudbeds.com\/wp-content\/uploads\/2020\/08\/product-updates-open-graph.jpg","type":"image\/jpeg"}],"twitter_card":"summary_large_image","twitter_site":"@Cloudbeds","twitter_misc":{"Est. tempo de leitura":"1 minuto"},"schema":{"@context":"https:\/\/schema.org","@graph":[{"@type":"WebPage","@id":"https:\/\/www.cloudbeds.com\/pt-br\/product-updates\/","url":"https:\/\/www.cloudbeds.com\/pt-br\/product-updates\/","name":"Atualiza\u00e7\u00f5es e aprimoramentos de produtos da Cloudbeds","isPartOf":{"@id":"https:\/\/www.cloudbeds.com\/#website"},"primaryImageOfPage":{"@id":"https:\/\/www.cloudbeds.com\/pt-br\/product-updates\/#primaryimage"},"image":{"@id":"https:\/\/www.cloudbeds.com\/pt-br\/product-updates\/#primaryimage"},"thumbnailUrl":"https:\/\/www.cloudbeds.com\/wp-content\/uploads\/2020\/08\/product-updates-open-graph.jpg","datePublished":"2020-08-07T15:49:15+00:00","dateModified":"2026-02-05T18:25:27+00:00","description":"Veja aqui os \u00faltimos lan\u00e7amentos de recursos, funcionalidades e aprimoramentos de produtos da Cloudbeds.","breadcrumb":{"@id":"https:\/\/www.cloudbeds.com\/pt-br\/product-updates\/#breadcrumb"},"inLanguage":"pt-BR","potentialAction":[{"@type":"ReadAction","target":["https:\/\/www.cloudbeds.com\/pt-br\/product-updates\/"]}]},{"@type":"ImageObject","inLanguage":"pt-BR","@id":"https:\/\/www.cloudbeds.com\/pt-br\/product-updates\/#primaryimage","url":"https:\/\/www.cloudbeds.com\/wp-content\/uploads\/2020\/08\/product-updates-open-graph.jpg","contentUrl":"https:\/\/www.cloudbeds.com\/wp-content\/uploads\/2020\/08\/product-updates-open-graph.jpg","width":1200,"height":630,"caption":"product updates"},{"@type":"BreadcrumbList","@id":"https:\/\/www.cloudbeds.com\/pt-br\/product-updates\/#breadcrumb","itemListElement":[{"@type":"ListItem","position":1,"name":"Home","item":"https:\/\/www.cloudbeds.com\/pt-br\/"},{"@type":"ListItem","position":2,"name":"Product Updates"}]},{"@type":"WebSite","@id":"https:\/\/www.cloudbeds.com\/#website","url":"https:\/\/www.cloudbeds.com\/","name":"Cloudbeds","description":"#1 Hotel Management Software - Cloud-Based, Unified Platform","publisher":{"@id":"https:\/\/www.cloudbeds.com\/#organization"},"potentialAction":[{"@type":"SearchAction","target":{"@type":"EntryPoint","urlTemplate":"https:\/\/www.cloudbeds.com\/?s={search_term_string}"},"query-input":{"@type":"PropertyValueSpecification","valueRequired":true,"valueName":"search_term_string"}}],"inLanguage":"pt-BR"},{"@type":"Organization","@id":"https:\/\/www.cloudbeds.com\/#organization","name":"Cloudbeds","alternateName":"Cloudbeds Digital Arbitrage","url":"https:\/\/www.cloudbeds.com\/","logo":{"@type":"ImageObject","inLanguage":"pt-BR","@id":"https:\/\/www.cloudbeds.com\/#\/schema\/logo\/image\/","url":"https:\/\/www.cloudbeds.com\/wp-content\/uploads\/2025\/08\/logo-footer.svg","contentUrl":"https:\/\/www.cloudbeds.com\/wp-content\/uploads\/2025\/08\/logo-footer.svg","width":240,"height":35,"caption":"Cloudbeds"},"image":{"@id":"https:\/\/www.cloudbeds.com\/#\/schema\/logo\/image\/"},"sameAs":["https:\/\/www.facebook.com\/Cloudbeds\/","https:\/\/x.com\/Cloudbeds","https:\/\/www.linkedin.com\/company\/cloudbeds\/","https:\/\/www.youtube.com\/channel\/UCyfR7GappZBy-uziWO9WLdQ"],"description":"Cloudbeds is hospitality\u2019s only intelligent growth engine \u2014 a unified platform trusted by the world\u2019s most ambitious hoteliers across 150 countries. Built to challenge the limits of outdated tech stacks, Cloudbeds connects operations, revenue, distribution, and guest experience in one powerful, intuitive system. The platform is enhanced with Signals, a hospitality AI model giving hoteliers the power to anticipate demand, run smarter operations, and craft more personal, profitable guest journeys at scale. Founded in 2012, Cloudbeds has earned top honors from Hotel Tech Report (Top PMS, Hotel Management System, and Channel Manager, 2021\u20132026), the World Travel Awards (World\u2019s Best Hotel PMS Solutions Provider, 2022), and Deloitte\u2019s Technology Fast 500 (2025).","legalName":"Cloudbeds Digital Arbitrage","foundingDate":"2012-10-10","numberOfEmployees":{"@type":"QuantitativeValue","minValue":"501","maxValue":"1000"},"publishingPrinciples":"https:\/\/www.cloudbeds.com\/es\/centro-recursos\/","ownershipFundingInfo":"https:\/\/www.cloudbeds.com\/our-story\/"}]}},"_links":{"self":[{"href":"https:\/\/www.cloudbeds.com\/pt-br\/wp-json\/wp\/v2\/pages\/22986","targetHints":{"allow":["GET"]}}],"collection":[{"href":"https:\/\/www.cloudbeds.com\/pt-br\/wp-json\/wp\/v2\/pages"}],"about":[{"href":"https:\/\/www.cloudbeds.com\/pt-br\/wp-json\/wp\/v2\/types\/page"}],"author":[{"embeddable":true,"href":"https:\/\/www.cloudbeds.com\/pt-br\/wp-json\/wp\/v2\/users\/1"}],"replies":[{"embeddable":true,"href":"https:\/\/www.cloudbeds.com\/pt-br\/wp-json\/wp\/v2\/comments?post=22986"}],"version-history":[{"count":0,"href":"https:\/\/www.cloudbeds.com\/pt-br\/wp-json\/wp\/v2\/pages\/22986\/revisions"}],"wp:featuredmedia":[{"embeddable":true,"href":"https:\/\/www.cloudbeds.com\/pt-br\/wp-json\/wp\/v2\/media\/23262"}],"wp:attachment":[{"href":"https:\/\/www.cloudbeds.com\/pt-br\/wp-json\/wp\/v2\/media?parent=22986"}],"wp:term":[{"taxonomy":"category","embeddable":true,"href":"https:\/\/www.cloudbeds.com\/pt-br\/wp-json\/wp\/v2\/categories?post=22986"},{"taxonomy":"wf_page_folders","embeddable":true,"href":"https:\/\/www.cloudbeds.com\/pt-br\/wp-json\/wp\/v2\/wf_page_folders?post=22986"}],"curies":[{"name":"wp","href":"https:\/\/api.w.org\/{rel}","templated":true}]}}