{"id":32279,"date":"2022-10-25T11:02:46","date_gmt":"2022-10-25T18:02:46","guid":{"rendered":"https:\/\/www.cloudbeds.com\/?page_id=32279"},"modified":"2025-09-24T13:33:36","modified_gmt":"2025-09-24T20:33:36","slug":"adr","status":"publish","type":"page","link":"https:\/\/www.cloudbeds.com\/pt-br\/ferramentas\/adr\/","title":{"rendered":"Calculadora ADR"},"content":{"rendered":"\n<section class=\"py-10 pb-10\">\n    <div\n        class=\"container grid grid-cols-1 lg:grid-cols-12 gap-5 md:gap-8 font-host text-neutral-coffee-05 px-4 md:px-[2.2rem] text-base\">\n\n        <!-- Column 1: Title -->\n        <div class=\"lg:col-span-3 flex flex-col justify-between h-full\">\n            <h2 class=\"text-[1.9rem] font-light mb-14\">Recursos \u00fateis para hoteleros ambiciosos<\/h2>\n\n            <div class=\"flex gap-1\">\n                <span><svg xmlns=\"http:\/\/www.w3.org\/2000\/svg\" width=\"16\" height=\"16\" viewBox=\"0 0 16 16\" fill=\"none\">\n                        <path\n                            d=\"M13.765 11.265L10.765 14.265C10.6939 14.3312 10.5999 14.3673 10.5027 14.3656C10.4056 14.3639 10.3129 14.3245 10.2442 14.2558C10.1755 14.1871 10.1361 14.0944 10.1344 13.9973C10.1327 13.9001 10.1688 13.8061 10.235 13.735L12.5944 11.375H4.5C4.40054 11.375 4.30516 11.3355 4.23484 11.2652C4.16451 11.1948 4.125 11.0995 4.125 11V2C4.125 1.90054 4.16451 1.80516 4.23484 1.73483C4.30516 1.66451 4.40054 1.625 4.5 1.625C4.59946 1.625 4.69484 1.66451 4.76516 1.73483C4.83549 1.80516 4.875 1.90054 4.875 2V10.625H12.5944L10.235 8.265C10.1982 8.23067 10.1686 8.18927 10.1481 8.14327C10.1276 8.09727 10.1166 8.04761 10.1157 7.99726C10.1148 7.94691 10.1241 7.8969 10.1429 7.8502C10.1618 7.80351 10.1899 7.76109 10.2255 7.72548C10.2611 7.68987 10.3035 7.6618 10.3502 7.64294C10.3969 7.62408 10.4469 7.61482 10.4973 7.6157C10.5476 7.61659 10.5973 7.62761 10.6433 7.64811C10.6893 7.66861 10.7307 7.69816 10.765 7.735L13.765 10.735C13.8352 10.8053 13.8747 10.9006 13.8747 11C13.8747 11.0994 13.8352 11.1947 13.765 11.265Z\"\n                            fill=\"#261C0A\" \/>\n                    <\/svg><\/span>\n                <a href=\"#\" target=\"_self\"\n                    class=\"text-primary-blue-07 hover:underline no-underline\">Veja todos os recursos<\/a>\n            <\/div>\n        <\/div>\n\n        <!-- Column 2: Main Content -->\n        <div class=\"lg:col-span-9 space-y-6\">\n\n            <div class=\"grid grid-cols-1 sm:grid-cols-2 md:grid-cols-3 gap-6 font-host\">\n\n                \n                    \n                    <div class=\"group rounded-[4px] overflow-hidden flex flex-col gap-y-4 relative pb-9 bg-neutral-chalk-05 hover:cursor-pointer\"\n                        onClick=\"location.href='https:\/\/www.cloudbeds.com\/pt-br\/artigos\/programa-parceiros-preferenciais\/'\">\n\n                        <div\n                            class=\"bg-neutral-coffee-05 aspect-video flex items-center justify-center text-neutral-chalk-05 text-sm overflow-hidden\">\n                                                            <img loading=\"lazy\" decoding=\"async\" width=\"2560\" height=\"1440\" src=\"https:\/\/www.cloudbeds.com\/wp-content\/uploads\/2025\/11\/Preferred-Partner-PR-1-scaled.png\" class=\"w-full h-full object-cover wp-post-image\" alt=\"preferred partner program PR\" srcset=\"https:\/\/www.cloudbeds.com\/wp-content\/uploads\/2025\/11\/Preferred-Partner-PR-1-scaled.png 2560w, https:\/\/www.cloudbeds.com\/wp-content\/uploads\/2025\/11\/Preferred-Partner-PR-1-768x432.png 768w, https:\/\/www.cloudbeds.com\/wp-content\/uploads\/2025\/11\/Preferred-Partner-PR-1-1536x864.png 1536w, https:\/\/www.cloudbeds.com\/wp-content\/uploads\/2025\/11\/Preferred-Partner-PR-1-2048x1152.png 2048w\" sizes=\"auto, (max-width: 2560px) 100vw, 2560px\" \/>                                                    <\/div>\n\n                        <div class=\"p-4 pt-0 flex flex-col\">\n\n                            <div>\n                                <span\n                                    class=\"inline-block bg-support-green-05 text-support-green-09 text-sm px-4 py-2 rounded-full mb-4\">Artigo<\/span>\n                                <a href=\"https:\/\/www.cloudbeds.com\/pt-br\/artigos\/programa-parceiros-preferenciais\/\"\n                                    class=\"block text-neutral-coffee-05 text-base leading-relaxed mb-6 group-hover:underline no-underline \">\n                                    Novo Programa de Parceiros Preferenciais da Cloudbeds Conecta Hoteleiros com as Melhores Solu\u00e7\u00f5es de Tecnologia para&hellip;                                <\/a>\n                            <\/div>\n\n                            <a href=\"https:\/\/www.cloudbeds.com\/pt-br\/artigos\/programa-parceiros-preferenciais\/\" class=\"text-xl absolute bottom-4\">\n                                <svg width=\"24\" height=\"25\" viewBox=\"0 0 24 25\" fill=\"none\"\n                                    xmlns=\"http:\/\/www.w3.org\/2000\/svg\">\n                                    <g clip-path=\"url(#clip0_472_1252)\">\n                                        <path\n                                            d=\"M2.52478 19.6203L4.50468 21.6002L17.75 8.35491L17.8983 20.3688L20.6923 20.4033L20.4853 3.63972L3.72169 3.43276L3.75618 6.22669L15.7701 6.37502L2.52478 19.6203Z\"\n                                            fill=\"#261C0A\" \/>\n                                    <\/g>\n                                    <defs>\n                                        <clipPath id=\"clip0_472_1252\">\n                                            <rect width=\"24\" height=\"24\" fill=\"white\" transform=\"translate(0 0.125)\" \/>\n                                        <\/clipPath>\n                                    <\/defs>\n                                <\/svg>\n                            <\/a>\n                        <\/div>\n\n                    <\/div>\n                \n                    \n                    <div class=\"group rounded-[4px] overflow-hidden flex flex-col gap-y-4 relative pb-9 bg-neutral-chalk-05 hover:cursor-pointer\"\n                        onClick=\"location.href='https:\/\/www.cloudbeds.com\/pt-br\/artigos\/guestcentric-parceria\/'\">\n\n                        <div\n                            class=\"bg-neutral-coffee-05 aspect-video flex items-center justify-center text-neutral-chalk-05 text-sm overflow-hidden\">\n                                                            <img loading=\"lazy\" decoding=\"async\" width=\"1920\" height=\"1080\" src=\"https:\/\/www.cloudbeds.com\/wp-content\/uploads\/2025\/11\/2-1920x1080-37.jpg\" class=\"w-full h-full object-cover wp-post-image\" alt=\"guestcentric partnership\" srcset=\"https:\/\/www.cloudbeds.com\/wp-content\/uploads\/2025\/11\/2-1920x1080-37.jpg 1920w, https:\/\/www.cloudbeds.com\/wp-content\/uploads\/2025\/11\/2-1920x1080-37-768x432.jpg 768w, https:\/\/www.cloudbeds.com\/wp-content\/uploads\/2025\/11\/2-1920x1080-37-1536x864.jpg 1536w\" sizes=\"auto, (max-width: 1920px) 100vw, 1920px\" \/>                                                    <\/div>\n\n                        <div class=\"p-4 pt-0 flex flex-col\">\n\n                            <div>\n                                <span\n                                    class=\"inline-block bg-support-green-05 text-support-green-09 text-sm px-4 py-2 rounded-full mb-4\">Artigo<\/span>\n                                <a href=\"https:\/\/www.cloudbeds.com\/pt-br\/artigos\/guestcentric-parceria\/\"\n                                    class=\"block text-neutral-coffee-05 text-base leading-relaxed mb-6 group-hover:underline no-underline \">\n                                    Cloudbeds e GuestCentric Unem For\u00e7as para Derrubar as Barreiras das Reservas Diretas                                <\/a>\n                            <\/div>\n\n                            <a href=\"https:\/\/www.cloudbeds.com\/pt-br\/artigos\/guestcentric-parceria\/\" class=\"text-xl absolute bottom-4\">\n                                <svg width=\"24\" height=\"25\" viewBox=\"0 0 24 25\" fill=\"none\"\n                                    xmlns=\"http:\/\/www.w3.org\/2000\/svg\">\n                                    <g clip-path=\"url(#clip0_472_1252)\">\n                                        <path\n                                            d=\"M2.52478 19.6203L4.50468 21.6002L17.75 8.35491L17.8983 20.3688L20.6923 20.4033L20.4853 3.63972L3.72169 3.43276L3.75618 6.22669L15.7701 6.37502L2.52478 19.6203Z\"\n                                            fill=\"#261C0A\" \/>\n                                    <\/g>\n                                    <defs>\n                                        <clipPath id=\"clip0_472_1252\">\n                                            <rect width=\"24\" height=\"24\" fill=\"white\" transform=\"translate(0 0.125)\" \/>\n                                        <\/clipPath>\n                                    <\/defs>\n                                <\/svg>\n                            <\/a>\n                        <\/div>\n\n                    <\/div>\n                \n                    \n                    <div class=\"group rounded-[4px] overflow-hidden flex flex-col gap-y-4 relative pb-9 bg-neutral-chalk-05 hover:cursor-pointer\"\n                        onClick=\"location.href='https:\/\/www.cloudbeds.com\/pt-br\/artigos\/str-parceria\/'\">\n\n                        <div\n                            class=\"bg-neutral-coffee-05 aspect-video flex items-center justify-center text-neutral-chalk-05 text-sm overflow-hidden\">\n                                                            <img loading=\"lazy\" decoding=\"async\" width=\"1920\" height=\"1080\" src=\"https:\/\/www.cloudbeds.com\/wp-content\/uploads\/2025\/06\/str_cloudbeds-1.jpg\" class=\"w-full h-full object-cover wp-post-image\" alt=\"\" srcset=\"https:\/\/www.cloudbeds.com\/wp-content\/uploads\/2025\/06\/str_cloudbeds-1.jpg 1920w, https:\/\/www.cloudbeds.com\/wp-content\/uploads\/2025\/06\/str_cloudbeds-1-768x432.jpg 768w, https:\/\/www.cloudbeds.com\/wp-content\/uploads\/2025\/06\/str_cloudbeds-1-1536x864.jpg 1536w\" sizes=\"auto, (max-width: 1920px) 100vw, 1920px\" \/>                                                    <\/div>\n\n                        <div class=\"p-4 pt-0 flex flex-col\">\n\n                            <div>\n                                <span\n                                    class=\"inline-block bg-support-green-05 text-support-green-09 text-sm px-4 py-2 rounded-full mb-4\">Artigo<\/span>\n                                <a href=\"https:\/\/www.cloudbeds.com\/pt-br\/artigos\/str-parceria\/\"\n                                    class=\"block text-neutral-coffee-05 text-base leading-relaxed mb-6 group-hover:underline no-underline \">\n                                    Cloudbeds oferecer\u00e1 mais ferramentas aos hoteleiros com acordo de troca automatizada de dados com a STR                                <\/a>\n                            <\/div>\n\n                            <a href=\"https:\/\/www.cloudbeds.com\/pt-br\/artigos\/str-parceria\/\" class=\"text-xl absolute bottom-4\">\n                                <svg width=\"24\" height=\"25\" viewBox=\"0 0 24 25\" fill=\"none\"\n                                    xmlns=\"http:\/\/www.w3.org\/2000\/svg\">\n                                    <g clip-path=\"url(#clip0_472_1252)\">\n                                        <path\n                                            d=\"M2.52478 19.6203L4.50468 21.6002L17.75 8.35491L17.8983 20.3688L20.6923 20.4033L20.4853 3.63972L3.72169 3.43276L3.75618 6.22669L15.7701 6.37502L2.52478 19.6203Z\"\n                                            fill=\"#261C0A\" \/>\n                                    <\/g>\n                                    <defs>\n                                        <clipPath id=\"clip0_472_1252\">\n                                            <rect width=\"24\" height=\"24\" fill=\"white\" transform=\"translate(0 0.125)\" \/>\n                                        <\/clipPath>\n                                    <\/defs>\n                                <\/svg>\n                            <\/a>\n                        <\/div>\n\n                    <\/div>\n                \n            <\/div>\n        <\/div>\n    <\/div>\n<\/section>","protected":false},"excerpt":{"rendered":"","protected":false},"author":81,"featured_media":28750,"parent":32339,"menu_order":1,"comment_status":"closed","ping_status":"closed","template":"template_tools.php","meta":{"_acf_changed":true,"footnotes":""},"categories":[4354],"wf_page_folders":[10104],"class_list":["post-32279","page","type-page","status-publish","has-post-thumbnail","hentry","category-revenue-management-pt","components-code-blocks"],"acf":[],"yoast_head":"<!-- This site is optimized with the Yoast SEO Premium plugin v27.0 (Yoast SEO v27.0) - https:\/\/yoast.com\/product\/yoast-seo-premium-wordpress\/ -->\n<title>O que \u00e9 a tarifa di\u00e1ria m\u00e9dia? F\u00f3rmula ADR e calculadora gratuita<\/title>\n<meta name=\"description\" content=\"Tudo o que precisa de saber sobre a tarifa di\u00e1ria m\u00e9dia na ind\u00fastria hoteleira: a defini\u00e7\u00e3o, import\u00e2ncia, e 4 formas de a melhorar.\" \/>\n<meta name=\"robots\" content=\"index, follow, max-snippet:-1, max-image-preview:large, max-video-preview:-1\" \/>\n<link rel=\"canonical\" href=\"https:\/\/www.cloudbeds.com\/pt-br\/ferramentas\/adr\/\" \/>\n<meta property=\"og:locale\" content=\"pt_BR\" \/>\n<meta property=\"og:type\" content=\"article\" \/>\n<meta property=\"og:title\" content=\"O que \u00e9 a tarifa di\u00e1ria m\u00e9dia? F\u00f3rmula ADR e calculadora gratuita\" \/>\n<meta property=\"og:description\" content=\"Tudo o que precisa de saber sobre a tarifa di\u00e1ria m\u00e9dia na ind\u00fastria hoteleira: a defini\u00e7\u00e3o, import\u00e2ncia, e 4 formas de a melhorar.\" \/>\n<meta property=\"og:url\" content=\"https:\/\/www.cloudbeds.com\/pt-br\/ferramentas\/adr\/\" \/>\n<meta property=\"og:site_name\" content=\"Cloudbeds\" \/>\n<meta property=\"article:publisher\" content=\"https:\/\/www.facebook.com\/Cloudbeds\/\" \/>\n<meta property=\"article:modified_time\" content=\"2025-09-24T20:33:36+00:00\" \/>\n<meta property=\"og:image\" content=\"https:\/\/www.cloudbeds.com\/wp-content\/uploads\/2022\/03\/open_graph_calculators.jpg\" \/>\n\t<meta property=\"og:image:width\" content=\"1200\" \/>\n\t<meta property=\"og:image:height\" content=\"630\" \/>\n\t<meta property=\"og:image:type\" content=\"image\/jpeg\" \/>\n<meta name=\"twitter:card\" content=\"summary_large_image\" \/>\n<meta name=\"twitter:site\" content=\"@Cloudbeds\" \/>\n<script type=\"application\/ld+json\" class=\"yoast-schema-graph\">{\"@context\":\"https:\/\/schema.org\",\"@graph\":[{\"@type\":\"WebPage\",\"@id\":\"https:\/\/www.cloudbeds.com\/pt-br\/ferramentas\/adr\/\",\"url\":\"https:\/\/www.cloudbeds.com\/pt-br\/ferramentas\/adr\/\",\"name\":\"O que \u00e9 a tarifa di\u00e1ria m\u00e9dia? F\u00f3rmula ADR e calculadora gratuita\",\"isPartOf\":{\"@id\":\"https:\/\/www.cloudbeds.com\/#website\"},\"primaryImageOfPage\":{\"@id\":\"https:\/\/www.cloudbeds.com\/pt-br\/ferramentas\/adr\/#primaryimage\"},\"image\":{\"@id\":\"https:\/\/www.cloudbeds.com\/pt-br\/ferramentas\/adr\/#primaryimage\"},\"thumbnailUrl\":\"https:\/\/www.cloudbeds.com\/wp-content\/uploads\/2022\/03\/open_graph_calculators.jpg\",\"datePublished\":\"2022-10-25T18:02:46+00:00\",\"dateModified\":\"2025-09-24T20:33:36+00:00\",\"description\":\"Tudo o que precisa de saber sobre a tarifa di\u00e1ria m\u00e9dia na ind\u00fastria hoteleira: a defini\u00e7\u00e3o, import\u00e2ncia, e 4 formas de a melhorar.\",\"breadcrumb\":{\"@id\":\"https:\/\/www.cloudbeds.com\/pt-br\/ferramentas\/adr\/#breadcrumb\"},\"inLanguage\":\"pt-BR\",\"potentialAction\":[{\"@type\":\"ReadAction\",\"target\":[\"https:\/\/www.cloudbeds.com\/pt-br\/ferramentas\/adr\/\"]}]},{\"@type\":\"ImageObject\",\"inLanguage\":\"pt-BR\",\"@id\":\"https:\/\/www.cloudbeds.com\/pt-br\/ferramentas\/adr\/#primaryimage\",\"url\":\"https:\/\/www.cloudbeds.com\/wp-content\/uploads\/2022\/03\/open_graph_calculators.jpg\",\"contentUrl\":\"https:\/\/www.cloudbeds.com\/wp-content\/uploads\/2022\/03\/open_graph_calculators.jpg\",\"width\":1200,\"height\":630,\"caption\":\"F\u00f3rmula y calculadora ADR\"},{\"@type\":\"BreadcrumbList\",\"@id\":\"https:\/\/www.cloudbeds.com\/pt-br\/ferramentas\/adr\/#breadcrumb\",\"itemListElement\":[{\"@type\":\"ListItem\",\"position\":1,\"name\":\"Home\",\"item\":\"https:\/\/www.cloudbeds.com\/pt-br\/\"},{\"@type\":\"ListItem\",\"position\":2,\"name\":\"Ferramentas e calculadoras para hoteleiros\",\"item\":\"https:\/\/www.cloudbeds.com\/pt-br\/ferramentas\/\"},{\"@type\":\"ListItem\",\"position\":3,\"name\":\"Calculadora ADR\"}]},{\"@type\":\"WebSite\",\"@id\":\"https:\/\/www.cloudbeds.com\/#website\",\"url\":\"https:\/\/www.cloudbeds.com\/\",\"name\":\"Cloudbeds\",\"description\":\"#1 Hotel Management Software - Cloud-Based, Unified Platform\",\"publisher\":{\"@id\":\"https:\/\/www.cloudbeds.com\/#organization\"},\"potentialAction\":[{\"@type\":\"SearchAction\",\"target\":{\"@type\":\"EntryPoint\",\"urlTemplate\":\"https:\/\/www.cloudbeds.com\/?s={search_term_string}\"},\"query-input\":{\"@type\":\"PropertyValueSpecification\",\"valueRequired\":true,\"valueName\":\"search_term_string\"}}],\"inLanguage\":\"pt-BR\"},{\"@type\":\"Organization\",\"@id\":\"https:\/\/www.cloudbeds.com\/#organization\",\"name\":\"Cloudbeds\",\"alternateName\":\"Cloudbeds Digital Arbitrage\",\"url\":\"https:\/\/www.cloudbeds.com\/\",\"logo\":{\"@type\":\"ImageObject\",\"inLanguage\":\"pt-BR\",\"@id\":\"https:\/\/www.cloudbeds.com\/#\/schema\/logo\/image\/\",\"url\":\"https:\/\/www.cloudbeds.com\/wp-content\/uploads\/2025\/08\/logo-footer.svg\",\"contentUrl\":\"https:\/\/www.cloudbeds.com\/wp-content\/uploads\/2025\/08\/logo-footer.svg\",\"width\":240,\"height\":35,\"caption\":\"Cloudbeds\"},\"image\":{\"@id\":\"https:\/\/www.cloudbeds.com\/#\/schema\/logo\/image\/\"},\"sameAs\":[\"https:\/\/www.facebook.com\/Cloudbeds\/\",\"https:\/\/x.com\/Cloudbeds\",\"https:\/\/www.linkedin.com\/company\/cloudbeds\/\",\"https:\/\/www.youtube.com\/channel\/UCyfR7GappZBy-uziWO9WLdQ\"],\"description\":\"Cloudbeds is hospitality\u2019s only intelligent growth engine \u2014 a unified platform trusted by the world\u2019s most ambitious hoteliers across 150 countries. Built to challenge the limits of outdated tech stacks, Cloudbeds connects operations, revenue, distribution, and guest experience in one powerful, intuitive system. The platform is enhanced with Signals, a hospitality AI model giving hoteliers the power to anticipate demand, run smarter operations, and craft more personal, profitable guest journeys at scale. Founded in 2012, Cloudbeds has earned top honors from Hotel Tech Report (Top PMS, Hotel Management System, and Channel Manager, 2021\u20132026), the World Travel Awards (World\u2019s Best Hotel PMS Solutions Provider, 2022), and Deloitte\u2019s Technology Fast 500 (2025).\",\"legalName\":\"Cloudbeds Digital Arbitrage\",\"foundingDate\":\"2012-10-10\",\"numberOfEmployees\":{\"@type\":\"QuantitativeValue\",\"minValue\":\"501\",\"maxValue\":\"1000\"},\"publishingPrinciples\":\"https:\/\/www.cloudbeds.com\/es\/centro-recursos\/\",\"ownershipFundingInfo\":\"https:\/\/www.cloudbeds.com\/our-story\/\"}]}<\/script>\n<!-- \/ Yoast SEO Premium plugin. -->","yoast_head_json":{"title":"O que \u00e9 a tarifa di\u00e1ria m\u00e9dia? F\u00f3rmula ADR e calculadora gratuita","description":"Tudo o que precisa de saber sobre a tarifa di\u00e1ria m\u00e9dia na ind\u00fastria hoteleira: a defini\u00e7\u00e3o, import\u00e2ncia, e 4 formas de a melhorar.","robots":{"index":"index","follow":"follow","max-snippet":"max-snippet:-1","max-image-preview":"max-image-preview:large","max-video-preview":"max-video-preview:-1"},"canonical":"https:\/\/www.cloudbeds.com\/pt-br\/ferramentas\/adr\/","og_locale":"pt_BR","og_type":"article","og_title":"O que \u00e9 a tarifa di\u00e1ria m\u00e9dia? F\u00f3rmula ADR e calculadora gratuita","og_description":"Tudo o que precisa de saber sobre a tarifa di\u00e1ria m\u00e9dia na ind\u00fastria hoteleira: a defini\u00e7\u00e3o, import\u00e2ncia, e 4 formas de a melhorar.","og_url":"https:\/\/www.cloudbeds.com\/pt-br\/ferramentas\/adr\/","og_site_name":"Cloudbeds","article_publisher":"https:\/\/www.facebook.com\/Cloudbeds\/","article_modified_time":"2025-09-24T20:33:36+00:00","og_image":[{"width":1200,"height":630,"url":"https:\/\/www.cloudbeds.com\/wp-content\/uploads\/2022\/03\/open_graph_calculators.jpg","type":"image\/jpeg"}],"twitter_card":"summary_large_image","twitter_site":"@Cloudbeds","schema":{"@context":"https:\/\/schema.org","@graph":[{"@type":"WebPage","@id":"https:\/\/www.cloudbeds.com\/pt-br\/ferramentas\/adr\/","url":"https:\/\/www.cloudbeds.com\/pt-br\/ferramentas\/adr\/","name":"O que \u00e9 a tarifa di\u00e1ria m\u00e9dia? F\u00f3rmula ADR e calculadora gratuita","isPartOf":{"@id":"https:\/\/www.cloudbeds.com\/#website"},"primaryImageOfPage":{"@id":"https:\/\/www.cloudbeds.com\/pt-br\/ferramentas\/adr\/#primaryimage"},"image":{"@id":"https:\/\/www.cloudbeds.com\/pt-br\/ferramentas\/adr\/#primaryimage"},"thumbnailUrl":"https:\/\/www.cloudbeds.com\/wp-content\/uploads\/2022\/03\/open_graph_calculators.jpg","datePublished":"2022-10-25T18:02:46+00:00","dateModified":"2025-09-24T20:33:36+00:00","description":"Tudo o que precisa de saber sobre a tarifa di\u00e1ria m\u00e9dia na ind\u00fastria hoteleira: a defini\u00e7\u00e3o, import\u00e2ncia, e 4 formas de a melhorar.","breadcrumb":{"@id":"https:\/\/www.cloudbeds.com\/pt-br\/ferramentas\/adr\/#breadcrumb"},"inLanguage":"pt-BR","potentialAction":[{"@type":"ReadAction","target":["https:\/\/www.cloudbeds.com\/pt-br\/ferramentas\/adr\/"]}]},{"@type":"ImageObject","inLanguage":"pt-BR","@id":"https:\/\/www.cloudbeds.com\/pt-br\/ferramentas\/adr\/#primaryimage","url":"https:\/\/www.cloudbeds.com\/wp-content\/uploads\/2022\/03\/open_graph_calculators.jpg","contentUrl":"https:\/\/www.cloudbeds.com\/wp-content\/uploads\/2022\/03\/open_graph_calculators.jpg","width":1200,"height":630,"caption":"F\u00f3rmula y calculadora ADR"},{"@type":"BreadcrumbList","@id":"https:\/\/www.cloudbeds.com\/pt-br\/ferramentas\/adr\/#breadcrumb","itemListElement":[{"@type":"ListItem","position":1,"name":"Home","item":"https:\/\/www.cloudbeds.com\/pt-br\/"},{"@type":"ListItem","position":2,"name":"Ferramentas e calculadoras para hoteleiros","item":"https:\/\/www.cloudbeds.com\/pt-br\/ferramentas\/"},{"@type":"ListItem","position":3,"name":"Calculadora ADR"}]},{"@type":"WebSite","@id":"https:\/\/www.cloudbeds.com\/#website","url":"https:\/\/www.cloudbeds.com\/","name":"Cloudbeds","description":"#1 Hotel Management Software - Cloud-Based, Unified Platform","publisher":{"@id":"https:\/\/www.cloudbeds.com\/#organization"},"potentialAction":[{"@type":"SearchAction","target":{"@type":"EntryPoint","urlTemplate":"https:\/\/www.cloudbeds.com\/?s={search_term_string}"},"query-input":{"@type":"PropertyValueSpecification","valueRequired":true,"valueName":"search_term_string"}}],"inLanguage":"pt-BR"},{"@type":"Organization","@id":"https:\/\/www.cloudbeds.com\/#organization","name":"Cloudbeds","alternateName":"Cloudbeds Digital Arbitrage","url":"https:\/\/www.cloudbeds.com\/","logo":{"@type":"ImageObject","inLanguage":"pt-BR","@id":"https:\/\/www.cloudbeds.com\/#\/schema\/logo\/image\/","url":"https:\/\/www.cloudbeds.com\/wp-content\/uploads\/2025\/08\/logo-footer.svg","contentUrl":"https:\/\/www.cloudbeds.com\/wp-content\/uploads\/2025\/08\/logo-footer.svg","width":240,"height":35,"caption":"Cloudbeds"},"image":{"@id":"https:\/\/www.cloudbeds.com\/#\/schema\/logo\/image\/"},"sameAs":["https:\/\/www.facebook.com\/Cloudbeds\/","https:\/\/x.com\/Cloudbeds","https:\/\/www.linkedin.com\/company\/cloudbeds\/","https:\/\/www.youtube.com\/channel\/UCyfR7GappZBy-uziWO9WLdQ"],"description":"Cloudbeds is hospitality\u2019s only intelligent growth engine \u2014 a unified platform trusted by the world\u2019s most ambitious hoteliers across 150 countries. Built to challenge the limits of outdated tech stacks, Cloudbeds connects operations, revenue, distribution, and guest experience in one powerful, intuitive system. The platform is enhanced with Signals, a hospitality AI model giving hoteliers the power to anticipate demand, run smarter operations, and craft more personal, profitable guest journeys at scale. Founded in 2012, Cloudbeds has earned top honors from Hotel Tech Report (Top PMS, Hotel Management System, and Channel Manager, 2021\u20132026), the World Travel Awards (World\u2019s Best Hotel PMS Solutions Provider, 2022), and Deloitte\u2019s Technology Fast 500 (2025).","legalName":"Cloudbeds Digital Arbitrage","foundingDate":"2012-10-10","numberOfEmployees":{"@type":"QuantitativeValue","minValue":"501","maxValue":"1000"},"publishingPrinciples":"https:\/\/www.cloudbeds.com\/es\/centro-recursos\/","ownershipFundingInfo":"https:\/\/www.cloudbeds.com\/our-story\/"}]}},"_links":{"self":[{"href":"https:\/\/www.cloudbeds.com\/pt-br\/wp-json\/wp\/v2\/pages\/32279","targetHints":{"allow":["GET"]}}],"collection":[{"href":"https:\/\/www.cloudbeds.com\/pt-br\/wp-json\/wp\/v2\/pages"}],"about":[{"href":"https:\/\/www.cloudbeds.com\/pt-br\/wp-json\/wp\/v2\/types\/page"}],"author":[{"embeddable":true,"href":"https:\/\/www.cloudbeds.com\/pt-br\/wp-json\/wp\/v2\/users\/81"}],"replies":[{"embeddable":true,"href":"https:\/\/www.cloudbeds.com\/pt-br\/wp-json\/wp\/v2\/comments?post=32279"}],"version-history":[{"count":0,"href":"https:\/\/www.cloudbeds.com\/pt-br\/wp-json\/wp\/v2\/pages\/32279\/revisions"}],"up":[{"embeddable":true,"href":"https:\/\/www.cloudbeds.com\/pt-br\/wp-json\/wp\/v2\/pages\/32339"}],"wp:featuredmedia":[{"embeddable":true,"href":"https:\/\/www.cloudbeds.com\/pt-br\/wp-json\/wp\/v2\/media\/28750"}],"wp:attachment":[{"href":"https:\/\/www.cloudbeds.com\/pt-br\/wp-json\/wp\/v2\/media?parent=32279"}],"wp:term":[{"taxonomy":"category","embeddable":true,"href":"https:\/\/www.cloudbeds.com\/pt-br\/wp-json\/wp\/v2\/categories?post=32279"},{"taxonomy":"wf_page_folders","embeddable":true,"href":"https:\/\/www.cloudbeds.com\/pt-br\/wp-json\/wp\/v2\/wf_page_folders?post=32279"}],"curies":[{"name":"wp","href":"https:\/\/api.w.org\/{rel}","templated":true}]}}