{"id":40550,"date":"2021-04-24T07:08:36","date_gmt":"2021-04-24T14:08:36","guid":{"rendered":"https:\/\/www.cloudbeds.com\/?page_id=40550"},"modified":"2026-02-18T10:57:48","modified_gmt":"2026-02-18T18:57:48","slug":"compass","status":"publish","type":"page","link":"https:\/\/www.cloudbeds.com\/pt-br\/compass\/","title":{"rendered":"Central da Compass da Cloudbeds"},"content":{"rendered":"\n<figure class=\"wp-block-image size-full\"><img loading=\"lazy\" decoding=\"async\" width=\"1200\" height=\"630\" src=\"https:\/\/www.cloudbeds.com\/wp-content\/uploads\/2025\/11\/og-compass.webp\" alt=\"\" class=\"wp-image-54680\" srcset=\"https:\/\/www.cloudbeds.com\/wp-content\/uploads\/2025\/11\/og-compass.webp 1200w, https:\/\/www.cloudbeds.com\/wp-content\/uploads\/2025\/11\/og-compass-768x403.webp 768w\" sizes=\"auto, (max-width: 1200px) 100vw, 1200px\" \/><\/figure>\n\n\n\n<div class=\"wp-block-group has-stix-two-text-font-family is-vertical is-layout-flex wp-container-core-group-is-layout-f1bc6721 wp-block-group-is-layout-flex\" style=\"margin-top:var(--wp--preset--spacing--60);margin-bottom:var(--wp--preset--spacing--60)\">\n<h2 class=\"wp-block-heading has-3-x-large-font-size\" id=\"h-bem-vindo-a-a-central-da-compass-da-cloudbeds\">Bem-vindo(a) \u00e0 Central da Compass da Cloudbeds<\/h2>\n\n\n\n<p>Seu portal exclusivo para descobrir as \u00faltimas atualiza\u00e7\u00f5es no ecossistema da Cloudbeds!<\/p>\n\n\n\n<p>E voc\u00ea deve estar se perguntando: por que devo me importar com atualiza\u00e7\u00f5es de produto?<\/p>\n\n\n\n<p>Porque elas impactam diretamente sua capacidade de agilizar opera\u00e7\u00f5es, melhorar a experi\u00eancia dos h\u00f3spedes e gerar aumento de receita. Mas n\u00f3s entendemos \u2013 analisar longos comunicados n\u00e3o \u00e9 uma ideia muito divertida. \u00c9 por isso que estamos comprometidos em oferecer os destaques mais importantes para que voc\u00ea possa rapidamente saber o que h\u00e1 de novo e come\u00e7ar a tirar proveito das melhorias.O que voc\u00ea pode esperar da Central da Compass da Cloudbeds?<\/p>\n\n\n\n<p>Resumos do webinar:&nbsp;obtenha insights valiosos de especialistas durante nossos webinars informativos. Saiba em primeira m\u00e3o sobre novas funcionalidades, melhores pr\u00e1ticas e tend\u00eancias da ind\u00fastria que est\u00e3o moldando o futuro da gest\u00e3o hoteleira.<\/p>\n\n\n\n<p><strong>Coment\u00e1rios de especialistas:<\/strong>&nbsp;conhe\u00e7a a perspectiva dos especialistas sobre como essas mudan\u00e7as podem fortalecer sua empresa e elevar seu desempenho.<\/p>\n\n\n\n<p><strong>Entrevistas com clientes:<\/strong>&nbsp;ou\u00e7a hist\u00f3rias de sucesso e experi\u00eancias do mundo real diretamente de nossos clientes. Descubra como eles est\u00e3o aproveitando as recentes inova\u00e7\u00f5es para superar desafios, gerar efici\u00eancia e atender \u00e0s expectativas do h\u00f3spede.Na Cloudbeds, estamos comprometidos com o seu sucesso.<\/p>\n\n\n\n<p>\u00c9 por isso que nos dedicamos em mant\u00ea-lo informado e equipado com as ferramentas necess\u00e1rias para prosperar no competitivo cen\u00e1rio atual. Ent\u00e3o, salve esta p\u00e1gina e junte-se a n\u00f3s na jornada rumo \u00e0 excel\u00eancia em hospitalidade.<\/p>\n<\/div>\n","protected":false},"excerpt":{"rendered":"<p>Descubra as \u00faltimas atualiza\u00e7\u00f5es de produto criadas para otimizar as opera\u00e7\u00f5es, aprimorar a experi\u00eancia do h\u00f3spede e impulsionar o crescimento da receita.<\/p>\n","protected":false},"author":93,"featured_media":54680,"parent":0,"menu_order":0,"comment_status":"closed","ping_status":"closed","template":"content-hub-page","meta":{"_acf_changed":true,"footnotes":""},"categories":[],"wf_page_folders":[10886],"class_list":["post-40550","page","type-page","status-publish","has-post-thumbnail","hentry"],"acf":[],"yoast_head":"<!-- This site is optimized with the Yoast SEO Premium plugin v27.0 (Yoast SEO v27.0) - https:\/\/yoast.com\/product\/yoast-seo-premium-wordpress\/ -->\n<title>Compass - Lan\u00e7amentos e aprimoramentos de produtos<\/title>\n<meta name=\"description\" content=\"Seja bem-vindo \u00e0 Central da Compass da Cloudbeds. Veja os \u00faltimos lan\u00e7amentos de recursos e aprimoramentos de produtos da Cloudbeds.\" \/>\n<meta name=\"robots\" content=\"index, follow, max-snippet:-1, max-image-preview:large, max-video-preview:-1\" \/>\n<link rel=\"canonical\" href=\"https:\/\/www.cloudbeds.com\/pt-br\/compass\/\" \/>\n<meta property=\"og:locale\" content=\"pt_BR\" \/>\n<meta property=\"og:type\" content=\"article\" \/>\n<meta property=\"og:title\" content=\"Compass - Lan\u00e7amentos e aprimoramentos de produtos\" \/>\n<meta property=\"og:description\" content=\"Seja bem-vindo \u00e0 Central da Compass da Cloudbeds. Veja os \u00faltimos lan\u00e7amentos de recursos e aprimoramentos de produtos da Cloudbeds.\" \/>\n<meta property=\"og:url\" content=\"https:\/\/www.cloudbeds.com\/pt-br\/compass\/\" \/>\n<meta property=\"og:site_name\" content=\"Cloudbeds\" \/>\n<meta property=\"article:publisher\" content=\"https:\/\/www.facebook.com\/Cloudbeds\/\" \/>\n<meta property=\"article:modified_time\" content=\"2026-02-18T18:57:48+00:00\" \/>\n<meta property=\"og:image\" content=\"https:\/\/www.cloudbeds.com\/wp-content\/uploads\/2025\/11\/og-compass.webp\" \/>\n\t<meta property=\"og:image:width\" content=\"1200\" \/>\n\t<meta property=\"og:image:height\" content=\"630\" \/>\n\t<meta property=\"og:image:type\" content=\"image\/webp\" \/>\n<meta name=\"twitter:card\" content=\"summary_large_image\" \/>\n<meta name=\"twitter:site\" content=\"@Cloudbeds\" \/>\n<meta name=\"twitter:label1\" content=\"Est. tempo de leitura\" \/>\n\t<meta name=\"twitter:data1\" content=\"2 minutos\" \/>\n<script type=\"application\/ld+json\" class=\"yoast-schema-graph\">{\"@context\":\"https:\/\/schema.org\",\"@graph\":[{\"@type\":\"WebPage\",\"@id\":\"https:\/\/www.cloudbeds.com\/pt-br\/compass\/\",\"url\":\"https:\/\/www.cloudbeds.com\/pt-br\/compass\/\",\"name\":\"Compass - Lan\u00e7amentos e aprimoramentos de produtos\",\"isPartOf\":{\"@id\":\"https:\/\/www.cloudbeds.com\/#website\"},\"primaryImageOfPage\":{\"@id\":\"https:\/\/www.cloudbeds.com\/pt-br\/compass\/#primaryimage\"},\"image\":{\"@id\":\"https:\/\/www.cloudbeds.com\/pt-br\/compass\/#primaryimage\"},\"thumbnailUrl\":\"https:\/\/www.cloudbeds.com\/wp-content\/uploads\/2025\/11\/og-compass.webp\",\"datePublished\":\"2021-04-24T14:08:36+00:00\",\"dateModified\":\"2026-02-18T18:57:48+00:00\",\"description\":\"Seja bem-vindo \u00e0 Central da Compass da Cloudbeds. Veja os \u00faltimos lan\u00e7amentos de recursos e aprimoramentos de produtos da Cloudbeds.\",\"breadcrumb\":{\"@id\":\"https:\/\/www.cloudbeds.com\/pt-br\/compass\/#breadcrumb\"},\"inLanguage\":\"pt-BR\",\"potentialAction\":[{\"@type\":\"ReadAction\",\"target\":[\"https:\/\/www.cloudbeds.com\/pt-br\/compass\/\"]}]},{\"@type\":\"ImageObject\",\"inLanguage\":\"pt-BR\",\"@id\":\"https:\/\/www.cloudbeds.com\/pt-br\/compass\/#primaryimage\",\"url\":\"https:\/\/www.cloudbeds.com\/wp-content\/uploads\/2025\/11\/og-compass.webp\",\"contentUrl\":\"https:\/\/www.cloudbeds.com\/wp-content\/uploads\/2025\/11\/og-compass.webp\",\"width\":1200,\"height\":630},{\"@type\":\"BreadcrumbList\",\"@id\":\"https:\/\/www.cloudbeds.com\/pt-br\/compass\/#breadcrumb\",\"itemListElement\":[{\"@type\":\"ListItem\",\"position\":1,\"name\":\"Home\",\"item\":\"https:\/\/www.cloudbeds.com\/pt-br\/\"},{\"@type\":\"ListItem\",\"position\":2,\"name\":\"Central da Compass da Cloudbeds\"}]},{\"@type\":\"WebSite\",\"@id\":\"https:\/\/www.cloudbeds.com\/#website\",\"url\":\"https:\/\/www.cloudbeds.com\/\",\"name\":\"Cloudbeds\",\"description\":\"#1 Hotel Management Software - Cloud-Based, Unified Platform\",\"publisher\":{\"@id\":\"https:\/\/www.cloudbeds.com\/#organization\"},\"potentialAction\":[{\"@type\":\"SearchAction\",\"target\":{\"@type\":\"EntryPoint\",\"urlTemplate\":\"https:\/\/www.cloudbeds.com\/?s={search_term_string}\"},\"query-input\":{\"@type\":\"PropertyValueSpecification\",\"valueRequired\":true,\"valueName\":\"search_term_string\"}}],\"inLanguage\":\"pt-BR\"},{\"@type\":\"Organization\",\"@id\":\"https:\/\/www.cloudbeds.com\/#organization\",\"name\":\"Cloudbeds\",\"alternateName\":\"Cloudbeds Digital Arbitrage\",\"url\":\"https:\/\/www.cloudbeds.com\/\",\"logo\":{\"@type\":\"ImageObject\",\"inLanguage\":\"pt-BR\",\"@id\":\"https:\/\/www.cloudbeds.com\/#\/schema\/logo\/image\/\",\"url\":\"https:\/\/www.cloudbeds.com\/wp-content\/uploads\/2025\/08\/logo-footer.svg\",\"contentUrl\":\"https:\/\/www.cloudbeds.com\/wp-content\/uploads\/2025\/08\/logo-footer.svg\",\"width\":240,\"height\":35,\"caption\":\"Cloudbeds\"},\"image\":{\"@id\":\"https:\/\/www.cloudbeds.com\/#\/schema\/logo\/image\/\"},\"sameAs\":[\"https:\/\/www.facebook.com\/Cloudbeds\/\",\"https:\/\/x.com\/Cloudbeds\",\"https:\/\/www.linkedin.com\/company\/cloudbeds\/\",\"https:\/\/www.youtube.com\/channel\/UCyfR7GappZBy-uziWO9WLdQ\"],\"description\":\"Cloudbeds is hospitality\u2019s only intelligent growth engine \u2014 a unified platform trusted by the world\u2019s most ambitious hoteliers across 150 countries. Built to challenge the limits of outdated tech stacks, Cloudbeds connects operations, revenue, distribution, and guest experience in one powerful, intuitive system. The platform is enhanced with Signals, a hospitality AI model giving hoteliers the power to anticipate demand, run smarter operations, and craft more personal, profitable guest journeys at scale. Founded in 2012, Cloudbeds has earned top honors from Hotel Tech Report (Top PMS, Hotel Management System, and Channel Manager, 2021\u20132026), the World Travel Awards (World\u2019s Best Hotel PMS Solutions Provider, 2022), and Deloitte\u2019s Technology Fast 500 (2025).\",\"legalName\":\"Cloudbeds Digital Arbitrage\",\"foundingDate\":\"2012-10-10\",\"numberOfEmployees\":{\"@type\":\"QuantitativeValue\",\"minValue\":\"501\",\"maxValue\":\"1000\"},\"publishingPrinciples\":\"https:\/\/www.cloudbeds.com\/es\/centro-recursos\/\",\"ownershipFundingInfo\":\"https:\/\/www.cloudbeds.com\/our-story\/\"}]}<\/script>\n<!-- \/ Yoast SEO Premium plugin. -->","yoast_head_json":{"title":"Compass - Lan\u00e7amentos e aprimoramentos de produtos","description":"Seja bem-vindo \u00e0 Central da Compass da Cloudbeds. Veja os \u00faltimos lan\u00e7amentos de recursos e aprimoramentos de produtos da Cloudbeds.","robots":{"index":"index","follow":"follow","max-snippet":"max-snippet:-1","max-image-preview":"max-image-preview:large","max-video-preview":"max-video-preview:-1"},"canonical":"https:\/\/www.cloudbeds.com\/pt-br\/compass\/","og_locale":"pt_BR","og_type":"article","og_title":"Compass - Lan\u00e7amentos e aprimoramentos de produtos","og_description":"Seja bem-vindo \u00e0 Central da Compass da Cloudbeds. Veja os \u00faltimos lan\u00e7amentos de recursos e aprimoramentos de produtos da Cloudbeds.","og_url":"https:\/\/www.cloudbeds.com\/pt-br\/compass\/","og_site_name":"Cloudbeds","article_publisher":"https:\/\/www.facebook.com\/Cloudbeds\/","article_modified_time":"2026-02-18T18:57:48+00:00","og_image":[{"width":1200,"height":630,"url":"https:\/\/www.cloudbeds.com\/wp-content\/uploads\/2025\/11\/og-compass.webp","type":"image\/webp"}],"twitter_card":"summary_large_image","twitter_site":"@Cloudbeds","twitter_misc":{"Est. tempo de leitura":"2 minutos"},"schema":{"@context":"https:\/\/schema.org","@graph":[{"@type":"WebPage","@id":"https:\/\/www.cloudbeds.com\/pt-br\/compass\/","url":"https:\/\/www.cloudbeds.com\/pt-br\/compass\/","name":"Compass - Lan\u00e7amentos e aprimoramentos de produtos","isPartOf":{"@id":"https:\/\/www.cloudbeds.com\/#website"},"primaryImageOfPage":{"@id":"https:\/\/www.cloudbeds.com\/pt-br\/compass\/#primaryimage"},"image":{"@id":"https:\/\/www.cloudbeds.com\/pt-br\/compass\/#primaryimage"},"thumbnailUrl":"https:\/\/www.cloudbeds.com\/wp-content\/uploads\/2025\/11\/og-compass.webp","datePublished":"2021-04-24T14:08:36+00:00","dateModified":"2026-02-18T18:57:48+00:00","description":"Seja bem-vindo \u00e0 Central da Compass da Cloudbeds. Veja os \u00faltimos lan\u00e7amentos de recursos e aprimoramentos de produtos da Cloudbeds.","breadcrumb":{"@id":"https:\/\/www.cloudbeds.com\/pt-br\/compass\/#breadcrumb"},"inLanguage":"pt-BR","potentialAction":[{"@type":"ReadAction","target":["https:\/\/www.cloudbeds.com\/pt-br\/compass\/"]}]},{"@type":"ImageObject","inLanguage":"pt-BR","@id":"https:\/\/www.cloudbeds.com\/pt-br\/compass\/#primaryimage","url":"https:\/\/www.cloudbeds.com\/wp-content\/uploads\/2025\/11\/og-compass.webp","contentUrl":"https:\/\/www.cloudbeds.com\/wp-content\/uploads\/2025\/11\/og-compass.webp","width":1200,"height":630},{"@type":"BreadcrumbList","@id":"https:\/\/www.cloudbeds.com\/pt-br\/compass\/#breadcrumb","itemListElement":[{"@type":"ListItem","position":1,"name":"Home","item":"https:\/\/www.cloudbeds.com\/pt-br\/"},{"@type":"ListItem","position":2,"name":"Central da Compass da Cloudbeds"}]},{"@type":"WebSite","@id":"https:\/\/www.cloudbeds.com\/#website","url":"https:\/\/www.cloudbeds.com\/","name":"Cloudbeds","description":"#1 Hotel Management Software - Cloud-Based, Unified Platform","publisher":{"@id":"https:\/\/www.cloudbeds.com\/#organization"},"potentialAction":[{"@type":"SearchAction","target":{"@type":"EntryPoint","urlTemplate":"https:\/\/www.cloudbeds.com\/?s={search_term_string}"},"query-input":{"@type":"PropertyValueSpecification","valueRequired":true,"valueName":"search_term_string"}}],"inLanguage":"pt-BR"},{"@type":"Organization","@id":"https:\/\/www.cloudbeds.com\/#organization","name":"Cloudbeds","alternateName":"Cloudbeds Digital Arbitrage","url":"https:\/\/www.cloudbeds.com\/","logo":{"@type":"ImageObject","inLanguage":"pt-BR","@id":"https:\/\/www.cloudbeds.com\/#\/schema\/logo\/image\/","url":"https:\/\/www.cloudbeds.com\/wp-content\/uploads\/2025\/08\/logo-footer.svg","contentUrl":"https:\/\/www.cloudbeds.com\/wp-content\/uploads\/2025\/08\/logo-footer.svg","width":240,"height":35,"caption":"Cloudbeds"},"image":{"@id":"https:\/\/www.cloudbeds.com\/#\/schema\/logo\/image\/"},"sameAs":["https:\/\/www.facebook.com\/Cloudbeds\/","https:\/\/x.com\/Cloudbeds","https:\/\/www.linkedin.com\/company\/cloudbeds\/","https:\/\/www.youtube.com\/channel\/UCyfR7GappZBy-uziWO9WLdQ"],"description":"Cloudbeds is hospitality\u2019s only intelligent growth engine \u2014 a unified platform trusted by the world\u2019s most ambitious hoteliers across 150 countries. Built to challenge the limits of outdated tech stacks, Cloudbeds connects operations, revenue, distribution, and guest experience in one powerful, intuitive system. The platform is enhanced with Signals, a hospitality AI model giving hoteliers the power to anticipate demand, run smarter operations, and craft more personal, profitable guest journeys at scale. Founded in 2012, Cloudbeds has earned top honors from Hotel Tech Report (Top PMS, Hotel Management System, and Channel Manager, 2021\u20132026), the World Travel Awards (World\u2019s Best Hotel PMS Solutions Provider, 2022), and Deloitte\u2019s Technology Fast 500 (2025).","legalName":"Cloudbeds Digital Arbitrage","foundingDate":"2012-10-10","numberOfEmployees":{"@type":"QuantitativeValue","minValue":"501","maxValue":"1000"},"publishingPrinciples":"https:\/\/www.cloudbeds.com\/es\/centro-recursos\/","ownershipFundingInfo":"https:\/\/www.cloudbeds.com\/our-story\/"}]}},"_links":{"self":[{"href":"https:\/\/www.cloudbeds.com\/pt-br\/wp-json\/wp\/v2\/pages\/40550","targetHints":{"allow":["GET"]}}],"collection":[{"href":"https:\/\/www.cloudbeds.com\/pt-br\/wp-json\/wp\/v2\/pages"}],"about":[{"href":"https:\/\/www.cloudbeds.com\/pt-br\/wp-json\/wp\/v2\/types\/page"}],"author":[{"embeddable":true,"href":"https:\/\/www.cloudbeds.com\/pt-br\/wp-json\/wp\/v2\/users\/93"}],"replies":[{"embeddable":true,"href":"https:\/\/www.cloudbeds.com\/pt-br\/wp-json\/wp\/v2\/comments?post=40550"}],"version-history":[{"count":0,"href":"https:\/\/www.cloudbeds.com\/pt-br\/wp-json\/wp\/v2\/pages\/40550\/revisions"}],"wp:featuredmedia":[{"embeddable":true,"href":"https:\/\/www.cloudbeds.com\/pt-br\/wp-json\/wp\/v2\/media\/54680"}],"wp:attachment":[{"href":"https:\/\/www.cloudbeds.com\/pt-br\/wp-json\/wp\/v2\/media?parent=40550"}],"wp:term":[{"taxonomy":"category","embeddable":true,"href":"https:\/\/www.cloudbeds.com\/pt-br\/wp-json\/wp\/v2\/categories?post=40550"},{"taxonomy":"wf_page_folders","embeddable":true,"href":"https:\/\/www.cloudbeds.com\/pt-br\/wp-json\/wp\/v2\/wf_page_folders?post=40550"}],"curies":[{"name":"wp","href":"https:\/\/api.w.org\/{rel}","templated":true}]}}