{"id":45623,"date":"2024-12-18T01:52:37","date_gmt":"2024-12-18T09:52:37","guid":{"rendered":"https:\/\/www.cloudbeds.com\/?page_id=45623"},"modified":"2025-07-21T04:55:33","modified_gmt":"2025-07-21T11:55:33","slug":"new-metasearch","status":"publish","type":"page","link":"https:\/\/www.cloudbeds.com\/pt-br\/new-metasearch\/","title":{"rendered":"PT &#8211; Meta Promo Dec 2024"},"content":{"rendered":"","protected":false},"excerpt":{"rendered":"","protected":false},"author":112,"featured_media":0,"parent":0,"menu_order":0,"comment_status":"closed","ping_status":"closed","template":"template_try_buttons_funnels-v4-whistle-promo.php","meta":{"_acf_changed":false,"footnotes":""},"categories":[],"wf_page_folders":[],"class_list":["post-45623","page","type-page","status-publish","hentry"],"acf":[],"yoast_head":"<!-- This site is optimized with the Yoast SEO Premium plugin v27.4 (Yoast SEO v27.4) - https:\/\/yoast.com\/product\/yoast-seo-premium-wordpress\/ -->\n<title>Cloudbeds - Metasearch Promo<\/title>\n<meta name=\"description\" content=\"Alcance milh\u00f5es de viajantes que est\u00e3o procurando ativamente por propriedades como a sua e otimize sua estrat\u00e9gia de marketing digital.\" \/>\n<meta name=\"robots\" content=\"noindex, follow\" \/>\n<meta property=\"og:locale\" content=\"pt_BR\" \/>\n<meta property=\"og:type\" content=\"article\" \/>\n<meta property=\"og:title\" content=\"Cloudbeds - Metasearch Promo\" \/>\n<meta property=\"og:description\" content=\"Alcance milh\u00f5es de viajantes que est\u00e3o procurando ativamente por propriedades como a sua e otimize sua estrat\u00e9gia de marketing digital.\" \/>\n<meta property=\"og:url\" content=\"https:\/\/www.cloudbeds.com\/pt-br\/new-metasearch\/\" \/>\n<meta property=\"og:site_name\" content=\"Cloudbeds\" \/>\n<meta property=\"article:publisher\" content=\"https:\/\/www.facebook.com\/Cloudbeds\/\" \/>\n<meta property=\"article:modified_time\" content=\"2025-07-21T11:55:33+00:00\" \/>\n<meta property=\"og:image\" content=\"https:\/\/www.cloudbeds.com\/wp-content\/uploads\/2023\/05\/hotel-metasearch-ebook.png\" \/>\n\t<meta property=\"og:image:width\" content=\"1200\" \/>\n\t<meta property=\"og:image:height\" content=\"630\" \/>\n\t<meta property=\"og:image:type\" content=\"image\/png\" \/>\n<meta name=\"twitter:card\" content=\"summary_large_image\" \/>\n<meta name=\"twitter:site\" content=\"@Cloudbeds\" \/>\n<script type=\"application\/ld+json\" class=\"yoast-schema-graph\">{\"@context\":\"https:\\\/\\\/schema.org\",\"@graph\":[{\"@type\":\"WebPage\",\"@id\":\"https:\\\/\\\/www.cloudbeds.com\\\/pt-br\\\/new-metasearch\\\/\",\"url\":\"https:\\\/\\\/www.cloudbeds.com\\\/pt-br\\\/new-metasearch\\\/\",\"name\":\"Cloudbeds - Metasearch Promo\",\"isPartOf\":{\"@id\":\"https:\\\/\\\/www.cloudbeds.com\\\/#website\"},\"datePublished\":\"2024-12-18T09:52:37+00:00\",\"dateModified\":\"2025-07-21T11:55:33+00:00\",\"description\":\"Alcance milh\u00f5es de viajantes que est\u00e3o procurando ativamente por propriedades como a sua e otimize sua estrat\u00e9gia de marketing digital.\",\"breadcrumb\":{\"@id\":\"https:\\\/\\\/www.cloudbeds.com\\\/pt-br\\\/new-metasearch\\\/#breadcrumb\"},\"inLanguage\":\"pt-BR\",\"potentialAction\":[{\"@type\":\"ReadAction\",\"target\":[\"https:\\\/\\\/www.cloudbeds.com\\\/pt-br\\\/new-metasearch\\\/\"]}]},{\"@type\":\"BreadcrumbList\",\"@id\":\"https:\\\/\\\/www.cloudbeds.com\\\/pt-br\\\/new-metasearch\\\/#breadcrumb\",\"itemListElement\":[{\"@type\":\"ListItem\",\"position\":1,\"name\":\"Home\",\"item\":\"https:\\\/\\\/www.cloudbeds.com\\\/pt-br\\\/\"},{\"@type\":\"ListItem\",\"position\":2,\"name\":\"PT &#8211; Meta Promo Dec 2024\"}]},{\"@type\":\"WebSite\",\"@id\":\"https:\\\/\\\/www.cloudbeds.com\\\/#website\",\"url\":\"https:\\\/\\\/www.cloudbeds.com\\\/\",\"name\":\"Cloudbeds\",\"description\":\"#1 Hotel Management Software - Cloud-Based, Unified Platform\",\"publisher\":{\"@id\":\"https:\\\/\\\/www.cloudbeds.com\\\/#organization\"},\"potentialAction\":[{\"@type\":\"SearchAction\",\"target\":{\"@type\":\"EntryPoint\",\"urlTemplate\":\"https:\\\/\\\/www.cloudbeds.com\\\/?s={search_term_string}\"},\"query-input\":{\"@type\":\"PropertyValueSpecification\",\"valueRequired\":true,\"valueName\":\"search_term_string\"}}],\"inLanguage\":\"pt-BR\"},{\"@type\":\"Organization\",\"@id\":\"https:\\\/\\\/www.cloudbeds.com\\\/#organization\",\"name\":\"Cloudbeds\",\"alternateName\":\"Cloudbeds Digital Arbitrage\",\"url\":\"https:\\\/\\\/www.cloudbeds.com\\\/\",\"logo\":{\"@type\":\"ImageObject\",\"inLanguage\":\"pt-BR\",\"@id\":\"https:\\\/\\\/www.cloudbeds.com\\\/#\\\/schema\\\/logo\\\/image\\\/\",\"url\":\"https:\\\/\\\/www.cloudbeds.com\\\/wp-content\\\/uploads\\\/2025\\\/08\\\/logo-footer.svg\",\"contentUrl\":\"https:\\\/\\\/www.cloudbeds.com\\\/wp-content\\\/uploads\\\/2025\\\/08\\\/logo-footer.svg\",\"width\":240,\"height\":35,\"caption\":\"Cloudbeds\"},\"image\":{\"@id\":\"https:\\\/\\\/www.cloudbeds.com\\\/#\\\/schema\\\/logo\\\/image\\\/\"},\"sameAs\":[\"https:\\\/\\\/www.facebook.com\\\/Cloudbeds\\\/\",\"https:\\\/\\\/x.com\\\/Cloudbeds\",\"https:\\\/\\\/www.linkedin.com\\\/company\\\/cloudbeds\\\/\",\"https:\\\/\\\/www.youtube.com\\\/channel\\\/UCyfR7GappZBy-uziWO9WLdQ\"],\"description\":\"Cloudbeds is hospitality\u2019s only intelligent growth engine \u2014 a unified platform trusted by the world\u2019s most ambitious hoteliers across 150 countries. Built to challenge the limits of outdated tech stacks, Cloudbeds connects operations, revenue, distribution, and guest experience in one powerful, intuitive system. The platform is enhanced with Signals, a hospitality AI model giving hoteliers the power to anticipate demand, run smarter operations, and craft more personal, profitable guest journeys at scale. Founded in 2012, Cloudbeds has earned top honors from Hotel Tech Report (Top PMS, Hotel Management System, and Channel Manager, 2021\u20132026), the World Travel Awards (World\u2019s Best Hotel PMS Solutions Provider, 2022), and Deloitte\u2019s Technology Fast 500 (2025).\",\"legalName\":\"Cloudbeds Digital Arbitrage\",\"foundingDate\":\"2012-10-10\",\"numberOfEmployees\":{\"@type\":\"QuantitativeValue\",\"minValue\":\"501\",\"maxValue\":\"1000\"},\"publishingPrinciples\":\"https:\\\/\\\/www.cloudbeds.com\\\/es\\\/centro-recursos\\\/\",\"ownershipFundingInfo\":\"https:\\\/\\\/www.cloudbeds.com\\\/our-story\\\/\"}]}<\/script>\n<!-- \/ Yoast SEO Premium plugin. -->","yoast_head_json":{"title":"Cloudbeds - Metasearch Promo","description":"Alcance milh\u00f5es de viajantes que est\u00e3o procurando ativamente por propriedades como a sua e otimize sua estrat\u00e9gia de marketing digital.","robots":{"index":"noindex","follow":"follow"},"og_locale":"pt_BR","og_type":"article","og_title":"Cloudbeds - Metasearch Promo","og_description":"Alcance milh\u00f5es de viajantes que est\u00e3o procurando ativamente por propriedades como a sua e otimize sua estrat\u00e9gia de marketing digital.","og_url":"https:\/\/www.cloudbeds.com\/pt-br\/new-metasearch\/","og_site_name":"Cloudbeds","article_publisher":"https:\/\/www.facebook.com\/Cloudbeds\/","article_modified_time":"2025-07-21T11:55:33+00:00","og_image":[{"width":1200,"height":630,"url":"https:\/\/www.cloudbeds.com\/wp-content\/uploads\/2023\/05\/hotel-metasearch-ebook.png","type":"image\/png"}],"twitter_card":"summary_large_image","twitter_site":"@Cloudbeds","schema":{"@context":"https:\/\/schema.org","@graph":[{"@type":"WebPage","@id":"https:\/\/www.cloudbeds.com\/pt-br\/new-metasearch\/","url":"https:\/\/www.cloudbeds.com\/pt-br\/new-metasearch\/","name":"Cloudbeds - Metasearch Promo","isPartOf":{"@id":"https:\/\/www.cloudbeds.com\/#website"},"datePublished":"2024-12-18T09:52:37+00:00","dateModified":"2025-07-21T11:55:33+00:00","description":"Alcance milh\u00f5es de viajantes que est\u00e3o procurando ativamente por propriedades como a sua e otimize sua estrat\u00e9gia de marketing digital.","breadcrumb":{"@id":"https:\/\/www.cloudbeds.com\/pt-br\/new-metasearch\/#breadcrumb"},"inLanguage":"pt-BR","potentialAction":[{"@type":"ReadAction","target":["https:\/\/www.cloudbeds.com\/pt-br\/new-metasearch\/"]}]},{"@type":"BreadcrumbList","@id":"https:\/\/www.cloudbeds.com\/pt-br\/new-metasearch\/#breadcrumb","itemListElement":[{"@type":"ListItem","position":1,"name":"Home","item":"https:\/\/www.cloudbeds.com\/pt-br\/"},{"@type":"ListItem","position":2,"name":"PT &#8211; Meta Promo Dec 2024"}]},{"@type":"WebSite","@id":"https:\/\/www.cloudbeds.com\/#website","url":"https:\/\/www.cloudbeds.com\/","name":"Cloudbeds","description":"#1 Hotel Management Software - Cloud-Based, Unified Platform","publisher":{"@id":"https:\/\/www.cloudbeds.com\/#organization"},"potentialAction":[{"@type":"SearchAction","target":{"@type":"EntryPoint","urlTemplate":"https:\/\/www.cloudbeds.com\/?s={search_term_string}"},"query-input":{"@type":"PropertyValueSpecification","valueRequired":true,"valueName":"search_term_string"}}],"inLanguage":"pt-BR"},{"@type":"Organization","@id":"https:\/\/www.cloudbeds.com\/#organization","name":"Cloudbeds","alternateName":"Cloudbeds Digital Arbitrage","url":"https:\/\/www.cloudbeds.com\/","logo":{"@type":"ImageObject","inLanguage":"pt-BR","@id":"https:\/\/www.cloudbeds.com\/#\/schema\/logo\/image\/","url":"https:\/\/www.cloudbeds.com\/wp-content\/uploads\/2025\/08\/logo-footer.svg","contentUrl":"https:\/\/www.cloudbeds.com\/wp-content\/uploads\/2025\/08\/logo-footer.svg","width":240,"height":35,"caption":"Cloudbeds"},"image":{"@id":"https:\/\/www.cloudbeds.com\/#\/schema\/logo\/image\/"},"sameAs":["https:\/\/www.facebook.com\/Cloudbeds\/","https:\/\/x.com\/Cloudbeds","https:\/\/www.linkedin.com\/company\/cloudbeds\/","https:\/\/www.youtube.com\/channel\/UCyfR7GappZBy-uziWO9WLdQ"],"description":"Cloudbeds is hospitality\u2019s only intelligent growth engine \u2014 a unified platform trusted by the world\u2019s most ambitious hoteliers across 150 countries. Built to challenge the limits of outdated tech stacks, Cloudbeds connects operations, revenue, distribution, and guest experience in one powerful, intuitive system. The platform is enhanced with Signals, a hospitality AI model giving hoteliers the power to anticipate demand, run smarter operations, and craft more personal, profitable guest journeys at scale. Founded in 2012, Cloudbeds has earned top honors from Hotel Tech Report (Top PMS, Hotel Management System, and Channel Manager, 2021\u20132026), the World Travel Awards (World\u2019s Best Hotel PMS Solutions Provider, 2022), and Deloitte\u2019s Technology Fast 500 (2025).","legalName":"Cloudbeds Digital Arbitrage","foundingDate":"2012-10-10","numberOfEmployees":{"@type":"QuantitativeValue","minValue":"501","maxValue":"1000"},"publishingPrinciples":"https:\/\/www.cloudbeds.com\/es\/centro-recursos\/","ownershipFundingInfo":"https:\/\/www.cloudbeds.com\/our-story\/"}]}},"_links":{"self":[{"href":"https:\/\/www.cloudbeds.com\/pt-br\/wp-json\/wp\/v2\/pages\/45623","targetHints":{"allow":["GET"]}}],"collection":[{"href":"https:\/\/www.cloudbeds.com\/pt-br\/wp-json\/wp\/v2\/pages"}],"about":[{"href":"https:\/\/www.cloudbeds.com\/pt-br\/wp-json\/wp\/v2\/types\/page"}],"author":[{"embeddable":true,"href":"https:\/\/www.cloudbeds.com\/pt-br\/wp-json\/wp\/v2\/users\/112"}],"replies":[{"embeddable":true,"href":"https:\/\/www.cloudbeds.com\/pt-br\/wp-json\/wp\/v2\/comments?post=45623"}],"version-history":[{"count":0,"href":"https:\/\/www.cloudbeds.com\/pt-br\/wp-json\/wp\/v2\/pages\/45623\/revisions"}],"wp:attachment":[{"href":"https:\/\/www.cloudbeds.com\/pt-br\/wp-json\/wp\/v2\/media?parent=45623"}],"wp:term":[{"taxonomy":"category","embeddable":true,"href":"https:\/\/www.cloudbeds.com\/pt-br\/wp-json\/wp\/v2\/categories?post=45623"},{"taxonomy":"wf_page_folders","embeddable":true,"href":"https:\/\/www.cloudbeds.com\/pt-br\/wp-json\/wp\/v2\/wf_page_folders?post=45623"}],"curies":[{"name":"wp","href":"https:\/\/api.w.org\/{rel}","templated":true}]}}