{"id":47428,"date":"2025-03-11T16:49:11","date_gmt":"2025-03-11T23:49:11","guid":{"rendered":"https:\/\/www.cloudbeds.com\/?page_id=47428"},"modified":"2026-03-25T03:04:56","modified_gmt":"2026-03-25T10:04:56","slug":"podcast","status":"publish","type":"page","link":"https:\/\/www.cloudbeds.com\/pt-br\/relatorio-hotelaria\/podcast\/","title":{"rendered":"Ou\u00e7a a an\u00e1lise do relat\u00f3rio"},"content":{"rendered":"<p>&nbsp;<\/p>\n<p>&nbsp;<\/p>\n\n\n<figure class=\"wp-block-image size-full is-resized\"><img loading=\"lazy\" decoding=\"async\" width=\"1840\" height=\"500\" src=\"https:\/\/www.cloudbeds.com\/wp-content\/uploads\/2025\/02\/SoIL_2025_hub_header_listen.webp\" alt=\"\" class=\"wp-image-47190\" style=\"width:1000px;height:auto\" srcset=\"https:\/\/www.cloudbeds.com\/wp-content\/uploads\/2025\/02\/SoIL_2025_hub_header_listen.webp 1840w, https:\/\/www.cloudbeds.com\/wp-content\/uploads\/2025\/02\/SoIL_2025_hub_header_listen-768x209.webp 768w, https:\/\/www.cloudbeds.com\/wp-content\/uploads\/2025\/02\/SoIL_2025_hub_header_listen-1536x417.webp 1536w\" sizes=\"auto, (max-width: 1840px) 100vw, 1840px\" \/><\/figure>\n\n\n\n<div class=\"wp-block-group has-stix-two-text-font-family is-vertical is-layout-flex wp-container-core-group-is-layout-a491339b wp-block-group-is-layout-flex\" style=\"margin-top:var(--wp--preset--spacing--60);margin-bottom:var(--wp--preset--spacing--60);padding-right:0;padding-left:0\">\n<h2 class=\"wp-block-heading has-3-x-large-font-size\" id=\"target1\">Sem vontade de ler o relat\u00f3rio completo?Ou\u00e7a uma an\u00e1lise de IA sobre as principais descobertas e tend\u00eancias no Relat\u00f3rio do Panoramos da Hotelaria Independente de 2025 da Cloudbeds.<\/h2>\n<\/div>\n\n\n\n<hr class=\"wp-block-separator has-text-color has-neutral-chalk-07-color has-alpha-channel-opacity has-neutral-chalk-07-background-color has-background is-style-wide\" style=\"margin-top:var(--wp--preset--spacing--60);margin-bottom:var(--wp--preset--spacing--60)\"\/>\n\n\n\n<div class=\"wp-block-group is-vertical is-layout-flex wp-container-core-group-is-layout-fe9cc265 wp-block-group-is-layout-flex\">\n<figure class=\"wp-block-audio\"><audio controls src=\"https:\/\/www.cloudbeds.com\/wp-content\/uploads\/2025\/03\/SOIL-PODCAST-PT.mp3\"><\/audio><\/figure>\n<\/div>\n\n\n\n<hr class=\"wp-block-separator has-text-color has-neutral-chalk-07-color has-alpha-channel-opacity has-neutral-chalk-07-background-color has-background is-style-wide\" style=\"margin-top:var(--wp--preset--spacing--60);margin-bottom:var(--wp--preset--spacing--60)\"\/>\n\n\n\n<div class=\"wp-block-cloudbeds-cta-block-blog-image bg-primary-blue-05 mx-auto flex flex-col sm:flex-row sm:items-stretch justify-between rounded-[4px] font-host py-0 pl-0 max-w-[748px]\"><div class=\"sm:min-h-[230px] w-full sm:min-h-full sm:h-auto sm:max-w-[330px] flex items-center justify-center text-center bg-neutral-coffee-05 text-sm mx-auto ml-0 overflow-hidden text-neutral-chalk-01\"><img decoding=\"async\" src=\"https:\/\/www.cloudbeds.com\/wp-content\/uploads\/2025\/02\/SoIL_CTA_cover_image_PT.webp\" alt=\"Relat\u00f3rio do panorama da hotelaria independente\" class=\"w-full h-full object-cover\"\/><\/div><div class=\"m-6\"><h2 class=\"text-2xl font-light text-neutral-coffee-05 mb-3\">Baixe para aprender como se preparar para as tend\u00eancias deste ano.<\/h2><p class=\"text-base text-neutral-coffee-05 font-light\"><\/p><div class=\"flex-shrink-0 mt-7\">\n<div class=\"flex w-full justify-start\">\n  \n    <a\n      href=\"#\"\n      class=\"cloudbeds-custom-button btn-rich-brown text-neutral-white px-4 py-2 rounded-md hover:bg-primary-blue-05 hover:text-neutral-coffee-05 inline-flex items-center gap-2 no-underline transition duration-300 ease-in-out hover:no-underline active:no-underline focus:no-underline\"\n      target=\"_self\"\n      rel=\"\"\n            >\n            <span>Baixe agora<\/span>\n      <svg xmlns=\"https:\/\/www.w3.org\/2000\/svg\" width=\"20\" height=\"20\" fill=\"currentColor\" viewBox=\"0 0 256 256\"><path d=\"M200,64V168a8,8,0,0,1-16,0V83.31L69.66,197.66a8,8,0,0,1-11.32-11.32L172.69,72H88a8,8,0,0,1,0-16H192A8,8,0,0,1,200,64Z\"\/><\/svg>    <\/a>\n  <\/div><\/div><\/div><\/div>\n","protected":false},"excerpt":{"rendered":"<p>Sem vontade de ler o relat\u00f3rio completo? Ou\u00e7a um resumo feito por IA para conhecer os principais achados e tend\u00eancias.<\/p>\n","protected":false},"author":42,"featured_media":47188,"parent":47424,"menu_order":3,"comment_status":"closed","ping_status":"closed","template":"content-hub-page","meta":{"_acf_changed":false,"footnotes":""},"categories":[],"wf_page_folders":[11268],"class_list":["post-47428","page","type-page","status-publish","has-post-thumbnail","hentry"],"acf":[],"yoast_head":"<!-- This site is optimized with the Yoast SEO Premium plugin v27.0 (Yoast SEO v27.0) - https:\/\/yoast.com\/product\/yoast-seo-premium-wordpress\/ -->\n<title>Relat\u00f3rio do Panoramos da Hotelaria Independente - An\u00e1lise de IA<\/title>\n<meta name=\"description\" content=\"Ou\u00e7a uma an\u00e1lise de IA sobre as principais descobertas e tend\u00eancias no Relat\u00f3rio do Panoramos da Hotelaria Independente de 2025 da Cloudbeds.\" \/>\n<meta name=\"robots\" content=\"index, follow, max-snippet:-1, max-image-preview:large, max-video-preview:-1\" \/>\n<link rel=\"canonical\" href=\"https:\/\/www.cloudbeds.com\/pt-br\/relatorio-hotelaria\/podcast\/\" \/>\n<meta property=\"og:locale\" content=\"pt_BR\" \/>\n<meta property=\"og:type\" content=\"article\" \/>\n<meta property=\"og:title\" content=\"Relat\u00f3rio do Panoramos da Hotelaria Independente - An\u00e1lise de IA\" \/>\n<meta property=\"og:description\" content=\"Ou\u00e7a uma an\u00e1lise de IA sobre as principais descobertas e tend\u00eancias no Relat\u00f3rio do Panoramos da Hotelaria Independente de 2025 da Cloudbeds.\" \/>\n<meta property=\"og:url\" content=\"https:\/\/www.cloudbeds.com\/pt-br\/relatorio-hotelaria\/podcast\/\" \/>\n<meta property=\"og:site_name\" content=\"Cloudbeds\" \/>\n<meta property=\"article:publisher\" content=\"https:\/\/www.facebook.com\/Cloudbeds\/\" \/>\n<meta property=\"article:modified_time\" content=\"2026-03-25T10:04:56+00:00\" \/>\n<meta property=\"og:image\" content=\"https:\/\/www.cloudbeds.com\/wp-content\/uploads\/2025\/02\/OG_SoIL_PT.png\" \/>\n\t<meta property=\"og:image:width\" content=\"1200\" \/>\n\t<meta property=\"og:image:height\" content=\"630\" \/>\n\t<meta property=\"og:image:type\" content=\"image\/png\" \/>\n<meta name=\"twitter:card\" content=\"summary_large_image\" \/>\n<meta name=\"twitter:site\" content=\"@Cloudbeds\" \/>\n<meta name=\"twitter:label1\" content=\"Est. tempo de leitura\" \/>\n\t<meta name=\"twitter:data1\" content=\"2 minutos\" \/>\n<script type=\"application\/ld+json\" class=\"yoast-schema-graph\">{\"@context\":\"https:\/\/schema.org\",\"@graph\":[{\"@type\":\"WebPage\",\"@id\":\"https:\/\/www.cloudbeds.com\/pt-br\/relatorio-hotelaria\/podcast\/\",\"url\":\"https:\/\/www.cloudbeds.com\/pt-br\/relatorio-hotelaria\/podcast\/\",\"name\":\"Relat\u00f3rio do Panoramos da Hotelaria Independente - An\u00e1lise de IA\",\"isPartOf\":{\"@id\":\"https:\/\/www.cloudbeds.com\/#website\"},\"primaryImageOfPage\":{\"@id\":\"https:\/\/www.cloudbeds.com\/pt-br\/relatorio-hotelaria\/podcast\/#primaryimage\"},\"image\":{\"@id\":\"https:\/\/www.cloudbeds.com\/pt-br\/relatorio-hotelaria\/podcast\/#primaryimage\"},\"thumbnailUrl\":\"https:\/\/www.cloudbeds.com\/wp-content\/uploads\/2025\/02\/OG_SoIL_PT.png\",\"datePublished\":\"2025-03-11T23:49:11+00:00\",\"dateModified\":\"2026-03-25T10:04:56+00:00\",\"description\":\"Ou\u00e7a uma an\u00e1lise de IA sobre as principais descobertas e tend\u00eancias no Relat\u00f3rio do Panoramos da Hotelaria Independente de 2025 da Cloudbeds.\",\"breadcrumb\":{\"@id\":\"https:\/\/www.cloudbeds.com\/pt-br\/relatorio-hotelaria\/podcast\/#breadcrumb\"},\"inLanguage\":\"pt-BR\",\"potentialAction\":[{\"@type\":\"ReadAction\",\"target\":[\"https:\/\/www.cloudbeds.com\/pt-br\/relatorio-hotelaria\/podcast\/\"]}]},{\"@type\":\"ImageObject\",\"inLanguage\":\"pt-BR\",\"@id\":\"https:\/\/www.cloudbeds.com\/pt-br\/relatorio-hotelaria\/podcast\/#primaryimage\",\"url\":\"https:\/\/www.cloudbeds.com\/wp-content\/uploads\/2025\/02\/OG_SoIL_PT.png\",\"contentUrl\":\"https:\/\/www.cloudbeds.com\/wp-content\/uploads\/2025\/02\/OG_SoIL_PT.png\",\"width\":1200,\"height\":630,\"caption\":\"Relat\u00f3rio do panorama da hotelaria independente\"},{\"@type\":\"BreadcrumbList\",\"@id\":\"https:\/\/www.cloudbeds.com\/pt-br\/relatorio-hotelaria\/podcast\/#breadcrumb\",\"itemListElement\":[{\"@type\":\"ListItem\",\"position\":1,\"name\":\"Home\",\"item\":\"https:\/\/www.cloudbeds.com\/pt-br\/\"},{\"@type\":\"ListItem\",\"position\":2,\"name\":\"Panorama da hotelaria independente 2025\",\"item\":\"https:\/\/www.cloudbeds.com\/pt-br\/relatorio-hotelaria\/\"},{\"@type\":\"ListItem\",\"position\":3,\"name\":\"Ou\u00e7a a an\u00e1lise do relat\u00f3rio\"}]},{\"@type\":\"WebSite\",\"@id\":\"https:\/\/www.cloudbeds.com\/#website\",\"url\":\"https:\/\/www.cloudbeds.com\/\",\"name\":\"Cloudbeds\",\"description\":\"#1 Hotel Management Software - Cloud-Based, Unified Platform\",\"publisher\":{\"@id\":\"https:\/\/www.cloudbeds.com\/#organization\"},\"potentialAction\":[{\"@type\":\"SearchAction\",\"target\":{\"@type\":\"EntryPoint\",\"urlTemplate\":\"https:\/\/www.cloudbeds.com\/?s={search_term_string}\"},\"query-input\":{\"@type\":\"PropertyValueSpecification\",\"valueRequired\":true,\"valueName\":\"search_term_string\"}}],\"inLanguage\":\"pt-BR\"},{\"@type\":\"Organization\",\"@id\":\"https:\/\/www.cloudbeds.com\/#organization\",\"name\":\"Cloudbeds\",\"alternateName\":\"Cloudbeds Digital Arbitrage\",\"url\":\"https:\/\/www.cloudbeds.com\/\",\"logo\":{\"@type\":\"ImageObject\",\"inLanguage\":\"pt-BR\",\"@id\":\"https:\/\/www.cloudbeds.com\/#\/schema\/logo\/image\/\",\"url\":\"https:\/\/www.cloudbeds.com\/wp-content\/uploads\/2025\/08\/logo-footer.svg\",\"contentUrl\":\"https:\/\/www.cloudbeds.com\/wp-content\/uploads\/2025\/08\/logo-footer.svg\",\"width\":240,\"height\":35,\"caption\":\"Cloudbeds\"},\"image\":{\"@id\":\"https:\/\/www.cloudbeds.com\/#\/schema\/logo\/image\/\"},\"sameAs\":[\"https:\/\/www.facebook.com\/Cloudbeds\/\",\"https:\/\/x.com\/Cloudbeds\",\"https:\/\/www.linkedin.com\/company\/cloudbeds\/\",\"https:\/\/www.youtube.com\/channel\/UCyfR7GappZBy-uziWO9WLdQ\"],\"description\":\"Cloudbeds is hospitality\u2019s only intelligent growth engine \u2014 a unified platform trusted by the world\u2019s most ambitious hoteliers across 150 countries. Built to challenge the limits of outdated tech stacks, Cloudbeds connects operations, revenue, distribution, and guest experience in one powerful, intuitive system. The platform is enhanced with Signals, a hospitality AI model giving hoteliers the power to anticipate demand, run smarter operations, and craft more personal, profitable guest journeys at scale. Founded in 2012, Cloudbeds has earned top honors from Hotel Tech Report (Top PMS, Hotel Management System, and Channel Manager, 2021\u20132026), the World Travel Awards (World\u2019s Best Hotel PMS Solutions Provider, 2022), and Deloitte\u2019s Technology Fast 500 (2025).\",\"legalName\":\"Cloudbeds Digital Arbitrage\",\"foundingDate\":\"2012-10-10\",\"numberOfEmployees\":{\"@type\":\"QuantitativeValue\",\"minValue\":\"501\",\"maxValue\":\"1000\"},\"publishingPrinciples\":\"https:\/\/www.cloudbeds.com\/es\/centro-recursos\/\",\"ownershipFundingInfo\":\"https:\/\/www.cloudbeds.com\/our-story\/\"}]}<\/script>\n<!-- \/ Yoast SEO Premium plugin. -->","yoast_head_json":{"title":"Relat\u00f3rio do Panoramos da Hotelaria Independente - An\u00e1lise de IA","description":"Ou\u00e7a uma an\u00e1lise de IA sobre as principais descobertas e tend\u00eancias no Relat\u00f3rio do Panoramos da Hotelaria Independente de 2025 da Cloudbeds.","robots":{"index":"index","follow":"follow","max-snippet":"max-snippet:-1","max-image-preview":"max-image-preview:large","max-video-preview":"max-video-preview:-1"},"canonical":"https:\/\/www.cloudbeds.com\/pt-br\/relatorio-hotelaria\/podcast\/","og_locale":"pt_BR","og_type":"article","og_title":"Relat\u00f3rio do Panoramos da Hotelaria Independente - An\u00e1lise de IA","og_description":"Ou\u00e7a uma an\u00e1lise de IA sobre as principais descobertas e tend\u00eancias no Relat\u00f3rio do Panoramos da Hotelaria Independente de 2025 da Cloudbeds.","og_url":"https:\/\/www.cloudbeds.com\/pt-br\/relatorio-hotelaria\/podcast\/","og_site_name":"Cloudbeds","article_publisher":"https:\/\/www.facebook.com\/Cloudbeds\/","article_modified_time":"2026-03-25T10:04:56+00:00","og_image":[{"width":1200,"height":630,"url":"https:\/\/www.cloudbeds.com\/wp-content\/uploads\/2025\/02\/OG_SoIL_PT.png","type":"image\/png"}],"twitter_card":"summary_large_image","twitter_site":"@Cloudbeds","twitter_misc":{"Est. tempo de leitura":"2 minutos"},"schema":{"@context":"https:\/\/schema.org","@graph":[{"@type":"WebPage","@id":"https:\/\/www.cloudbeds.com\/pt-br\/relatorio-hotelaria\/podcast\/","url":"https:\/\/www.cloudbeds.com\/pt-br\/relatorio-hotelaria\/podcast\/","name":"Relat\u00f3rio do Panoramos da Hotelaria Independente - An\u00e1lise de IA","isPartOf":{"@id":"https:\/\/www.cloudbeds.com\/#website"},"primaryImageOfPage":{"@id":"https:\/\/www.cloudbeds.com\/pt-br\/relatorio-hotelaria\/podcast\/#primaryimage"},"image":{"@id":"https:\/\/www.cloudbeds.com\/pt-br\/relatorio-hotelaria\/podcast\/#primaryimage"},"thumbnailUrl":"https:\/\/www.cloudbeds.com\/wp-content\/uploads\/2025\/02\/OG_SoIL_PT.png","datePublished":"2025-03-11T23:49:11+00:00","dateModified":"2026-03-25T10:04:56+00:00","description":"Ou\u00e7a uma an\u00e1lise de IA sobre as principais descobertas e tend\u00eancias no Relat\u00f3rio do Panoramos da Hotelaria Independente de 2025 da Cloudbeds.","breadcrumb":{"@id":"https:\/\/www.cloudbeds.com\/pt-br\/relatorio-hotelaria\/podcast\/#breadcrumb"},"inLanguage":"pt-BR","potentialAction":[{"@type":"ReadAction","target":["https:\/\/www.cloudbeds.com\/pt-br\/relatorio-hotelaria\/podcast\/"]}]},{"@type":"ImageObject","inLanguage":"pt-BR","@id":"https:\/\/www.cloudbeds.com\/pt-br\/relatorio-hotelaria\/podcast\/#primaryimage","url":"https:\/\/www.cloudbeds.com\/wp-content\/uploads\/2025\/02\/OG_SoIL_PT.png","contentUrl":"https:\/\/www.cloudbeds.com\/wp-content\/uploads\/2025\/02\/OG_SoIL_PT.png","width":1200,"height":630,"caption":"Relat\u00f3rio do panorama da hotelaria independente"},{"@type":"BreadcrumbList","@id":"https:\/\/www.cloudbeds.com\/pt-br\/relatorio-hotelaria\/podcast\/#breadcrumb","itemListElement":[{"@type":"ListItem","position":1,"name":"Home","item":"https:\/\/www.cloudbeds.com\/pt-br\/"},{"@type":"ListItem","position":2,"name":"Panorama da hotelaria independente 2025","item":"https:\/\/www.cloudbeds.com\/pt-br\/relatorio-hotelaria\/"},{"@type":"ListItem","position":3,"name":"Ou\u00e7a a an\u00e1lise do relat\u00f3rio"}]},{"@type":"WebSite","@id":"https:\/\/www.cloudbeds.com\/#website","url":"https:\/\/www.cloudbeds.com\/","name":"Cloudbeds","description":"#1 Hotel Management Software - Cloud-Based, Unified Platform","publisher":{"@id":"https:\/\/www.cloudbeds.com\/#organization"},"potentialAction":[{"@type":"SearchAction","target":{"@type":"EntryPoint","urlTemplate":"https:\/\/www.cloudbeds.com\/?s={search_term_string}"},"query-input":{"@type":"PropertyValueSpecification","valueRequired":true,"valueName":"search_term_string"}}],"inLanguage":"pt-BR"},{"@type":"Organization","@id":"https:\/\/www.cloudbeds.com\/#organization","name":"Cloudbeds","alternateName":"Cloudbeds Digital Arbitrage","url":"https:\/\/www.cloudbeds.com\/","logo":{"@type":"ImageObject","inLanguage":"pt-BR","@id":"https:\/\/www.cloudbeds.com\/#\/schema\/logo\/image\/","url":"https:\/\/www.cloudbeds.com\/wp-content\/uploads\/2025\/08\/logo-footer.svg","contentUrl":"https:\/\/www.cloudbeds.com\/wp-content\/uploads\/2025\/08\/logo-footer.svg","width":240,"height":35,"caption":"Cloudbeds"},"image":{"@id":"https:\/\/www.cloudbeds.com\/#\/schema\/logo\/image\/"},"sameAs":["https:\/\/www.facebook.com\/Cloudbeds\/","https:\/\/x.com\/Cloudbeds","https:\/\/www.linkedin.com\/company\/cloudbeds\/","https:\/\/www.youtube.com\/channel\/UCyfR7GappZBy-uziWO9WLdQ"],"description":"Cloudbeds is hospitality\u2019s only intelligent growth engine \u2014 a unified platform trusted by the world\u2019s most ambitious hoteliers across 150 countries. Built to challenge the limits of outdated tech stacks, Cloudbeds connects operations, revenue, distribution, and guest experience in one powerful, intuitive system. The platform is enhanced with Signals, a hospitality AI model giving hoteliers the power to anticipate demand, run smarter operations, and craft more personal, profitable guest journeys at scale. Founded in 2012, Cloudbeds has earned top honors from Hotel Tech Report (Top PMS, Hotel Management System, and Channel Manager, 2021\u20132026), the World Travel Awards (World\u2019s Best Hotel PMS Solutions Provider, 2022), and Deloitte\u2019s Technology Fast 500 (2025).","legalName":"Cloudbeds Digital Arbitrage","foundingDate":"2012-10-10","numberOfEmployees":{"@type":"QuantitativeValue","minValue":"501","maxValue":"1000"},"publishingPrinciples":"https:\/\/www.cloudbeds.com\/es\/centro-recursos\/","ownershipFundingInfo":"https:\/\/www.cloudbeds.com\/our-story\/"}]}},"_links":{"self":[{"href":"https:\/\/www.cloudbeds.com\/pt-br\/wp-json\/wp\/v2\/pages\/47428","targetHints":{"allow":["GET"]}}],"collection":[{"href":"https:\/\/www.cloudbeds.com\/pt-br\/wp-json\/wp\/v2\/pages"}],"about":[{"href":"https:\/\/www.cloudbeds.com\/pt-br\/wp-json\/wp\/v2\/types\/page"}],"author":[{"embeddable":true,"href":"https:\/\/www.cloudbeds.com\/pt-br\/wp-json\/wp\/v2\/users\/42"}],"replies":[{"embeddable":true,"href":"https:\/\/www.cloudbeds.com\/pt-br\/wp-json\/wp\/v2\/comments?post=47428"}],"version-history":[{"count":0,"href":"https:\/\/www.cloudbeds.com\/pt-br\/wp-json\/wp\/v2\/pages\/47428\/revisions"}],"up":[{"embeddable":true,"href":"https:\/\/www.cloudbeds.com\/pt-br\/wp-json\/wp\/v2\/pages\/47424"}],"wp:featuredmedia":[{"embeddable":true,"href":"https:\/\/www.cloudbeds.com\/pt-br\/wp-json\/wp\/v2\/media\/47188"}],"wp:attachment":[{"href":"https:\/\/www.cloudbeds.com\/pt-br\/wp-json\/wp\/v2\/media?parent=47428"}],"wp:term":[{"taxonomy":"category","embeddable":true,"href":"https:\/\/www.cloudbeds.com\/pt-br\/wp-json\/wp\/v2\/categories?post=47428"},{"taxonomy":"wf_page_folders","embeddable":true,"href":"https:\/\/www.cloudbeds.com\/pt-br\/wp-json\/wp\/v2\/wf_page_folders?post=47428"}],"curies":[{"name":"wp","href":"https:\/\/api.w.org\/{rel}","templated":true}]}}