{"id":50689,"date":"2025-10-06T12:25:17","date_gmt":"2025-10-06T19:25:17","guid":{"rendered":"https:\/\/cbdev2.cloudbeds.com\/?page_id=50689"},"modified":"2025-10-16T08:45:25","modified_gmt":"2025-10-16T15:45:25","slug":"vantagens","status":"publish","type":"page","link":"https:\/\/www.cloudbeds.com\/pt-br\/agencias-de-viagem-online\/vantagens\/","title":{"rendered":"5 vantagens de usar as ag\u00eancias de viagem online"},"content":{"rendered":"\n<figure class=\"wp-block-image size-full is-resized\"><img loading=\"lazy\" decoding=\"async\" width=\"1200\" height=\"630\" src=\"https:\/\/www.cloudbeds.com\/wp-content\/uploads\/2023\/10\/featured_OTA_benefits.png\" alt=\"Benefits of Using Online Travel Agencies\" class=\"wp-image-37351\" style=\"width:1000px;height:auto\" srcset=\"https:\/\/www.cloudbeds.com\/wp-content\/uploads\/2023\/10\/featured_OTA_benefits.png 1200w, https:\/\/www.cloudbeds.com\/wp-content\/uploads\/2023\/10\/featured_OTA_benefits-768x403.png 768w\" sizes=\"auto, (max-width: 1200px) 100vw, 1200px\" \/><\/figure>\n\n\n\n<div class=\"wp-block-group has-stix-two-text-font-family is-vertical is-layout-flex wp-container-core-group-is-layout-a3787630 wp-block-group-is-layout-flex\" style=\"margin-top:var(--wp--preset--spacing--60);margin-bottom:0\">\n<h2 class=\"wp-block-heading has-3-x-large-font-size\" id=\"conveni\u00eancia\" style=\"margin-bottom:0\">1. Conveni\u00eancia<\/h2>\n\n\n\n<p>Com tantas informa\u00e7\u00f5es online hoje em dia, os turistas usam as OTAs para navegar com facilidade e reservar acomoda\u00e7\u00f5es por um site confi\u00e1vel. As OTAs fornecem a conveni\u00eancia das compara\u00e7\u00f5es de pre\u00e7o, localiza\u00e7\u00e3o e tipo de propriedade. A capacidade de filtrar milhares de propriedades para chegar a uma que atenda \u00e0s suas metas de viagem \u00e9 uma ferramenta inestim\u00e1vel que economiza horas do seu tempo.<\/p>\n\n\n\n<h2 class=\"wp-block-heading has-3-x-large-font-size\" id=\"fidelidade\" style=\"margin-bottom:0\">2. Programas de fidelidade<\/h2>\n\n\n\n<p>OTAs maiores t\u00eam programas de fidelidade que recompensam os turistas por reservarem v\u00e1rias viagens pelo site, incluindo quartos (ou camas), aluguel de carros, passagens a\u00e9reas e atividades. Por exemplo, o novo <a href=\"https:\/\/welcome.expediagroup.com\/en\/tools\/hotel-marketing-and-promotion-tools-in-expedia-partner-central\/one-key\" target=\"_blank\" rel=\"noreferrer noopener\">programa de recompensas One Key<\/a> d\u00e1 aos turistas a flexibilidade de ganhar e usar recompensas no Expedia Group com OneKeyCash.<\/p>\n<\/div>\n\n\n\n<div class=\"wp-block-group has-stix-two-text-font-family is-vertical is-layout-flex wp-container-core-group-is-layout-a3787630 wp-block-group-is-layout-flex\" style=\"margin-top:var(--wp--preset--spacing--60);margin-bottom:0\">\n<h2 class=\"wp-block-heading has-3-x-large-font-size\" id=\"pre\u00e7o\" style=\"margin-bottom:0\">3. Decis\u00f5es com base no pre\u00e7o<\/h2>\n\n\n\n<p style=\"line-height:1.5\">As ag\u00eancias de viagens online costumam ser consideradas os locais mais baratos de reservar e melhores para encontrar ofertas de pacotes. Embora muitas marcas de hot\u00e9is tenham tentado mudar essa percep\u00e7\u00e3o promovendo campanhas e estrat\u00e9gias de reservas diretas, as OTAs ainda se beneficiam por serem consideradas l\u00edderes de baixo custo.<\/p>\n\n\n\n<p>Por exemplo, a Agoda tem uma se\u00e7\u00e3o <a href=\"https:\/\/www.agoda.com\/pt-br\/deals?cid=1844104&amp;ds=syaDp9TMtbNQzWjk\" target=\"_blank\" rel=\"noreferrer noopener\">&#8220;Cupons e Promo\u00e7\u00f5es<\/a>&#8221; no seu site oferecendo promo\u00e7\u00f5es di\u00e1rias e economias espont\u00e2neas. Todos os dias, essas ofertas mudam e incluem incentivos como cupons de percentual de desconto e tarifas especiais em determinadas propriedades. \u00c9 dif\u00edcil para os consumidores deixarem passar ofertas desse tipo e elas ajudam a aumentar a probabilidade de gerar uma reserva.<\/p>\n\n\n\n<h2 class=\"wp-block-heading has-3-x-large-font-size\" id=\"marketing\" style=\"margin-bottom:0\">4. Grandes or\u00e7amentos de publicidade e marketing<\/h2>\n\n\n\n<p>Campanhas publicit\u00e1rias focadas em descontos e ofertas ajudam a moldar a no\u00e7\u00e3o do consumidor de que as OTAs s\u00e3o os melhores lugares para reservar. A <a href=\"https:\/\/skift.com\/2023\/02\/12\/travels-super-bowl-ads-forfeit-storytelling-for-star-power\/#:~:text=Companies%20including%20Booking.com%2C%20Virgin,mixed%20media%20campaigns%20accompanying%20them.\" target=\"_blank\" rel=\"noreferrer noopener\">Skift relata<\/a> que o pre\u00e7o de um espa\u00e7o de 30 segundos no Super Bowl para o jogo de 2023 era US$ 7 milh\u00f5es, com a Booking.com aparecendo no \u00faltimo quarto com seu an\u00fancio Booking.yeah.<\/p>\n\n\n\n<p>As ag\u00eancias de viagens online t\u00eam um prop\u00f3sito: fazer com que o invent\u00e1rio delas, incluindo o seu, esteja diante da pessoa certa no momento certo. Elas est\u00e3o sempre criando novas maneiras inovadoras de colocar as acomoda\u00e7\u00f5es e tarifas diante dos viajantes. Obviamente, o custo dessa inova\u00e7\u00e3o \u00e9 como elas justificam as taxas e comiss\u00f5es cobradas das propriedades anunciadas em suas plataformas.<\/p>\n<\/div>\n\n\n\n<div style=\"height:22px\" aria-hidden=\"true\" class=\"wp-block-spacer\"><\/div>\n\n\n\n<figure class=\"wp-block-embed is-type-video is-provider-youtube wp-block-embed-youtube wp-embed-aspect-16-9 wp-has-aspect-ratio\"><div class=\"wp-block-embed__wrapper\">\n<iframe loading=\"lazy\" title=\"Get your stay ridiculously right \u2502 Booking.com 2025 Big Game Ad\" width=\"500\" height=\"281\" src=\"https:\/\/www.youtube.com\/embed\/laBjQ9uJDg8?feature=oembed\" frameborder=\"0\" allow=\"accelerometer; autoplay; clipboard-write; encrypted-media; gyroscope; picture-in-picture; web-share\" referrerpolicy=\"strict-origin-when-cross-origin\" allowfullscreen><\/iframe>\n<\/div><\/figure>\n\n\n\n<div class=\"wp-block-group has-stix-two-text-font-family is-vertical is-layout-flex wp-container-core-group-is-layout-a3787630 wp-block-group-is-layout-flex\" style=\"margin-top:var(--wp--preset--spacing--60);margin-bottom:0\">\n<h2 class=\"wp-block-heading has-3-x-large-font-size\" id=\"seguros\" style=\"margin-bottom:0\">5. Pagamentos globais seguros e prote\u00e7\u00e3o ao turista<\/h2>\n\n\n\n<p style=\"line-height:1.5\">As OTAs oferecem aos turistas a capacidade de concluir transa\u00e7\u00f5es de pagamento seguras e protegidas na sua moeda preferida. Elas oferecem suporte a v\u00e1rias formas de pagamento, dependendo da localiza\u00e7\u00e3o, dando aos turistas a flexibilidade que muitas propriedades independentes n\u00e3o conseguem oferecer, a menos que usem um processamento de pagamentos seguro e integrado (que a <a href=\"https:\/\/www.cloudbeds.com\/pt-br\/pagamentos\/\" target=\"_blank\" rel=\"noreferrer noopener\">Plataforma da Cloudbeds<\/a> oferece), equipado para enviar dados de hotelaria aos bancos e tamb\u00e9m capaz de lidar com v\u00e1rias formas de pagamento e moedas.&nbsp;<\/p>\n\n\n\n<p style=\"margin-bottom:0\">Al\u00e9m disso, as OTAs geralmente oferecem prote\u00e7\u00e3o ao turista para proporcionar tranquilidade durante a reserva. No ano passado, o Airbnb lan\u00e7ou o Aircover, uma prote\u00e7\u00e3o gratuita a turistas, inclusa para todos os h\u00f3spedes. Seu objetivo \u00e9 ajudar a fornecer reembolsos ou novas acomoda\u00e7\u00f5es se voc\u00ea tiver um problema como cancelamento por parte do anfitri\u00e3o, dificuldades no check-in ou falta de algum servi\u00e7o importante.<\/p>\n<\/div>\n","protected":false},"excerpt":{"rendered":"<p>Os viajantes confiam nas OTAs. Use essa confian\u00e7a a seu favor e transforme a presen\u00e7a global delas em reservas que complementem (e n\u00e3o concorram) sua estrat\u00e9gia direta.<\/p>\n","protected":false},"author":93,"featured_media":37351,"parent":50687,"menu_order":0,"comment_status":"closed","ping_status":"closed","template":"content-hub-page","meta":{"_acf_changed":false,"footnotes":""},"categories":[],"wf_page_folders":[11383],"class_list":["post-50689","page","type-page","status-publish","has-post-thumbnail","hentry"],"acf":[],"yoast_head":"<!-- This site is optimized with the Yoast SEO Premium plugin v27.0 (Yoast SEO v27.0) - https:\/\/yoast.com\/product\/yoast-seo-premium-wordpress\/ -->\n<title>5 Vantagens de Usar as Ag\u00eancias de Viagem Online<\/title>\n<meta name=\"description\" content=\"Por que os viajantes usam ag\u00eancias de viagem online? Aqui explicamos alguns dos principais benef\u00edcios das OTAs para os viajantes.\" \/>\n<meta name=\"robots\" content=\"index, follow, max-snippet:-1, max-image-preview:large, max-video-preview:-1\" \/>\n<link rel=\"canonical\" href=\"https:\/\/www.cloudbeds.com\/pt-br\/agencias-de-viagem-online\/vantagens\/\" \/>\n<meta property=\"og:locale\" content=\"pt_BR\" \/>\n<meta property=\"og:type\" content=\"article\" \/>\n<meta property=\"og:title\" content=\"5 Vantagens de Usar as Ag\u00eancias de Viagem Online\" \/>\n<meta property=\"og:description\" content=\"Por que os viajantes usam ag\u00eancias de viagem online? Aqui explicamos alguns dos principais benef\u00edcios das OTAs para os viajantes.\" \/>\n<meta property=\"og:url\" content=\"https:\/\/www.cloudbeds.com\/pt-br\/agencias-de-viagem-online\/vantagens\/\" \/>\n<meta property=\"og:site_name\" content=\"Cloudbeds\" \/>\n<meta property=\"article:publisher\" content=\"https:\/\/www.facebook.com\/Cloudbeds\/\" \/>\n<meta property=\"article:modified_time\" content=\"2025-10-16T15:45:25+00:00\" \/>\n<meta property=\"og:image\" content=\"https:\/\/www.cloudbeds.com\/wp-content\/uploads\/2023\/10\/featured_OTA_benefits.png\" \/>\n\t<meta property=\"og:image:width\" content=\"1200\" \/>\n\t<meta property=\"og:image:height\" content=\"630\" \/>\n\t<meta property=\"og:image:type\" content=\"image\/png\" \/>\n<meta name=\"twitter:card\" content=\"summary_large_image\" \/>\n<meta name=\"twitter:site\" content=\"@Cloudbeds\" \/>\n<script type=\"application\/ld+json\" class=\"yoast-schema-graph\">{\"@context\":\"https:\/\/schema.org\",\"@graph\":[{\"@type\":\"WebPage\",\"@id\":\"https:\/\/www.cloudbeds.com\/pt-br\/agencias-de-viagem-online\/vantagens\/\",\"url\":\"https:\/\/www.cloudbeds.com\/pt-br\/agencias-de-viagem-online\/vantagens\/\",\"name\":\"5 Vantagens de Usar as Ag\u00eancias de Viagem Online\",\"isPartOf\":{\"@id\":\"https:\/\/www.cloudbeds.com\/#website\"},\"primaryImageOfPage\":{\"@id\":\"https:\/\/www.cloudbeds.com\/pt-br\/agencias-de-viagem-online\/vantagens\/#primaryimage\"},\"image\":{\"@id\":\"https:\/\/www.cloudbeds.com\/pt-br\/agencias-de-viagem-online\/vantagens\/#primaryimage\"},\"thumbnailUrl\":\"https:\/\/www.cloudbeds.com\/wp-content\/uploads\/2023\/10\/featured_OTA_benefits.png\",\"datePublished\":\"2025-10-06T19:25:17+00:00\",\"dateModified\":\"2025-10-16T15:45:25+00:00\",\"description\":\"Por que os viajantes usam ag\u00eancias de viagem online? Aqui explicamos alguns dos principais benef\u00edcios das OTAs para os viajantes.\",\"breadcrumb\":{\"@id\":\"https:\/\/www.cloudbeds.com\/pt-br\/agencias-de-viagem-online\/vantagens\/#breadcrumb\"},\"inLanguage\":\"pt-BR\",\"potentialAction\":[{\"@type\":\"ReadAction\",\"target\":[\"https:\/\/www.cloudbeds.com\/pt-br\/agencias-de-viagem-online\/vantagens\/\"]}]},{\"@type\":\"ImageObject\",\"inLanguage\":\"pt-BR\",\"@id\":\"https:\/\/www.cloudbeds.com\/pt-br\/agencias-de-viagem-online\/vantagens\/#primaryimage\",\"url\":\"https:\/\/www.cloudbeds.com\/wp-content\/uploads\/2023\/10\/featured_OTA_benefits.png\",\"contentUrl\":\"https:\/\/www.cloudbeds.com\/wp-content\/uploads\/2023\/10\/featured_OTA_benefits.png\",\"width\":1200,\"height\":630,\"caption\":\"Benefits of Using Online Travel Agencies\"},{\"@type\":\"BreadcrumbList\",\"@id\":\"https:\/\/www.cloudbeds.com\/pt-br\/agencias-de-viagem-online\/vantagens\/#breadcrumb\",\"itemListElement\":[{\"@type\":\"ListItem\",\"position\":1,\"name\":\"Home\",\"item\":\"https:\/\/www.cloudbeds.com\/pt-br\/\"},{\"@type\":\"ListItem\",\"position\":2,\"name\":\"O que s\u00e3o as ag\u00eancias de viagem online? O guia definitivo das OTAs\",\"item\":\"https:\/\/www.cloudbeds.com\/pt-br\/agencias-de-viagem-online\/\"},{\"@type\":\"ListItem\",\"position\":3,\"name\":\"5 vantagens de usar as ag\u00eancias de viagem online\"}]},{\"@type\":\"WebSite\",\"@id\":\"https:\/\/www.cloudbeds.com\/#website\",\"url\":\"https:\/\/www.cloudbeds.com\/\",\"name\":\"Cloudbeds\",\"description\":\"#1 Hotel Management Software - Cloud-Based, Unified Platform\",\"publisher\":{\"@id\":\"https:\/\/www.cloudbeds.com\/#organization\"},\"potentialAction\":[{\"@type\":\"SearchAction\",\"target\":{\"@type\":\"EntryPoint\",\"urlTemplate\":\"https:\/\/www.cloudbeds.com\/?s={search_term_string}\"},\"query-input\":{\"@type\":\"PropertyValueSpecification\",\"valueRequired\":true,\"valueName\":\"search_term_string\"}}],\"inLanguage\":\"pt-BR\"},{\"@type\":\"Organization\",\"@id\":\"https:\/\/www.cloudbeds.com\/#organization\",\"name\":\"Cloudbeds\",\"alternateName\":\"Cloudbeds Digital Arbitrage\",\"url\":\"https:\/\/www.cloudbeds.com\/\",\"logo\":{\"@type\":\"ImageObject\",\"inLanguage\":\"pt-BR\",\"@id\":\"https:\/\/www.cloudbeds.com\/#\/schema\/logo\/image\/\",\"url\":\"https:\/\/www.cloudbeds.com\/wp-content\/uploads\/2025\/08\/logo-footer.svg\",\"contentUrl\":\"https:\/\/www.cloudbeds.com\/wp-content\/uploads\/2025\/08\/logo-footer.svg\",\"width\":240,\"height\":35,\"caption\":\"Cloudbeds\"},\"image\":{\"@id\":\"https:\/\/www.cloudbeds.com\/#\/schema\/logo\/image\/\"},\"sameAs\":[\"https:\/\/www.facebook.com\/Cloudbeds\/\",\"https:\/\/x.com\/Cloudbeds\",\"https:\/\/www.linkedin.com\/company\/cloudbeds\/\",\"https:\/\/www.youtube.com\/channel\/UCyfR7GappZBy-uziWO9WLdQ\"],\"description\":\"Cloudbeds is hospitality\u2019s only intelligent growth engine \u2014 a unified platform trusted by the world\u2019s most ambitious hoteliers across 150 countries. Built to challenge the limits of outdated tech stacks, Cloudbeds connects operations, revenue, distribution, and guest experience in one powerful, intuitive system. The platform is enhanced with Signals, a hospitality AI model giving hoteliers the power to anticipate demand, run smarter operations, and craft more personal, profitable guest journeys at scale. Founded in 2012, Cloudbeds has earned top honors from Hotel Tech Report (Top PMS, Hotel Management System, and Channel Manager, 2021\u20132026), the World Travel Awards (World\u2019s Best Hotel PMS Solutions Provider, 2022), and Deloitte\u2019s Technology Fast 500 (2025).\",\"legalName\":\"Cloudbeds Digital Arbitrage\",\"foundingDate\":\"2012-10-10\",\"numberOfEmployees\":{\"@type\":\"QuantitativeValue\",\"minValue\":\"501\",\"maxValue\":\"1000\"},\"publishingPrinciples\":\"https:\/\/www.cloudbeds.com\/es\/centro-recursos\/\",\"ownershipFundingInfo\":\"https:\/\/www.cloudbeds.com\/our-story\/\"}]}<\/script>\n<!-- \/ Yoast SEO Premium plugin. -->","yoast_head_json":{"title":"5 Vantagens de Usar as Ag\u00eancias de Viagem Online","description":"Por que os viajantes usam ag\u00eancias de viagem online? Aqui explicamos alguns dos principais benef\u00edcios das OTAs para os viajantes.","robots":{"index":"index","follow":"follow","max-snippet":"max-snippet:-1","max-image-preview":"max-image-preview:large","max-video-preview":"max-video-preview:-1"},"canonical":"https:\/\/www.cloudbeds.com\/pt-br\/agencias-de-viagem-online\/vantagens\/","og_locale":"pt_BR","og_type":"article","og_title":"5 Vantagens de Usar as Ag\u00eancias de Viagem Online","og_description":"Por que os viajantes usam ag\u00eancias de viagem online? Aqui explicamos alguns dos principais benef\u00edcios das OTAs para os viajantes.","og_url":"https:\/\/www.cloudbeds.com\/pt-br\/agencias-de-viagem-online\/vantagens\/","og_site_name":"Cloudbeds","article_publisher":"https:\/\/www.facebook.com\/Cloudbeds\/","article_modified_time":"2025-10-16T15:45:25+00:00","og_image":[{"width":1200,"height":630,"url":"https:\/\/www.cloudbeds.com\/wp-content\/uploads\/2023\/10\/featured_OTA_benefits.png","type":"image\/png"}],"twitter_card":"summary_large_image","twitter_site":"@Cloudbeds","schema":{"@context":"https:\/\/schema.org","@graph":[{"@type":"WebPage","@id":"https:\/\/www.cloudbeds.com\/pt-br\/agencias-de-viagem-online\/vantagens\/","url":"https:\/\/www.cloudbeds.com\/pt-br\/agencias-de-viagem-online\/vantagens\/","name":"5 Vantagens de Usar as Ag\u00eancias de Viagem Online","isPartOf":{"@id":"https:\/\/www.cloudbeds.com\/#website"},"primaryImageOfPage":{"@id":"https:\/\/www.cloudbeds.com\/pt-br\/agencias-de-viagem-online\/vantagens\/#primaryimage"},"image":{"@id":"https:\/\/www.cloudbeds.com\/pt-br\/agencias-de-viagem-online\/vantagens\/#primaryimage"},"thumbnailUrl":"https:\/\/www.cloudbeds.com\/wp-content\/uploads\/2023\/10\/featured_OTA_benefits.png","datePublished":"2025-10-06T19:25:17+00:00","dateModified":"2025-10-16T15:45:25+00:00","description":"Por que os viajantes usam ag\u00eancias de viagem online? Aqui explicamos alguns dos principais benef\u00edcios das OTAs para os viajantes.","breadcrumb":{"@id":"https:\/\/www.cloudbeds.com\/pt-br\/agencias-de-viagem-online\/vantagens\/#breadcrumb"},"inLanguage":"pt-BR","potentialAction":[{"@type":"ReadAction","target":["https:\/\/www.cloudbeds.com\/pt-br\/agencias-de-viagem-online\/vantagens\/"]}]},{"@type":"ImageObject","inLanguage":"pt-BR","@id":"https:\/\/www.cloudbeds.com\/pt-br\/agencias-de-viagem-online\/vantagens\/#primaryimage","url":"https:\/\/www.cloudbeds.com\/wp-content\/uploads\/2023\/10\/featured_OTA_benefits.png","contentUrl":"https:\/\/www.cloudbeds.com\/wp-content\/uploads\/2023\/10\/featured_OTA_benefits.png","width":1200,"height":630,"caption":"Benefits of Using Online Travel Agencies"},{"@type":"BreadcrumbList","@id":"https:\/\/www.cloudbeds.com\/pt-br\/agencias-de-viagem-online\/vantagens\/#breadcrumb","itemListElement":[{"@type":"ListItem","position":1,"name":"Home","item":"https:\/\/www.cloudbeds.com\/pt-br\/"},{"@type":"ListItem","position":2,"name":"O que s\u00e3o as ag\u00eancias de viagem online? O guia definitivo das OTAs","item":"https:\/\/www.cloudbeds.com\/pt-br\/agencias-de-viagem-online\/"},{"@type":"ListItem","position":3,"name":"5 vantagens de usar as ag\u00eancias de viagem online"}]},{"@type":"WebSite","@id":"https:\/\/www.cloudbeds.com\/#website","url":"https:\/\/www.cloudbeds.com\/","name":"Cloudbeds","description":"#1 Hotel Management Software - Cloud-Based, Unified Platform","publisher":{"@id":"https:\/\/www.cloudbeds.com\/#organization"},"potentialAction":[{"@type":"SearchAction","target":{"@type":"EntryPoint","urlTemplate":"https:\/\/www.cloudbeds.com\/?s={search_term_string}"},"query-input":{"@type":"PropertyValueSpecification","valueRequired":true,"valueName":"search_term_string"}}],"inLanguage":"pt-BR"},{"@type":"Organization","@id":"https:\/\/www.cloudbeds.com\/#organization","name":"Cloudbeds","alternateName":"Cloudbeds Digital Arbitrage","url":"https:\/\/www.cloudbeds.com\/","logo":{"@type":"ImageObject","inLanguage":"pt-BR","@id":"https:\/\/www.cloudbeds.com\/#\/schema\/logo\/image\/","url":"https:\/\/www.cloudbeds.com\/wp-content\/uploads\/2025\/08\/logo-footer.svg","contentUrl":"https:\/\/www.cloudbeds.com\/wp-content\/uploads\/2025\/08\/logo-footer.svg","width":240,"height":35,"caption":"Cloudbeds"},"image":{"@id":"https:\/\/www.cloudbeds.com\/#\/schema\/logo\/image\/"},"sameAs":["https:\/\/www.facebook.com\/Cloudbeds\/","https:\/\/x.com\/Cloudbeds","https:\/\/www.linkedin.com\/company\/cloudbeds\/","https:\/\/www.youtube.com\/channel\/UCyfR7GappZBy-uziWO9WLdQ"],"description":"Cloudbeds is hospitality\u2019s only intelligent growth engine \u2014 a unified platform trusted by the world\u2019s most ambitious hoteliers across 150 countries. Built to challenge the limits of outdated tech stacks, Cloudbeds connects operations, revenue, distribution, and guest experience in one powerful, intuitive system. The platform is enhanced with Signals, a hospitality AI model giving hoteliers the power to anticipate demand, run smarter operations, and craft more personal, profitable guest journeys at scale. Founded in 2012, Cloudbeds has earned top honors from Hotel Tech Report (Top PMS, Hotel Management System, and Channel Manager, 2021\u20132026), the World Travel Awards (World\u2019s Best Hotel PMS Solutions Provider, 2022), and Deloitte\u2019s Technology Fast 500 (2025).","legalName":"Cloudbeds Digital Arbitrage","foundingDate":"2012-10-10","numberOfEmployees":{"@type":"QuantitativeValue","minValue":"501","maxValue":"1000"},"publishingPrinciples":"https:\/\/www.cloudbeds.com\/es\/centro-recursos\/","ownershipFundingInfo":"https:\/\/www.cloudbeds.com\/our-story\/"}]}},"_links":{"self":[{"href":"https:\/\/www.cloudbeds.com\/pt-br\/wp-json\/wp\/v2\/pages\/50689","targetHints":{"allow":["GET"]}}],"collection":[{"href":"https:\/\/www.cloudbeds.com\/pt-br\/wp-json\/wp\/v2\/pages"}],"about":[{"href":"https:\/\/www.cloudbeds.com\/pt-br\/wp-json\/wp\/v2\/types\/page"}],"author":[{"embeddable":true,"href":"https:\/\/www.cloudbeds.com\/pt-br\/wp-json\/wp\/v2\/users\/93"}],"replies":[{"embeddable":true,"href":"https:\/\/www.cloudbeds.com\/pt-br\/wp-json\/wp\/v2\/comments?post=50689"}],"version-history":[{"count":0,"href":"https:\/\/www.cloudbeds.com\/pt-br\/wp-json\/wp\/v2\/pages\/50689\/revisions"}],"up":[{"embeddable":true,"href":"https:\/\/www.cloudbeds.com\/pt-br\/wp-json\/wp\/v2\/pages\/50687"}],"wp:featuredmedia":[{"embeddable":true,"href":"https:\/\/www.cloudbeds.com\/pt-br\/wp-json\/wp\/v2\/media\/37351"}],"wp:attachment":[{"href":"https:\/\/www.cloudbeds.com\/pt-br\/wp-json\/wp\/v2\/media?parent=50689"}],"wp:term":[{"taxonomy":"category","embeddable":true,"href":"https:\/\/www.cloudbeds.com\/pt-br\/wp-json\/wp\/v2\/categories?post=50689"},{"taxonomy":"wf_page_folders","embeddable":true,"href":"https:\/\/www.cloudbeds.com\/pt-br\/wp-json\/wp\/v2\/wf_page_folders?post=50689"}],"curies":[{"name":"wp","href":"https:\/\/api.w.org\/{rel}","templated":true}]}}