{"id":50935,"date":"2025-10-14T09:06:56","date_gmt":"2025-10-14T16:06:56","guid":{"rendered":"https:\/\/cbdev2.cloudbeds.com\/?page_id=50935"},"modified":"2025-10-14T09:06:57","modified_gmt":"2025-10-14T16:06:57","slug":"diretorio","status":"publish","type":"page","link":"https:\/\/www.cloudbeds.com\/pt-br\/agencias-de-viagem-online\/diretorio\/","title":{"rendered":"Lista de ag\u00eancias de viagem online (diret\u00f3rio de OTAs)"},"content":{"rendered":"\n<figure class=\"wp-block-image size-full is-resized\"><img loading=\"lazy\" decoding=\"async\" width=\"1200\" height=\"630\" src=\"https:\/\/www.cloudbeds.com\/wp-content\/uploads\/2023\/10\/featured_directory.png\" alt=\"OTA Directory\" class=\"wp-image-37357\" style=\"width:1000px;height:auto\" srcset=\"https:\/\/www.cloudbeds.com\/wp-content\/uploads\/2023\/10\/featured_directory.png 1200w, https:\/\/www.cloudbeds.com\/wp-content\/uploads\/2023\/10\/featured_directory-768x403.png 768w\" sizes=\"auto, (max-width: 1200px) 100vw, 1200px\" \/><\/figure>\n\n\n\n<div class=\"wp-block-group has-stix-two-text-font-family is-vertical is-layout-flex wp-container-core-group-is-layout-a3787630 wp-block-group-is-layout-flex\" style=\"margin-top:var(--wp--preset--spacing--60);margin-bottom:0\">\n<p class=\"has-stix-two-text-font-family has-3-x-large-font-size\" style=\"line-height:1.5\">Agora voc\u00ea est\u00e1 pronto para usar a se\u00e7\u00e3o a seguir para criar seu mix ideal de canais!<\/p>\n\n\n\n<p>N\u00e3o deixe de incorporar as OTAs principais, regionais e de nicho para alcan\u00e7ar a maioria dos turistas e se beneficiar do efeito outdoor.<\/p>\n\n\n\n<p>Lembre-se, as taxas de comiss\u00e3o variam de acordo com o modelo de neg\u00f3cios da OTA:<\/p>\n\n\n\n<ul class=\"wp-block-list\">\n<li>As comiss\u00f5es do modelo de ag\u00eancia geralmente oscilam de 5 a 15%.\u00a0<\/li>\n\n\n\n<li>Os modelos merchant normalmente exigem uma tarifa com desconto de 15 a 25% sobre a Melhor Tarifa Dispon\u00edvel (BAR).\u00a0<\/li>\n\n\n\n<li>Os canais de atacado normalmente exigem taxas com desconto adicionais sobre a BAR, geralmente ocultas e combinadas com voos e carros em um pacote de f\u00e9rias. As tarifas de atacado s\u00e3o normalmente disponibilizadas para outros distribuidores, como agentes de viagens, e n\u00e3o s\u00e3o vendidas diretamente para o consumidor final das viagens.\u00a0<\/li>\n\n\n\n<li>O GDS aceita todos os modelos de neg\u00f3cios.<\/li>\n<\/ul>\n\n\n\n<p>Como lembrete, aqui est\u00e1 a receita de mix de canais que voc\u00ea deve usar:<\/p>\n<\/div>\n\n\n\n<figure class=\"wp-block-image\"><img loading=\"lazy\" decoding=\"async\" width=\"1300\" height=\"2423\" src=\"https:\/\/www.cloudbeds.com\/wp-content\/uploads\/2022\/09\/channel_recipe_pt@2x.png\" alt=\"\" class=\"wp-image-31878\" srcset=\"https:\/\/www.cloudbeds.com\/wp-content\/uploads\/2022\/09\/channel_recipe_pt@2x.png 1300w, https:\/\/www.cloudbeds.com\/wp-content\/uploads\/2022\/09\/channel_recipe_pt@2x-768x1431.png 768w, https:\/\/www.cloudbeds.com\/wp-content\/uploads\/2022\/09\/channel_recipe_pt@2x-824x1536.png 824w, https:\/\/www.cloudbeds.com\/wp-content\/uploads\/2022\/09\/channel_recipe_pt@2x-1099x2048.png 1099w\" sizes=\"auto, (max-width: 1300px) 100vw, 1300px\" \/><\/figure>\n\n\n\n<div class=\"wp-block-group has-stix-two-text-font-family is-vertical is-layout-flex wp-container-core-group-is-layout-a3787630 wp-block-group-is-layout-flex\" style=\"margin-top:var(--wp--preset--spacing--60);margin-bottom:0\">\n<h2 class=\"wp-block-heading has-3-x-large-font-size\" id=\"h-diretorio-de-otas\">Diret\u00f3rio de OTAs<\/h2>\n\n\n\n<p>Para ver o perfil completo de cada OTA, incluindo as categorias, descri\u00e7\u00f5es, geografia, segmentos de p\u00fablico-alvo e tipos de propriedade atendidas, fa\u00e7a o download do o grande livros das OTAs.<\/p>\n\n\n\n<ul class=\"wp-block-list\">\n<li>9Flats<\/li>\n\n\n\n<li>Agoda<\/li>\n\n\n\n<li>Airbnb<\/li>\n\n\n\n<li>Altovita<\/li>\n\n\n\n<li>AsiaYo<\/li>\n\n\n\n<li>Atr\u00e1palo<\/li>\n\n\n\n<li>BBPlanet<\/li>\n\n\n\n<li>bedandbreakfast.eu<\/li>\n\n\n\n<li>bedandbreakfast.it<\/li>\n\n\n\n<li>bedandbreakfast.nlv Booking.com<\/li>\n\n\n\n<li>Coliving<\/li>\n\n\n\n<li>CVC<\/li>\n\n\n\n<li>Trip.com<\/li>\n\n\n\n<li>Decolar \/ Despegarv Dorms.com<\/li>\n\n\n\n<li>Ebab<\/li>\n\n\n\n<li>Edreams<\/li>\n\n\n\n<li>Expedia<\/li>\n\n\n\n<li>GlampingHub<\/li>\n\n\n\n<li>Goibibo<\/li>\n\n\n\n<li>Google Free Booking Links<\/li>\n\n\n\n<li>HipCamp<\/li>\n\n\n\n<li>Hopper<\/li>\n\n\n\n<li>HostelsClub<\/li>\n\n\n\n<li>HostelWorld<\/li>\n\n\n\n<li>HotelBeds<\/li>\n\n\n\n<li>Hotels.com<\/li>\n\n\n\n<li>HotelsCombined (Revato)<\/li>\n\n\n\n<li>HotelTonight<\/li>\n\n\n\n<li>Hotelnet<\/li>\n\n\n\n<li>Keytel (formerly Hotusa)<\/li>\n\n\n\n<li>HRS<\/li>\n\n\n\n<li>i-escape<\/li>\n\n\n\n<li>Icastelli.net<\/li>\n\n\n\n<li>Iko.travel<\/li>\n\n\n\n<li>Lastminute.com<\/li>\n\n\n\n<li>Mr &amp; Mrs Smith<\/li>\n\n\n\n<li>ODIGEO Connect<\/li>\n\n\n\n<li>PegiPegi<\/li>\n\n\n\n<li>Pitchup<\/li>\n\n\n\n<li>Prestigia<\/li>\n\n\n\n<li>Reconline<\/li>\n\n\n\n<li>Restel<\/li>\n\n\n\n<li>Speedybooker<\/li>\n\n\n\n<li>StayBonanza<\/li>\n\n\n\n<li>SurfHolidays<\/li>\n\n\n\n<li>Tablet Hotels<\/li>\n<\/ul>\n<\/div>\n\n\n\n<div style=\"height:22px\" aria-hidden=\"true\" class=\"wp-block-spacer\"><\/div>\n","protected":false},"excerpt":{"rendered":"<p>Sua estrat\u00e9gia ideal de OTAs n\u00e3o \u00e9 igual para todos. Baixe o diret\u00f3rio e descubra os canais que fazem sentido para o seu hotel.<\/p>\n","protected":false},"author":93,"featured_media":37357,"parent":50687,"menu_order":8,"comment_status":"closed","ping_status":"closed","template":"content-hub-page","meta":{"_acf_changed":true,"footnotes":""},"categories":[],"wf_page_folders":[11383],"class_list":["post-50935","page","type-page","status-publish","has-post-thumbnail","hentry"],"acf":[],"yoast_head":"<!-- This site is optimized with the Yoast SEO Premium plugin v27.0 (Yoast SEO v27.0) - https:\/\/yoast.com\/product\/yoast-seo-premium-wordpress\/ -->\n<title>Lista de Ag\u00eancias de Viagem Online (Diret\u00f3rio de OTAs 2025)<\/title>\n<meta name=\"description\" content=\"Mais de 90 ag\u00eancias de viagem online usadas por viajantes e meios de hospedagem. Ag\u00eancias globais, regionais e de nicho.\" \/>\n<meta name=\"robots\" content=\"index, follow, max-snippet:-1, max-image-preview:large, max-video-preview:-1\" \/>\n<link rel=\"canonical\" href=\"https:\/\/www.cloudbeds.com\/pt-br\/agencias-de-viagem-online\/diretorio\/\" \/>\n<meta property=\"og:locale\" content=\"pt_BR\" \/>\n<meta property=\"og:type\" content=\"article\" \/>\n<meta property=\"og:title\" content=\"Lista de Ag\u00eancias de Viagem Online (Diret\u00f3rio de OTAs 2025)\" \/>\n<meta property=\"og:description\" content=\"Mais de 90 ag\u00eancias de viagem online usadas por viajantes e meios de hospedagem. Ag\u00eancias globais, regionais e de nicho.\" \/>\n<meta property=\"og:url\" content=\"https:\/\/www.cloudbeds.com\/pt-br\/agencias-de-viagem-online\/diretorio\/\" \/>\n<meta property=\"og:site_name\" content=\"Cloudbeds\" \/>\n<meta property=\"article:publisher\" content=\"https:\/\/www.facebook.com\/Cloudbeds\/\" \/>\n<meta property=\"article:modified_time\" content=\"2025-10-14T16:06:57+00:00\" \/>\n<meta property=\"og:image\" content=\"https:\/\/www.cloudbeds.com\/wp-content\/uploads\/2023\/10\/featured_directory.png\" \/>\n\t<meta property=\"og:image:width\" content=\"1200\" \/>\n\t<meta property=\"og:image:height\" content=\"630\" \/>\n\t<meta property=\"og:image:type\" content=\"image\/png\" \/>\n<meta name=\"twitter:card\" content=\"summary_large_image\" \/>\n<meta name=\"twitter:site\" content=\"@Cloudbeds\" \/>\n<script type=\"application\/ld+json\" class=\"yoast-schema-graph\">{\"@context\":\"https:\/\/schema.org\",\"@graph\":[{\"@type\":\"WebPage\",\"@id\":\"https:\/\/www.cloudbeds.com\/pt-br\/agencias-de-viagem-online\/diretorio\/\",\"url\":\"https:\/\/www.cloudbeds.com\/pt-br\/agencias-de-viagem-online\/diretorio\/\",\"name\":\"Lista de Ag\u00eancias de Viagem Online (Diret\u00f3rio de OTAs 2025)\",\"isPartOf\":{\"@id\":\"https:\/\/www.cloudbeds.com\/#website\"},\"primaryImageOfPage\":{\"@id\":\"https:\/\/www.cloudbeds.com\/pt-br\/agencias-de-viagem-online\/diretorio\/#primaryimage\"},\"image\":{\"@id\":\"https:\/\/www.cloudbeds.com\/pt-br\/agencias-de-viagem-online\/diretorio\/#primaryimage\"},\"thumbnailUrl\":\"https:\/\/www.cloudbeds.com\/wp-content\/uploads\/2023\/10\/featured_directory.png\",\"datePublished\":\"2025-10-14T16:06:56+00:00\",\"dateModified\":\"2025-10-14T16:06:57+00:00\",\"description\":\"Mais de 90 ag\u00eancias de viagem online usadas por viajantes e meios de hospedagem. Ag\u00eancias globais, regionais e de nicho.\",\"breadcrumb\":{\"@id\":\"https:\/\/www.cloudbeds.com\/pt-br\/agencias-de-viagem-online\/diretorio\/#breadcrumb\"},\"inLanguage\":\"pt-BR\",\"potentialAction\":[{\"@type\":\"ReadAction\",\"target\":[\"https:\/\/www.cloudbeds.com\/pt-br\/agencias-de-viagem-online\/diretorio\/\"]}]},{\"@type\":\"ImageObject\",\"inLanguage\":\"pt-BR\",\"@id\":\"https:\/\/www.cloudbeds.com\/pt-br\/agencias-de-viagem-online\/diretorio\/#primaryimage\",\"url\":\"https:\/\/www.cloudbeds.com\/wp-content\/uploads\/2023\/10\/featured_directory.png\",\"contentUrl\":\"https:\/\/www.cloudbeds.com\/wp-content\/uploads\/2023\/10\/featured_directory.png\",\"width\":1200,\"height\":630,\"caption\":\"OTA Directory\"},{\"@type\":\"BreadcrumbList\",\"@id\":\"https:\/\/www.cloudbeds.com\/pt-br\/agencias-de-viagem-online\/diretorio\/#breadcrumb\",\"itemListElement\":[{\"@type\":\"ListItem\",\"position\":1,\"name\":\"Home\",\"item\":\"https:\/\/www.cloudbeds.com\/pt-br\/\"},{\"@type\":\"ListItem\",\"position\":2,\"name\":\"O que s\u00e3o as ag\u00eancias de viagem online? O guia definitivo das OTAs\",\"item\":\"https:\/\/www.cloudbeds.com\/pt-br\/agencias-de-viagem-online\/\"},{\"@type\":\"ListItem\",\"position\":3,\"name\":\"Lista de ag\u00eancias de viagem online (diret\u00f3rio de OTAs)\"}]},{\"@type\":\"WebSite\",\"@id\":\"https:\/\/www.cloudbeds.com\/#website\",\"url\":\"https:\/\/www.cloudbeds.com\/\",\"name\":\"Cloudbeds\",\"description\":\"#1 Hotel Management Software - Cloud-Based, Unified Platform\",\"publisher\":{\"@id\":\"https:\/\/www.cloudbeds.com\/#organization\"},\"potentialAction\":[{\"@type\":\"SearchAction\",\"target\":{\"@type\":\"EntryPoint\",\"urlTemplate\":\"https:\/\/www.cloudbeds.com\/?s={search_term_string}\"},\"query-input\":{\"@type\":\"PropertyValueSpecification\",\"valueRequired\":true,\"valueName\":\"search_term_string\"}}],\"inLanguage\":\"pt-BR\"},{\"@type\":\"Organization\",\"@id\":\"https:\/\/www.cloudbeds.com\/#organization\",\"name\":\"Cloudbeds\",\"alternateName\":\"Cloudbeds Digital Arbitrage\",\"url\":\"https:\/\/www.cloudbeds.com\/\",\"logo\":{\"@type\":\"ImageObject\",\"inLanguage\":\"pt-BR\",\"@id\":\"https:\/\/www.cloudbeds.com\/#\/schema\/logo\/image\/\",\"url\":\"https:\/\/www.cloudbeds.com\/wp-content\/uploads\/2025\/08\/logo-footer.svg\",\"contentUrl\":\"https:\/\/www.cloudbeds.com\/wp-content\/uploads\/2025\/08\/logo-footer.svg\",\"width\":240,\"height\":35,\"caption\":\"Cloudbeds\"},\"image\":{\"@id\":\"https:\/\/www.cloudbeds.com\/#\/schema\/logo\/image\/\"},\"sameAs\":[\"https:\/\/www.facebook.com\/Cloudbeds\/\",\"https:\/\/x.com\/Cloudbeds\",\"https:\/\/www.linkedin.com\/company\/cloudbeds\/\",\"https:\/\/www.youtube.com\/channel\/UCyfR7GappZBy-uziWO9WLdQ\"],\"description\":\"Cloudbeds is hospitality\u2019s only intelligent growth engine \u2014 a unified platform trusted by the world\u2019s most ambitious hoteliers across 150 countries. Built to challenge the limits of outdated tech stacks, Cloudbeds connects operations, revenue, distribution, and guest experience in one powerful, intuitive system. The platform is enhanced with Signals, a hospitality AI model giving hoteliers the power to anticipate demand, run smarter operations, and craft more personal, profitable guest journeys at scale. Founded in 2012, Cloudbeds has earned top honors from Hotel Tech Report (Top PMS, Hotel Management System, and Channel Manager, 2021\u20132026), the World Travel Awards (World\u2019s Best Hotel PMS Solutions Provider, 2022), and Deloitte\u2019s Technology Fast 500 (2025).\",\"legalName\":\"Cloudbeds Digital Arbitrage\",\"foundingDate\":\"2012-10-10\",\"numberOfEmployees\":{\"@type\":\"QuantitativeValue\",\"minValue\":\"501\",\"maxValue\":\"1000\"},\"publishingPrinciples\":\"https:\/\/www.cloudbeds.com\/es\/centro-recursos\/\",\"ownershipFundingInfo\":\"https:\/\/www.cloudbeds.com\/our-story\/\"}]}<\/script>\n<!-- \/ Yoast SEO Premium plugin. -->","yoast_head_json":{"title":"Lista de Ag\u00eancias de Viagem Online (Diret\u00f3rio de OTAs 2025)","description":"Mais de 90 ag\u00eancias de viagem online usadas por viajantes e meios de hospedagem. Ag\u00eancias globais, regionais e de nicho.","robots":{"index":"index","follow":"follow","max-snippet":"max-snippet:-1","max-image-preview":"max-image-preview:large","max-video-preview":"max-video-preview:-1"},"canonical":"https:\/\/www.cloudbeds.com\/pt-br\/agencias-de-viagem-online\/diretorio\/","og_locale":"pt_BR","og_type":"article","og_title":"Lista de Ag\u00eancias de Viagem Online (Diret\u00f3rio de OTAs 2025)","og_description":"Mais de 90 ag\u00eancias de viagem online usadas por viajantes e meios de hospedagem. Ag\u00eancias globais, regionais e de nicho.","og_url":"https:\/\/www.cloudbeds.com\/pt-br\/agencias-de-viagem-online\/diretorio\/","og_site_name":"Cloudbeds","article_publisher":"https:\/\/www.facebook.com\/Cloudbeds\/","article_modified_time":"2025-10-14T16:06:57+00:00","og_image":[{"width":1200,"height":630,"url":"https:\/\/www.cloudbeds.com\/wp-content\/uploads\/2023\/10\/featured_directory.png","type":"image\/png"}],"twitter_card":"summary_large_image","twitter_site":"@Cloudbeds","schema":{"@context":"https:\/\/schema.org","@graph":[{"@type":"WebPage","@id":"https:\/\/www.cloudbeds.com\/pt-br\/agencias-de-viagem-online\/diretorio\/","url":"https:\/\/www.cloudbeds.com\/pt-br\/agencias-de-viagem-online\/diretorio\/","name":"Lista de Ag\u00eancias de Viagem Online (Diret\u00f3rio de OTAs 2025)","isPartOf":{"@id":"https:\/\/www.cloudbeds.com\/#website"},"primaryImageOfPage":{"@id":"https:\/\/www.cloudbeds.com\/pt-br\/agencias-de-viagem-online\/diretorio\/#primaryimage"},"image":{"@id":"https:\/\/www.cloudbeds.com\/pt-br\/agencias-de-viagem-online\/diretorio\/#primaryimage"},"thumbnailUrl":"https:\/\/www.cloudbeds.com\/wp-content\/uploads\/2023\/10\/featured_directory.png","datePublished":"2025-10-14T16:06:56+00:00","dateModified":"2025-10-14T16:06:57+00:00","description":"Mais de 90 ag\u00eancias de viagem online usadas por viajantes e meios de hospedagem. Ag\u00eancias globais, regionais e de nicho.","breadcrumb":{"@id":"https:\/\/www.cloudbeds.com\/pt-br\/agencias-de-viagem-online\/diretorio\/#breadcrumb"},"inLanguage":"pt-BR","potentialAction":[{"@type":"ReadAction","target":["https:\/\/www.cloudbeds.com\/pt-br\/agencias-de-viagem-online\/diretorio\/"]}]},{"@type":"ImageObject","inLanguage":"pt-BR","@id":"https:\/\/www.cloudbeds.com\/pt-br\/agencias-de-viagem-online\/diretorio\/#primaryimage","url":"https:\/\/www.cloudbeds.com\/wp-content\/uploads\/2023\/10\/featured_directory.png","contentUrl":"https:\/\/www.cloudbeds.com\/wp-content\/uploads\/2023\/10\/featured_directory.png","width":1200,"height":630,"caption":"OTA Directory"},{"@type":"BreadcrumbList","@id":"https:\/\/www.cloudbeds.com\/pt-br\/agencias-de-viagem-online\/diretorio\/#breadcrumb","itemListElement":[{"@type":"ListItem","position":1,"name":"Home","item":"https:\/\/www.cloudbeds.com\/pt-br\/"},{"@type":"ListItem","position":2,"name":"O que s\u00e3o as ag\u00eancias de viagem online? O guia definitivo das OTAs","item":"https:\/\/www.cloudbeds.com\/pt-br\/agencias-de-viagem-online\/"},{"@type":"ListItem","position":3,"name":"Lista de ag\u00eancias de viagem online (diret\u00f3rio de OTAs)"}]},{"@type":"WebSite","@id":"https:\/\/www.cloudbeds.com\/#website","url":"https:\/\/www.cloudbeds.com\/","name":"Cloudbeds","description":"#1 Hotel Management Software - Cloud-Based, Unified Platform","publisher":{"@id":"https:\/\/www.cloudbeds.com\/#organization"},"potentialAction":[{"@type":"SearchAction","target":{"@type":"EntryPoint","urlTemplate":"https:\/\/www.cloudbeds.com\/?s={search_term_string}"},"query-input":{"@type":"PropertyValueSpecification","valueRequired":true,"valueName":"search_term_string"}}],"inLanguage":"pt-BR"},{"@type":"Organization","@id":"https:\/\/www.cloudbeds.com\/#organization","name":"Cloudbeds","alternateName":"Cloudbeds Digital Arbitrage","url":"https:\/\/www.cloudbeds.com\/","logo":{"@type":"ImageObject","inLanguage":"pt-BR","@id":"https:\/\/www.cloudbeds.com\/#\/schema\/logo\/image\/","url":"https:\/\/www.cloudbeds.com\/wp-content\/uploads\/2025\/08\/logo-footer.svg","contentUrl":"https:\/\/www.cloudbeds.com\/wp-content\/uploads\/2025\/08\/logo-footer.svg","width":240,"height":35,"caption":"Cloudbeds"},"image":{"@id":"https:\/\/www.cloudbeds.com\/#\/schema\/logo\/image\/"},"sameAs":["https:\/\/www.facebook.com\/Cloudbeds\/","https:\/\/x.com\/Cloudbeds","https:\/\/www.linkedin.com\/company\/cloudbeds\/","https:\/\/www.youtube.com\/channel\/UCyfR7GappZBy-uziWO9WLdQ"],"description":"Cloudbeds is hospitality\u2019s only intelligent growth engine \u2014 a unified platform trusted by the world\u2019s most ambitious hoteliers across 150 countries. Built to challenge the limits of outdated tech stacks, Cloudbeds connects operations, revenue, distribution, and guest experience in one powerful, intuitive system. The platform is enhanced with Signals, a hospitality AI model giving hoteliers the power to anticipate demand, run smarter operations, and craft more personal, profitable guest journeys at scale. Founded in 2012, Cloudbeds has earned top honors from Hotel Tech Report (Top PMS, Hotel Management System, and Channel Manager, 2021\u20132026), the World Travel Awards (World\u2019s Best Hotel PMS Solutions Provider, 2022), and Deloitte\u2019s Technology Fast 500 (2025).","legalName":"Cloudbeds Digital Arbitrage","foundingDate":"2012-10-10","numberOfEmployees":{"@type":"QuantitativeValue","minValue":"501","maxValue":"1000"},"publishingPrinciples":"https:\/\/www.cloudbeds.com\/es\/centro-recursos\/","ownershipFundingInfo":"https:\/\/www.cloudbeds.com\/our-story\/"}]}},"_links":{"self":[{"href":"https:\/\/www.cloudbeds.com\/pt-br\/wp-json\/wp\/v2\/pages\/50935","targetHints":{"allow":["GET"]}}],"collection":[{"href":"https:\/\/www.cloudbeds.com\/pt-br\/wp-json\/wp\/v2\/pages"}],"about":[{"href":"https:\/\/www.cloudbeds.com\/pt-br\/wp-json\/wp\/v2\/types\/page"}],"author":[{"embeddable":true,"href":"https:\/\/www.cloudbeds.com\/pt-br\/wp-json\/wp\/v2\/users\/93"}],"replies":[{"embeddable":true,"href":"https:\/\/www.cloudbeds.com\/pt-br\/wp-json\/wp\/v2\/comments?post=50935"}],"version-history":[{"count":0,"href":"https:\/\/www.cloudbeds.com\/pt-br\/wp-json\/wp\/v2\/pages\/50935\/revisions"}],"up":[{"embeddable":true,"href":"https:\/\/www.cloudbeds.com\/pt-br\/wp-json\/wp\/v2\/pages\/50687"}],"wp:featuredmedia":[{"embeddable":true,"href":"https:\/\/www.cloudbeds.com\/pt-br\/wp-json\/wp\/v2\/media\/37357"}],"wp:attachment":[{"href":"https:\/\/www.cloudbeds.com\/pt-br\/wp-json\/wp\/v2\/media?parent=50935"}],"wp:term":[{"taxonomy":"category","embeddable":true,"href":"https:\/\/www.cloudbeds.com\/pt-br\/wp-json\/wp\/v2\/categories?post=50935"},{"taxonomy":"wf_page_folders","embeddable":true,"href":"https:\/\/www.cloudbeds.com\/pt-br\/wp-json\/wp\/v2\/wf_page_folders?post=50935"}],"curies":[{"name":"wp","href":"https:\/\/api.w.org\/{rel}","templated":true}]}}